{"id":36175,"date":"2021-08-24T07:56:58","date_gmt":"2021-08-24T07:56:58","guid":{"rendered":"https:\/\/www.headshop.nl\/?post_type=product&#038;p=36175"},"modified":"2025-10-16T07:04:01","modified_gmt":"2025-10-16T07:04:01","slug":"thai-magic-mushroom-spores","status":"publish","type":"product","link":"https:\/\/www.headshop.nl\/fr\/thai-magic-mushroom-spores\/","title":{"rendered":"Thai Spores de champignons magiques"},"content":{"rendered":"<h2 dir=\"auto\">Qu'est-ce que les spores de champignon magique Thai ?<\/h2>\n<p dir=\"auto\">Les spores du champignon magique Thai, \u00e9galement connu sous le nom de Koh Samui, proviennent de l'\u00eele tropicale de Thailand, Koh Samui. V\u00e9n\u00e9r\u00e9es pour leur importance culturelle, ces spores de Psilocybe Cubensis sont livr\u00e9es dans une ampoule de culture st\u00e9rile de 5 ml, offrant une solution pr\u00eate \u00e0 l'emploi qui r\u00e9duit les risques de contamination par rapport aux empreintes de spores ou aux seringues. Contenant du myc\u00e9lium 100%, de la vermiculite et de la perlite, elles assurent une croissance robuste lorsqu'elles sont inocul\u00e9es dans un substrat. C\u00e9l\u00e9br\u00e9es lors du festival de la pleine lune de Thailand en tant que \"champignons de nuage\" pour les exp\u00e9riences spirituelles, ces spores offrent un moyen s\u00fbr et accessible de cultiver des champignons et de se connecter aux traditions de Thai. Id\u00e9ales pour les d\u00e9butants et les cultivateurs chevronn\u00e9s, elles promettent un voyage transformateur lorsqu'elles sont conserv\u00e9es dans un environnement sombre et r\u00e9frig\u00e9r\u00e9 (2-8\u00b0C).<\/p>\n<h2 dir=\"auto\">Historique de Thai Magic Mushroom Spores<\/h2>\n<p dir=\"auto\">D\u00e9couvertes en 1991 par l'ethnobotaniste John Allen \u00e0 Koh Samui, les spores de champignons magiques Thai, ou \"champignons des nuages\", sont profond\u00e9ment enracin\u00e9es dans les pratiques spirituelles Thai, en particulier lors du festival de la pleine lune. Ces c\u00e9r\u00e9monies unissaient les communaut\u00e9s dans une connexion divine gr\u00e2ce aux propri\u00e9t\u00e9s sacr\u00e9es des champignons. Les d\u00e9couvertes d'Allen ont permis d'introduire cette vari\u00e9t\u00e9 dans le monde entier, o\u00f9 sa puissance et sa facilit\u00e9 de culture ont \u00e9t\u00e9 salu\u00e9es. La mise au point de l'ampoule de culture a permis d'am\u00e9liorer l'accessibilit\u00e9 en minimisant les risques de contamination. Alliant l'h\u00e9ritage spirituel du Thailand \u00e0 la mycologie moderne, ces spores restent un lien pr\u00e9cieux avec les traditions anciennes et l'exploration personnelle, offrant une culture fiable aux amateurs du monde entier.<\/p>\n<h2 dir=\"auto\">Comment utiliser les spores de champignons magiques Thai<\/h2>\n<p dir=\"auto\">L'utilisation des spores du champignon magique Thai est simple gr\u00e2ce \u00e0 l'ampoule de culture st\u00e9rile. Lavez-vous soigneusement les mains et nettoyez l'ext\u00e9rieur de l'ampoule avec un tampon d'alcool st\u00e9rile. Dans un environnement propre, ouvrez l'emballage de la seringue st\u00e9rile, desserrez l\u00e9g\u00e8rement le bouchon de l'ampoule et aspirez la culture \u00e0 travers le joint en caoutchouc. Injecter dans le substrat et conserver \u00e0 temp\u00e9rature ambiante. La croissance du myc\u00e9lium appara\u00eet en quelques jours, ce qui indique que la culture est r\u00e9ussie. Maintenez un espace de travail st\u00e9rile et cultivez dans un environnement int\u00e9rieur s\u00fbr avec un compagnon de confiance. Le respect pr\u00e9cis de ces \u00e9tapes garantit une exp\u00e9rience de culture enrichissante, vous reliant \u00e0 l'h\u00e9ritage sacr\u00e9 des spores.<\/p>\n<h2 dir=\"auto\">Ingr\u00e9dients de Thai Spores de champignons magiques<\/h2>\n<p dir=\"auto\">Chaque ampoule de culture de 5 ml contient du myc\u00e9lium 100% de la souche Koh Samui, m\u00e9lang\u00e9 \u00e0 de la vermiculite pour la r\u00e9tention d'humidit\u00e9 et \u00e0 de la perlite pour l'a\u00e9ration et le drainage. Cette formulation st\u00e9rile et r\u00e9sistante \u00e0 la contamination favorise une croissance robuste du myc\u00e9lium en utilisant des composants naturels de haute qualit\u00e9. La conception de l'ampoule garantit sa puret\u00e9 et sa puissance, ce qui la rend facile \u00e0 utiliser pour tous les cultivateurs. Conserver dans un environnement sombre et r\u00e9frig\u00e9r\u00e9 (2-8\u00b0C) pour pr\u00e9server la viabilit\u00e9. Ce m\u00e9lange \u00e9quilibr\u00e9 de myc\u00e9lium, de vermiculite et de perlite offre un produit fiable et efficace, permettant d'explorer la tradition du \"champignon nuage\" de Thailand avec facilit\u00e9 et coh\u00e9rence.<\/p>\n<p dir=\"auto\"><strong>Avertissement<\/strong><\/p>\n<p dir=\"auto\">Manipuler les spores de champignon magique Thai de mani\u00e8re responsable et les tenir hors de port\u00e9e des enfants. Conserver dans un environnement sombre et r\u00e9frig\u00e9r\u00e9 (2-8\u00b0C) pour maintenir la viabilit\u00e9. Utiliser dans un environnement s\u00fbr, \u00e0 l'int\u00e9rieur, en pr\u00e9sence d'un compagnon de confiance. Ne pas utiliser en cas de grossesse ou d'allaitement en raison des risques potentiels. L'utilisation de ce produit nuit \u00e0 la conduite ou \u00e0 l'utilisation de machines. \u00c9viter la combinaison avec l'alcool, les drogues ou les m\u00e9dicaments afin d'\u00e9viter des effets impr\u00e9visibles. Ne convient pas aux personnes de moins de 18 ans. Suivre attentivement les instructions de culture pour \u00e9viter toute contamination et garantir une utilisation s\u00fbre.<\/p>","protected":false},"excerpt":{"rendered":"<p>Thai Magic Mushroom Spores est parfaite pour les d\u00e9butants qui souhaitent entreprendre leur tout premier voyage psych\u00e9d\u00e9lique renforc\u00e9 par des champignons. Vous obtiendrez un high corporel plus fort, de l\u00e9gers effets sociaux, et c'est une vari\u00e9t\u00e9 de champignon magique \u00e0 croissance rapide ! Procurez-vous nos spores de champignon magique Thai de haute qualit\u00e9 et commencez \u00e0 cultiver d\u00e8s aujourd'hui !<\/p>","protected":false},"featured_media":36164,"template":"","meta":[],"product_brand":[],"product_cat":[399,297,403,398,384],"product_tag":[978],"class_list":{"0":"post-36175","1":"product","2":"type-product","3":"status-publish","4":"has-post-thumbnail","6":"product_cat-shroomshop","7":"product_cat-all-products","8":"product_cat-magic-mushroom-spore-syringes","9":"product_cat-mushrooms","10":"product_cat-smartshop","11":"product_tag-shrdeal","12":"product_shipping_class-group-7","14":"first","15":"instock","16":"taxable","17":"shipping-taxable","18":"purchasable","19":"product-type-variable","20":"has-default-attributes"},"_links":{"self":[{"href":"https:\/\/www.headshop.nl\/fr\/wp-json\/wp\/v2\/product\/36175","targetHints":{"allow":["GET"]}}],"collection":[{"href":"https:\/\/www.headshop.nl\/fr\/wp-json\/wp\/v2\/product"}],"about":[{"href":"https:\/\/www.headshop.nl\/fr\/wp-json\/wp\/v2\/types\/product"}],"wp:featuredmedia":[{"embeddable":true,"href":"https:\/\/www.headshop.nl\/fr\/wp-json\/wp\/v2\/media\/36164"}],"wp:attachment":[{"href":"https:\/\/www.headshop.nl\/fr\/wp-json\/wp\/v2\/media?parent=36175"}],"wp:term":[{"taxonomy":"product_brand","embeddable":true,"href":"https:\/\/www.headshop.nl\/fr\/wp-json\/wp\/v2\/product_brand?post=36175"},{"taxonomy":"product_cat","embeddable":true,"href":"https:\/\/www.headshop.nl\/fr\/wp-json\/wp\/v2\/product_cat?post=36175"},{"taxonomy":"product_tag","embeddable":true,"href":"https:\/\/www.headshop.nl\/fr\/wp-json\/wp\/v2\/product_tag?post=36175"}],"curies":[{"name":"wp","href":"https:\/\/api.w.org\/{rel}","templated":true}]}}