{"id":36039,"date":"2021-08-23T11:55:28","date_gmt":"2021-08-23T11:55:28","guid":{"rendered":"https:\/\/www.headshop.nl\/?post_type=product&#038;p=36039"},"modified":"2025-10-16T07:02:44","modified_gmt":"2025-10-16T07:02:44","slug":"hawaiian-magic-mushroom-grow-kit","status":"publish","type":"product","link":"https:\/\/www.headshop.nl\/fr\/hawaiian-magic-mushroom-grow-kit\/","title":{"rendered":"Hawaiian Kit de culture de champignons magiques"},"content":{"rendered":"<h2 class=\"\" dir=\"auto\">Qu'est-ce que les champignons magiques Hawaiian ?<\/h2>\n<p class=\"break-words\" dir=\"auto\">Hawaiian Les champignons magiques, ou Copelandia Cyanescens, sont une vari\u00e9t\u00e9 rare et puissante connue pour ses effets visuels intenses et ses exp\u00e9riences durables malgr\u00e9 leur petite taille. Tr\u00e8s appr\u00e9ci\u00e9s par les cultivateurs exp\u00e9riment\u00e9s, ces champignons produisent des effets puissants avec un dosage minimal, ce qui en fait un ajout unique au monde des psych\u00e9d\u00e9liques.<\/p>\n<p class=\"break-words\" dir=\"auto\">Le kit de culture Hawaiian Magic Mushroom simplifie la culture \u00e0 domicile. Il comprend un kit de culture, un sac de culture filtr\u00e9, des plateaux de terre et un trombone. En accordant une attention particuli\u00e8re \u00e0 la temp\u00e9rature et \u00e0 l'humidit\u00e9, les cultivateurs peuvent obtenir jusqu'\u00e0 100 grammes en plusieurs fois, ce qui offre aux cultivateurs chevronn\u00e9s comme aux d\u00e9butants aventureux la possibilit\u00e9 d'explorer cette vari\u00e9t\u00e9 remarquable.<\/p>\n<h2 class=\"\" dir=\"auto\">Histoire des champignons magiques Hawaiian<\/h2>\n<p class=\"break-words\" dir=\"auto\">Originaires des paysages tropicaux d'Hawa\u00ef, les champignons magiques Hawaiian, connus sous le nom de Copelandia Cyanescens, ont une histoire riche li\u00e9e aux pratiques spirituelles indig\u00e8nes. V\u00e9n\u00e9r\u00e9s depuis des si\u00e8cles, ces champignons ont \u00e9t\u00e9 utilis\u00e9s lors de c\u00e9r\u00e9monies pour induire une profonde introspection et une connexion avec la nature, ce qui leur a valu la r\u00e9putation de \"Saint Graal\" des champignons magiques.<\/p>\n<p class=\"break-words\" dir=\"auto\">Les progr\u00e8s modernes de la mycologie ont rendu la culture accessible gr\u00e2ce au kit de culture de champignons magiques Hawaiian, qui associe d'anciens compos\u00e9s psychoactifs \u00e0 une technologie conviviale. Leur processus de culture difficile, en raison de leur sensibilit\u00e9, continue de captiver les cultivateurs qui cherchent \u00e0 faire le lien entre les pratiques traditionnelles et l'exploration contemporaine de leurs effets vifs et prolong\u00e9s.<\/p>\n<h2 class=\"\" dir=\"auto\">Comment utiliser les champignons magiques Hawaiian<\/h2>\n<p class=\"break-words\" dir=\"auto\">La culture des champignons magiques Hawaiian n\u00e9cessite une approche m\u00e9ticuleuse mais simple \u00e0 l'aide du kit de culture fourni. Commencez par avoir les mains propres, \u00e9talez la terre uniform\u00e9ment dans le kit, brumisez-la jusqu'\u00e0 ce qu'elle soit tr\u00e8s humide et placez-la dans le sac de culture filtr\u00e9, en le fixant \u00e0 l'aide d'un trombone. Une brumisation quotidienne et un rafra\u00eechissement de l'oxyg\u00e8ne en pressant le sac sont essentiels pour maintenir l'humidit\u00e9 et la qualit\u00e9 de l'air.<\/p>\n<p class=\"break-words\" dir=\"auto\">Les champignons se forment au bout de 6 \u00e0 11 jours ; apr\u00e8s cela, retirez le kit du sac, ne vaporisez que l'int\u00e9rieur du sac et r\u00e9coltez 36 heures apr\u00e8s l'apparition des spores noires, g\u00e9n\u00e9ralement 5 \u00e0 7 jours apr\u00e8s le d\u00e9but de la croissance, en les cassant \u00e0 la base. R\u00e9p\u00e9tez le processus de brumisation pour des pouss\u00e9es suppl\u00e9mentaires, en assurant un soin constant pour maximiser le rendement sensible mais gratifiant du kit.<\/p>\n<h2 class=\"\" dir=\"auto\">Ingr\u00e9dients de Hawaiian Champignons magiques<\/h2>\n<p class=\"break-words\" dir=\"auto\">Le kit de culture de champignons magiques Hawaiian contient tous les \u00e9l\u00e9ments essentiels pour la culture de Copelandia Cyanescens, y compris un kit de culture pr\u00e9par\u00e9 \u00e0 l'avance avec un substrat optimis\u00e9, deux plateaux de terre, un sac de culture filtr\u00e9 et un trombone. La psilocybine contenue dans les champignons, qui se transforme en psilocine dans le corps, produit des effets hallucinog\u00e8nes en interagissant avec les r\u00e9cepteurs de la s\u00e9rotonine, influen\u00e7ant ainsi l'humeur et la perception.<\/p>\n<p class=\"break-words\" dir=\"auto\">Ne n\u00e9cessitant que de l'eau et un entretien minutieux, le substrat fournit des nutriments id\u00e9aux pour ces champignons sensibles, \u00e9liminant ainsi la n\u00e9cessit\u00e9 d'un \u00e9quipement complexe. La conception tout-en-un met l'accent sur la propret\u00e9 et la pr\u00e9cision, permettant aux cultivateurs d'obtenir des rendements puissants avec des effets visuels importants gr\u00e2ce au contr\u00f4le de la temp\u00e9rature, de l'humidit\u00e9 et des niveaux d'oxyg\u00e8ne.<\/p>\n<p dir=\"auto\"><strong>Avertissement : Informations relatives \u00e0 la s\u00e9curit\u00e9<\/strong><\/p>\n<p class=\"break-words\" dir=\"auto\">Hawaiian Les champignons magiques contiennent de la psilocybine et de la psilocine, de puissants hallucinog\u00e8nes qui peuvent provoquer des hallucinations et des \u00e9tats de conscience alt\u00e9r\u00e9s en affectant le syst\u00e8me s\u00e9rotoninergique du cerveau. Manipuler et consommer avec pr\u00e9caution en raison de leurs fortes propri\u00e9t\u00e9s psychoactives.<\/p>\n<p class=\"break-words\" dir=\"auto\">Conservez les champignons et le kit de culture hors de port\u00e9e des enfants pour \u00e9viter toute ingestion accidentelle. Maintenez un environnement propre pour \u00e9viter toute contamination et r\u00e9frig\u00e9rez le kit de culture pour pr\u00e9server sa dur\u00e9e de vie de 6 semaines, car la viabilit\u00e9 est limit\u00e9e en dehors de la r\u00e9frig\u00e9ration.<\/p>","protected":false},"excerpt":{"rendered":"<p>L'une des vari\u00e9t\u00e9s de champignons magiques les plus puissantes qui existe et qui vous donnera des trips \"amicaux\" avec une gamme compl\u00e8te de variations. Exp\u00e9rience spirituelle intense avec suffisamment de distorsions visuelles. Il ne s'agit pas d'une vari\u00e9t\u00e9 de psilocybe cubensis, qui est parfaite pour les psychonautes d\u00e9j\u00e0 exp\u00e9riment\u00e9s et qui veulent ajouter une nouvelle puissance \u00e0 leur voyage. Elles sont tr\u00e8s tr\u00e8s tr\u00e8s fortes. S\u00e9rieusement.<\/p>","protected":false},"featured_media":36097,"template":"","meta":[],"product_brand":[],"product_cat":[399,297,400,398,384,834],"product_tag":[978],"class_list":{"0":"post-36039","1":"product","2":"type-product","3":"status-publish","4":"has-post-thumbnail","6":"product_cat-shroomshop","7":"product_cat-all-products","8":"product_cat-magic-mushroom-grow-kits","9":"product_cat-mushrooms","10":"product_cat-smartshop","11":"product_cat-strong-magic-mushrooms","12":"product_tag-shrdeal","13":"product_shipping_class-group-7","15":"first","16":"instock","17":"taxable","18":"shipping-taxable","19":"purchasable","20":"product-type-variable","21":"has-default-attributes"},"_links":{"self":[{"href":"https:\/\/www.headshop.nl\/fr\/wp-json\/wp\/v2\/product\/36039","targetHints":{"allow":["GET"]}}],"collection":[{"href":"https:\/\/www.headshop.nl\/fr\/wp-json\/wp\/v2\/product"}],"about":[{"href":"https:\/\/www.headshop.nl\/fr\/wp-json\/wp\/v2\/types\/product"}],"wp:featuredmedia":[{"embeddable":true,"href":"https:\/\/www.headshop.nl\/fr\/wp-json\/wp\/v2\/media\/36097"}],"wp:attachment":[{"href":"https:\/\/www.headshop.nl\/fr\/wp-json\/wp\/v2\/media?parent=36039"}],"wp:term":[{"taxonomy":"product_brand","embeddable":true,"href":"https:\/\/www.headshop.nl\/fr\/wp-json\/wp\/v2\/product_brand?post=36039"},{"taxonomy":"product_cat","embeddable":true,"href":"https:\/\/www.headshop.nl\/fr\/wp-json\/wp\/v2\/product_cat?post=36039"},{"taxonomy":"product_tag","embeddable":true,"href":"https:\/\/www.headshop.nl\/fr\/wp-json\/wp\/v2\/product_tag?post=36039"}],"curies":[{"name":"wp","href":"https:\/\/api.w.org\/{rel}","templated":true}]}}