{"id":36035,"date":"2021-08-23T11:55:25","date_gmt":"2021-08-23T11:55:25","guid":{"rendered":"https:\/\/www.headshop.nl\/?post_type=product&#038;p=36035"},"modified":"2025-10-16T07:02:44","modified_gmt":"2025-10-16T07:02:44","slug":"ecuadorian-magic-mushroom-grow-kit","status":"publish","type":"product","link":"https:\/\/www.headshop.nl\/fr\/ecuadorian-magic-mushroom-grow-kit\/","title":{"rendered":"Ecuadorian Kit de culture de champignons magiques"},"content":{"rendered":"<h2 class=\"\" dir=\"auto\">Que sont les kits de culture tout-en-un Ecuadorian ?<\/h2>\n<p class=\"break-words\" dir=\"auto\">Le kit de culture tout-en-un Ecuadorian est une solution conviviale pour cultiver des champignons magiques Ecuadorian de haute qualit\u00e9, id\u00e9ale pour les cultivateurs novices et exp\u00e9riment\u00e9s. Il comprend un plateau de culture, un sac de culture avec des filtres \u00e0 air et deux trombones, ne n\u00e9cessitant que de l'eau pour produire des champignons puissants connus pour leurs effets purs et vibrants.<\/p>\n<p class=\"break-words\" dir=\"auto\">Avec des soins appropri\u00e9s, le kit permet jusqu'\u00e0 trois r\u00e9coltes, la premi\u00e8re donnant environ 400 grammes \u00e0 partir d'un kit de 1200 cm3. R\u00e9frig\u00e9r\u00e9, il reste viable pendant six mois, offrant un moyen fiable de cultiver des champignons magiques frais et authentiques \u00e0 la maison pour une exp\u00e9rience psych\u00e9d\u00e9lique propre et agr\u00e9able.<\/p>\n<h2 class=\"\" dir=\"auto\">Historique des kits de culture tout-en-un Ecuadorian<\/h2>\n<p class=\"break-words\" dir=\"auto\">Enracin\u00e9s dans les traditions sud-am\u00e9ricaines, les champignons magiques Ecuadorian sont utilis\u00e9s depuis des si\u00e8cles par les communaut\u00e9s indig\u00e8nes Ecuadorian dans des rituels spirituels et m\u00e9dicinaux pour se connecter \u00e0 la nature et au divin. Le kit de culture moderne \"tout-en-un\", lanc\u00e9 par des entreprises comme Mcsmart, est apparu \u00e0 la fin du XXe si\u00e8cle, rendant ces champignons culturellement significatifs accessibles \u00e0 la culture domestique.<\/p>\n<p class=\"break-words\" dir=\"auto\">La souche Ecuadorian, appr\u00e9ci\u00e9e pour sa puissance \u00e9quilibr\u00e9e et ses effets propres similaires aux vari\u00e9t\u00e9s Colombian, b\u00e9n\u00e9ficie d'ann\u00e9es de culture raffin\u00e9e. Le kit allie l'h\u00e9ritage ancien \u00e0 l'innovation moderne, r\u00e9pondant ainsi \u00e0 la demande croissante de champignons magiques de haute qualit\u00e9 cultiv\u00e9s \u00e0 la maison, tout en honorant leur signification historique.<\/p>\n<h2 class=\"\" dir=\"auto\">Comment utiliser les kits de culture tout-en-un Ecuadorian<\/h2>\n<p class=\"break-words\" dir=\"auto\">Pour utiliser le kit de culture Ecuadorian All-in-One, commencez par vous laver les mains et par nettoyer l'ext\u00e9rieur du kit avec un chiffon sec. Faites tremper le plateau dans de l'eau ti\u00e8de (20\u00b0C) pendant cinq minutes, \u00e9gouttez-le et placez-le dans le sac de culture avec 200-250 ml d'eau, en le fermant avec des trombones. Conservez le sac \u00e0 20-25\u00b0C, \u00e0 l'abri de la lumi\u00e8re du soleil ou de la chaleur, jusqu'\u00e0 ce que des t\u00eates d'\u00e9pingle se forment, au bout de 10-20 jours.<\/p>\n<p class=\"break-words\" dir=\"auto\">D\u00e8s l'apparition de t\u00eates d'\u00e9pingle, a\u00e9rez le sac tous les jours et brumisez-le l\u00e9g\u00e8rement. R\u00e9coltez les champignons juste avant que le voile ne se brise en les faisant sortir doucement, et r\u00e9p\u00e9tez le processus jusqu'\u00e0 trois fois. Cette m\u00e9thode simple permet d'obtenir des champignons magiques Ecuadorian frais et puissants avec un minimum d'efforts.<\/p>\n<h2 class=\"\" dir=\"auto\">Ingr\u00e9dients des kits de culture tout-en-un Ecuadorian<\/h2>\n<p class=\"break-words\" dir=\"auto\">Le kit de culture tout-en-un Ecuadorian comprend un substrat pr\u00e9-inocul\u00e9 avec le myc\u00e9lium du champignon magique Ecuadorian, fabriqu\u00e9 \u00e0 partir de mat\u00e9riaux organiques tels que le grain, la paille ou le compost pour favoriser une croissance robuste. Le kit comprend un sac de culture avec des filtres \u00e0 air et deux trombones pour maintenir l'humidit\u00e9 et pr\u00e9venir la contamination, et ne n\u00e9cessite que de l'eau ti\u00e8de pour d\u00e9marrer.<\/p>\n<p class=\"break-words\" dir=\"auto\">Aucun additif synth\u00e9tique n'est utilis\u00e9, ce qui garantit un processus de culture naturel qui pr\u00e9serve la puissance de la psilocybine des champignons. Les effets nets et vibrants de la souche Ecuadorian sont inh\u00e9rents au myc\u00e9lium, ce qui fait de ce kit bien con\u00e7u un outil simple mais efficace pour des r\u00e9coltes de haute qualit\u00e9.<\/p>\n<p dir=\"auto\"><strong>Avertissement : Manipulation et stockage en toute s\u00e9curit\u00e9<\/strong><\/p>\n<p class=\"break-words\" dir=\"auto\">Ecuadorian Les champignons magiques contiennent de la psilocybine et de la psilocine, de puissants hallucinog\u00e8nes qui modifient la conscience, l'humeur et la perception en affectant les niveaux de s\u00e9rotonine. A consommer avec pr\u00e9caution dans un environnement s\u00fbr en raison de leurs effets puissants.<\/p>\n<p class=\"break-words\" dir=\"auto\">Conservez le kit et les champignons hors de port\u00e9e des enfants et des animaux domestiques afin d'\u00e9viter toute ingestion accidentelle. Consultez un professionnel de la sant\u00e9 avant toute utilisation, en particulier si vous avez des probl\u00e8mes de sant\u00e9 ou si vous prenez des m\u00e9dicaments, afin de garantir une manipulation et une consommation s\u00fbres.<\/p>","protected":false},"excerpt":{"rendered":"<p>Les champignons magiques Ecuadorian sont le choix id\u00e9al pour tous ceux qui recherchent une exp\u00e9rience spirituelle et introspective. Ils sont tr\u00e8s peu visuels, ce qui signifie qu'ils sont parfaits si vous souhaitez vous concentrer sur des pens\u00e9es philosophiques profondes plut\u00f4t que sur des hallucinations de couleurs vives ou d'animaux qui courent dans votre t\u00eate !<\/p>","protected":false},"featured_media":36085,"template":"","meta":[],"product_brand":[],"product_cat":[399,297,400,398,384,834],"product_tag":[978],"class_list":{"0":"post-36035","1":"product","2":"type-product","3":"status-publish","4":"has-post-thumbnail","6":"product_cat-shroomshop","7":"product_cat-all-products","8":"product_cat-magic-mushroom-grow-kits","9":"product_cat-mushrooms","10":"product_cat-smartshop","11":"product_cat-strong-magic-mushrooms","12":"product_tag-shrdeal","13":"product_shipping_class-group-7","15":"first","16":"instock","17":"taxable","18":"shipping-taxable","19":"purchasable","20":"product-type-variable","21":"has-default-attributes"},"_links":{"self":[{"href":"https:\/\/www.headshop.nl\/fr\/wp-json\/wp\/v2\/product\/36035","targetHints":{"allow":["GET"]}}],"collection":[{"href":"https:\/\/www.headshop.nl\/fr\/wp-json\/wp\/v2\/product"}],"about":[{"href":"https:\/\/www.headshop.nl\/fr\/wp-json\/wp\/v2\/types\/product"}],"wp:featuredmedia":[{"embeddable":true,"href":"https:\/\/www.headshop.nl\/fr\/wp-json\/wp\/v2\/media\/36085"}],"wp:attachment":[{"href":"https:\/\/www.headshop.nl\/fr\/wp-json\/wp\/v2\/media?parent=36035"}],"wp:term":[{"taxonomy":"product_brand","embeddable":true,"href":"https:\/\/www.headshop.nl\/fr\/wp-json\/wp\/v2\/product_brand?post=36035"},{"taxonomy":"product_cat","embeddable":true,"href":"https:\/\/www.headshop.nl\/fr\/wp-json\/wp\/v2\/product_cat?post=36035"},{"taxonomy":"product_tag","embeddable":true,"href":"https:\/\/www.headshop.nl\/fr\/wp-json\/wp\/v2\/product_tag?post=36035"}],"curies":[{"name":"wp","href":"https:\/\/api.w.org\/{rel}","templated":true}]}}