{"id":36027,"date":"2021-08-23T11:55:17","date_gmt":"2021-08-23T11:55:17","guid":{"rendered":"https:\/\/www.headshop.nl\/?post_type=product&#038;p=36027"},"modified":"2025-10-16T07:02:45","modified_gmt":"2025-10-16T07:02:45","slug":"colombian-magic-mushroom-grow-kit","status":"publish","type":"product","link":"https:\/\/www.headshop.nl\/fr\/colombian-magic-mushroom-grow-kit\/","title":{"rendered":"Colombian Kit de culture de champignons magiques"},"content":{"rendered":"<h2 class=\"\" dir=\"auto\">Que sont les kits de culture tout-en-un Colombian ?<\/h2>\n<p class=\"break-words\" dir=\"auto\">Le kit de culture tout-en-un Colombian est un ensemble complet pour la culture de puissants champignons magiques \u00e0 la maison, parfait pour ceux qui recherchent une exp\u00e9rience psych\u00e9d\u00e9lique vivante et immersive. Contrairement aux vari\u00e9t\u00e9s plus douces comme le Mexican ou le Thai, les champignons Colombian offrent un voyage plus profond et plus intense, renforc\u00e9 par un kit facile \u00e0 utiliser qui comprend une bo\u00eete de culture, un sac de culture avec des filtres \u00e0 air et deux trombones, et qui ne n\u00e9cessite que de l'eau pour d\u00e9marrer.<\/p>\n<p class=\"break-words\" dir=\"auto\">Capable de produire jusqu'\u00e0 trois r\u00e9coltes, la premi\u00e8re produisant g\u00e9n\u00e9ralement environ 400 grammes \u00e0 partir d'un kit de 1200 cm3, ce produit est \u00e0 la fois accessible et gratifiant. Conserv\u00e9 au r\u00e9frig\u00e9rateur, le kit reste viable jusqu'\u00e0 six mois, ce qui en fait un excellent choix pour les d\u00e9butants et les cultivateurs exp\u00e9riment\u00e9s d\u00e9sireux d'obtenir des r\u00e9sultats constants et de haute qualit\u00e9.<\/p>\n<h2 class=\"\" dir=\"auto\">Historique des kits de culture tout-en-un Colombian<\/h2>\n<p class=\"break-words\" dir=\"auto\">Enracin\u00e9s dans le riche patrimoine culturel de la Colombie, les champignons magiques Colombian sont utilis\u00e9s depuis des si\u00e8cles par les communaut\u00e9s indig\u00e8nes dans le cadre de rituels spirituels pour acc\u00e9der \u00e0 des \u00e9tats de conscience sup\u00e9rieurs. Connus pour leur puissante teneur en psilocybine, ces champignons ont attir\u00e9 l'attention du monde entier gr\u00e2ce aux progr\u00e8s de la mycologie, ce qui a conduit \u00e0 la cr\u00e9ation de kits de culture tout-en-un \u00e0 la fin du XXe si\u00e8cle, afin de simplifier la culture \u00e0 domicile.<\/p>\n<p class=\"break-words\" dir=\"auto\">Le kit de culture tout-en-un Colombian associe les connaissances traditionnelles \u00e0 l'innovation moderne, offrant un moyen fiable de cultiver des champignons aux effets intenses v\u00e9n\u00e9r\u00e9s depuis des g\u00e9n\u00e9rations. Son d\u00e9veloppement refl\u00e8te la d\u00e9mocratisation de la culture, permettant aux amateurs du monde entier d'exp\u00e9rimenter la puissance unique et l'importance culturelle de cette vari\u00e9t\u00e9 gr\u00e2ce \u00e0 un syst\u00e8me rationalis\u00e9 et de haute qualit\u00e9.<\/p>\n<h2 class=\"\" dir=\"auto\">Comment utiliser les kits de culture tout-en-un Colombian<\/h2>\n<p class=\"break-words\" dir=\"auto\">Pour utiliser le kit de culture Colombian All-in-One, commencez par nettoyer vos mains et l'ext\u00e9rieur du kit, puis retirez et conservez le couvercle. Faites tremper le kit dans de l'eau ti\u00e8de (20\u00b0C) pendant cinq minutes avec le couvercle, \u00e9gouttez-le pendant 10 secondes et placez-le dans le sac de culture avec 200-250 ml d'eau, en le scellant avec des trombones. Conserver \u00e0 20-25\u00b0C, en \u00e9vitant la lumi\u00e8re du soleil ou la chaleur, jusqu'\u00e0 ce que les t\u00eates d'\u00e9pingle se forment en 10-20 jours.<\/p>\n<p class=\"break-words\" dir=\"auto\">D\u00e8s que des t\u00eates d'\u00e9pingle apparaissent, a\u00e9rez le sac tous les jours et brumisez-le l\u00e9g\u00e8rement. R\u00e9coltez les champignons juste avant que le voile ne se brise en les tordant, en r\u00e9p\u00e9tant le processus jusqu'\u00e0 trois fois. Cette m\u00e9thode simple et efficace garantit une croissance optimale et des rendements puissants, pour une exp\u00e9rience de culture s\u00fbre et gratifiante.<\/p>\n<h2 class=\"\" dir=\"auto\">Ingr\u00e9dients des kits de culture tout-en-un Colombian<\/h2>\n<p class=\"break-words\" dir=\"auto\">Le kit de culture tout-en-un Colombian comprend un substrat infus\u00e9 de spores de champignons Colombian de haute qualit\u00e9, fabriqu\u00e9 \u00e0 partir de mat\u00e9riaux organiques tels que des c\u00e9r\u00e9ales ou du compost pour favoriser une croissance robuste du myc\u00e9lium. Un sac de culture avec des filtres \u00e0 air et deux trombones maintient un environnement st\u00e9rile et humide, emp\u00eachant la contamination tout en favorisant un d\u00e9veloppement sain, avec seulement de l'eau n\u00e9cessaire pour activer le processus.<\/p>\n<p class=\"break-words\" dir=\"auto\">Aucun produit chimique ou additif suppl\u00e9mentaire n'est inclus, ce qui garantit une exp\u00e9rience de culture naturelle. Le substrat infus\u00e9 de spores produit les effets intenses caract\u00e9ristiques de la vari\u00e9t\u00e9, faisant de ce kit rationalis\u00e9 un outil efficace et accessible pour les cultivateurs novices et exp\u00e9riment\u00e9s \u00e0 la recherche de champignons constants et de haute qualit\u00e9.<\/p>\n<p dir=\"auto\"><strong>Avertissement : Champignons magiques et s\u00e9curit\u00e9<\/strong><\/p>\n<p class=\"break-words\" dir=\"auto\">Les champignons magiques Colombian contiennent de la psilocybine et de la psilocine, de puissants hallucinog\u00e8nes qui modifient l'humeur, la perception et la cognition en affectant les niveaux de s\u00e9rotonine. En raison de leurs effets intenses, il convient de les consommer avec prudence dans un environnement contr\u00f4l\u00e9 et d'\u00e9viter de les utiliser sans pr\u00e9paration ad\u00e9quate.<\/p>\n<p class=\"break-words\" dir=\"auto\">Conservez le kit et les champignons en lieu s\u00fbr, hors de port\u00e9e des enfants, afin d'\u00e9viter toute ingestion accidentelle. Soyez conscient des effets psychologiques et physiologiques et manipulez-les de mani\u00e8re responsable afin de garantir une utilisation s\u00fbre de ces substances puissantes.<\/p>","protected":false},"excerpt":{"rendered":"<p>Les champignons magiques Colombian sont le moyen id\u00e9al de s'\u00e9vader de la vie quotidienne et de s'offrir une exp\u00e9rience \u00e9clairante. Il s'agit d'une vari\u00e9t\u00e9 de force moyenne, tr\u00e8s spirituelle, que l'on peut trouver en grandes quantit\u00e9s pour ceux qui recherchent davantage une aventure de recherche de l'\u00e2me qu'un simple essai de nouvelles choses.<\/p>","protected":false},"featured_media":36077,"template":"","meta":[],"product_brand":[],"product_cat":[399,297,400,398,384,834],"product_tag":[978],"class_list":{"0":"post-36027","1":"product","2":"type-product","3":"status-publish","4":"has-post-thumbnail","6":"product_cat-shroomshop","7":"product_cat-all-products","8":"product_cat-magic-mushroom-grow-kits","9":"product_cat-mushrooms","10":"product_cat-smartshop","11":"product_cat-strong-magic-mushrooms","12":"product_tag-shrdeal","13":"product_shipping_class-group-7","15":"first","16":"instock","17":"taxable","18":"shipping-taxable","19":"purchasable","20":"product-type-variable","21":"has-default-attributes"},"_links":{"self":[{"href":"https:\/\/www.headshop.nl\/fr\/wp-json\/wp\/v2\/product\/36027","targetHints":{"allow":["GET"]}}],"collection":[{"href":"https:\/\/www.headshop.nl\/fr\/wp-json\/wp\/v2\/product"}],"about":[{"href":"https:\/\/www.headshop.nl\/fr\/wp-json\/wp\/v2\/types\/product"}],"wp:featuredmedia":[{"embeddable":true,"href":"https:\/\/www.headshop.nl\/fr\/wp-json\/wp\/v2\/media\/36077"}],"wp:attachment":[{"href":"https:\/\/www.headshop.nl\/fr\/wp-json\/wp\/v2\/media?parent=36027"}],"wp:term":[{"taxonomy":"product_brand","embeddable":true,"href":"https:\/\/www.headshop.nl\/fr\/wp-json\/wp\/v2\/product_brand?post=36027"},{"taxonomy":"product_cat","embeddable":true,"href":"https:\/\/www.headshop.nl\/fr\/wp-json\/wp\/v2\/product_cat?post=36027"},{"taxonomy":"product_tag","embeddable":true,"href":"https:\/\/www.headshop.nl\/fr\/wp-json\/wp\/v2\/product_tag?post=36027"}],"curies":[{"name":"wp","href":"https:\/\/api.w.org\/{rel}","templated":true}]}}