{"id":36023,"date":"2021-08-23T11:55:13","date_gmt":"2021-08-23T11:55:13","guid":{"rendered":"https:\/\/www.headshop.nl\/?post_type=product&#038;p=36023"},"modified":"2025-10-16T07:02:46","modified_gmt":"2025-10-16T07:02:46","slug":"thai-magic-mushroom-grow-kit","status":"publish","type":"product","link":"https:\/\/www.headshop.nl\/fr\/thai-magic-mushroom-grow-kit\/","title":{"rendered":"Thai Kit de culture de champignons magiques"},"content":{"rendered":"<h2 class=\"\" dir=\"auto\">Qu'est-ce que les champignons magiques Thai ?<\/h2>\n<p class=\"break-words\" dir=\"auto\">Les champignons magiques Thai sont c\u00e9l\u00e8bres pour leurs effets euphoriques et joyeux, \u00e9voquant l'\u00e9nergie vibrante des c\u00e9l\u00e8bres milkshakes de Thailand. Connus pour leur rendement \u00e9lev\u00e9 et leur puissance similaire \u00e0 celle des souches Mexican, ces champignons se cultivent facilement \u00e0 l'aide du kit de culture tout-en-un, qui comprend un sac de culture, des filtres \u00e0 air et des trombones, et ne n\u00e9cessite que de l'eau et des instructions simples.<\/p>\n<p class=\"break-words\" dir=\"auto\">Chaque kit de 1200 cm3 peut produire jusqu'\u00e0 500 grammes lors de la premi\u00e8re r\u00e9colte, avec trois r\u00e9coltes possibles, offrant une exp\u00e9rience magique rappelant les plages ensoleill\u00e9es. Conserv\u00e9 au r\u00e9frig\u00e9rateur, le kit reste viable pendant six mois, ce qui en fait un choix fiable pour les amateurs \u00e0 la recherche d'une culture puissante et gratifiante.<\/p>\n<h2 class=\"\" dir=\"auto\">Historique des champignons magiques Thai<\/h2>\n<p class=\"break-words\" dir=\"auto\">Enracin\u00e9s dans les traditions tropicales de Thailand, les champignons magiques Thai ont \u00e9t\u00e9 utilis\u00e9s dans des contextes spirituels et r\u00e9cr\u00e9atifs, gagnant en notori\u00e9t\u00e9 gr\u00e2ce aux \"happy milkshakes\" servis lors de c\u00e9l\u00e9brations au bord de la plage. Leurs effets stimulants, d\u00e9couverts par des voyageurs, ont suscit\u00e9 un int\u00e9r\u00eat mondial, ce qui a conduit au d\u00e9veloppement du kit de culture tout-en-un pour mettre cette vari\u00e9t\u00e9 \u00e0 la disposition des cultivateurs amateurs du monde entier.<\/p>\n<p class=\"break-words\" dir=\"auto\">Historiquement cueillis dans les climats chauds et humides de la Terre de 1TP356, ces champignons se d\u00e9veloppent dans des conditions optimales qui peuvent d\u00e9sormais \u00eatre reproduites gr\u00e2ce au kit de culture. Le kit refl\u00e8te les connaissances avanc\u00e9es en mati\u00e8re de culture, garantissant une qualit\u00e9 constante, et continue d'honorer l'h\u00e9ritage culturel de l'esprit libre de Thailand tout en captivant les cultivateurs modernes par son potentiel vibrant.<\/p>\n<h2 class=\"\" dir=\"auto\">Comment utiliser les champignons magiques Thai<\/h2>\n<p class=\"break-words\" dir=\"auto\">Pour cultiver les champignons magiques Thai, commencez par nettoyer vos mains et l'ext\u00e9rieur du kit, puis faites tremper le kit dans de l'eau ti\u00e8de (20\u00b0C) pendant cinq minutes, en veillant \u00e0 ne pas d\u00e9passer une heure. Egouttez, placez dans le sac de culture avec 200-250 ml d'eau, fermez avec des trombones et conservez \u00e0 20-25\u00b0C, en \u00e9vitant la lumi\u00e8re du soleil, jusqu'\u00e0 ce que des t\u00eates d'\u00e9pingle se forment dans 10-20 jours.<\/p>\n<p class=\"break-words\" dir=\"auto\">Une fois que les t\u00eates d'\u00e9pingle apparaissent, a\u00e9rez le sac tous les jours et brumisez l\u00e9g\u00e8rement. R\u00e9coltez juste avant que le voile ne se brise en tordant les champignons vers l'ext\u00e9rieur, en r\u00e9p\u00e9tant l'op\u00e9ration jusqu'\u00e0 trois fois. Consomm\u00e9s frais, ces champignons offrent une exp\u00e9rience estivale et puissante lorsqu'ils sont cultiv\u00e9s en respectant scrupuleusement les instructions.<\/p>\n<h2 class=\"\" dir=\"auto\">Ingr\u00e9dients de Thai Champignons magiques<\/h2>\n<p class=\"break-words\" dir=\"auto\">Le kit de culture tout-en-un pour champignons magiques Thai comprend un substrat riche en nutriments, pr\u00e9infus\u00e9 avec du myc\u00e9lium, un sac de culture avec des filtres \u00e0 air et deux trombones, ne n\u00e9cessitant que de l'eau pour la culture. Le substrat favorise une croissance robuste, produisant naturellement de la psilocybine, qui se transforme en psilocine \u00e0 l'origine des effets hallucinog\u00e8nes des champignons, sans additifs artificiels.<\/p>\n<p class=\"break-words\" dir=\"auto\">Cette conception rationalis\u00e9e \u00e9limine les \u00e9quipements complexes, rendant la culture accessible \u00e0 tous les niveaux de comp\u00e9tence. Conserv\u00e9 correctement, le kit garantit de multiples r\u00e9coltes \u00e0 haut rendement, offrant l'exp\u00e9rience authentique et exaltante des champignons magiques Thai tout en pr\u00e9servant leur puret\u00e9 culturelle et naturelle.<\/p>\n<p dir=\"auto\"><strong>Avertissement<\/strong><\/p>\n<p class=\"break-words\" dir=\"auto\">Thai Les champignons magiques contiennent de la psilocybine et de la psilocine, de puissants hallucinog\u00e8nes qui modifient l'humeur, la perception et le sommeil en affectant les niveaux de s\u00e9rotonine. \u00c0 consommer avec pr\u00e9caution, car les effets varient selon la sensibilit\u00e9 de chacun, et \u00e0 utiliser dans un environnement s\u00fbr.<\/p>\n<p class=\"break-words\" dir=\"auto\">Conservez les champignons et le kit de culture hors de port\u00e9e des enfants en raison de leurs fortes propri\u00e9t\u00e9s psychoactives. Une manipulation responsable est essentielle pour profiter en toute s\u00e9curit\u00e9 des effets vibrants de ces champignons culturellement significatifs.<\/p>","protected":false},"excerpt":{"rendered":"<p>Vous cherchez un moyen amusant de sortir de votre zone de confort et d'exp\u00e9rimenter une autre r\u00e9alit\u00e9 ? Ces champignons magiques sont parfaits ! Leur puissance leur permet d'\u00eatre consomm\u00e9s dans des contextes plus sociaux sans se soucier des difficult\u00e9s qui pourraient survenir. Le champignon magique id\u00e9al pour les f\u00eates !<\/p>","protected":false},"featured_media":36061,"template":"","meta":[],"product_brand":[],"product_cat":[399,297,833,400,398,384],"product_tag":[978],"class_list":{"0":"post-36023","1":"product","2":"type-product","3":"status-publish","4":"has-post-thumbnail","6":"product_cat-shroomshop","7":"product_cat-all-products","8":"product_cat-beginner-magic-mushrooms","9":"product_cat-magic-mushroom-grow-kits","10":"product_cat-mushrooms","11":"product_cat-smartshop","12":"product_tag-shrdeal","13":"product_shipping_class-group-7","15":"first","16":"instock","17":"taxable","18":"shipping-taxable","19":"purchasable","20":"product-type-variable","21":"has-default-attributes"},"_links":{"self":[{"href":"https:\/\/www.headshop.nl\/fr\/wp-json\/wp\/v2\/product\/36023","targetHints":{"allow":["GET"]}}],"collection":[{"href":"https:\/\/www.headshop.nl\/fr\/wp-json\/wp\/v2\/product"}],"about":[{"href":"https:\/\/www.headshop.nl\/fr\/wp-json\/wp\/v2\/types\/product"}],"wp:featuredmedia":[{"embeddable":true,"href":"https:\/\/www.headshop.nl\/fr\/wp-json\/wp\/v2\/media\/36061"}],"wp:attachment":[{"href":"https:\/\/www.headshop.nl\/fr\/wp-json\/wp\/v2\/media?parent=36023"}],"wp:term":[{"taxonomy":"product_brand","embeddable":true,"href":"https:\/\/www.headshop.nl\/fr\/wp-json\/wp\/v2\/product_brand?post=36023"},{"taxonomy":"product_cat","embeddable":true,"href":"https:\/\/www.headshop.nl\/fr\/wp-json\/wp\/v2\/product_cat?post=36023"},{"taxonomy":"product_tag","embeddable":true,"href":"https:\/\/www.headshop.nl\/fr\/wp-json\/wp\/v2\/product_tag?post=36023"}],"curies":[{"name":"wp","href":"https:\/\/api.w.org\/{rel}","templated":true}]}}