{"id":36019,"date":"2021-08-23T11:55:09","date_gmt":"2021-08-23T11:55:09","guid":{"rendered":"https:\/\/www.headshop.nl\/?post_type=product&#038;p=36019"},"modified":"2025-10-16T07:02:46","modified_gmt":"2025-10-16T07:02:46","slug":"mexican-magic-mushroom-grow-kit","status":"publish","type":"product","link":"https:\/\/www.headshop.nl\/fr\/mexican-magic-mushroom-grow-kit\/","title":{"rendered":"Mexican Kit de culture de champignons magiques"},"content":{"rendered":"<h2 dir=\"auto\">Que sont les champignons Mexican ?<\/h2>\n<p dir=\"auto\">Les champignons Mexican sont un choix facile pour les d\u00e9butants, pour une exp\u00e9rience psych\u00e9d\u00e9lique vibrante et \u00e9nergisante, offrant un voyage visuellement captivant qui ressemble \u00e0 une explosion de positivit\u00e9. Le kit de culture tout-en-un rend la culture accessible. Il comprend un sac de culture avec des filtres \u00e0 air et des trombones, ne n\u00e9cessitant que de l'eau pour produire jusqu'\u00e0 trois r\u00e9coltes, la premi\u00e8re produisant environ 500 grammes \u00e0 partir d'un kit de 1200 cm3.<\/p>\n<p dir=\"auto\">Stock\u00e9 dans un environnement frais, le kit reste viable pendant environ six mois, bien que sa dur\u00e9e de conservation diminue en dehors du r\u00e9frig\u00e9rateur. Ce produit convivial invite les novices et les passionn\u00e9s \u00e0 explorer la mycologie, en offrant un moyen fiable de cultiver des champignons Mexican de haute qualit\u00e9 \u00e0 la maison, pour une exp\u00e9rience enrichissante et immersive.<\/p>\n<h2 dir=\"auto\">Histoire des champignons Mexican<\/h2>\n<p dir=\"auto\">Profond\u00e9ment ancr\u00e9s dans les traditions indig\u00e8nes du Mexique, les champignons Mexican, connus sous le nom de \"teonan\u00e1catl\" ou \"chair des dieux\", ont \u00e9t\u00e9 utilis\u00e9s pendant des si\u00e8cles dans des rituels spirituels et de gu\u00e9rison par des groupes tels que les Mazat\u00e8ques. Leurs effets induits par la psilocybine \u00e9taient v\u00e9n\u00e9r\u00e9s pour favoriser les liens avec la nature et le divin, et ont attir\u00e9 l'attention du monde entier au milieu du 20e si\u00e8cle gr\u00e2ce aux travaux de l'ethnobotaniste R. Gordon Wasson.<\/p>\n<p dir=\"auto\">Le kit de culture tout-en-un met cette pratique ancienne \u00e0 la port\u00e9e des cultivateurs modernes, en associant la signification traditionnelle aux progr\u00e8s de la mycologie. Sa conception garantit une qualit\u00e9 constante, permettant aux utilisateurs de cultiver ces champignons culturellement riches \u00e0 la maison, reliant la sagesse historique \u00e0 l'exploration psych\u00e9d\u00e9lique contemporaine.<\/p>\n<h2 dir=\"auto\">Comment utiliser les champignons Mexican<\/h2>\n<p dir=\"auto\">Pour cultiver des champignons Mexican avec le kit de culture tout-en-un, nettoyez vos mains et l'ext\u00e9rieur du kit, puis faites tremper le kit dans de l'eau ti\u00e8de (20\u00b0C) pendant cinq minutes, sans d\u00e9passer une heure. \u00c9goutter, placer dans le sac de culture avec 200-250 ml d'eau, fermer avec des trombones et conserver \u00e0 20-25\u00b0C, en \u00e9vitant la lumi\u00e8re du soleil, jusqu'\u00e0 ce que des t\u00eates d'\u00e9pingle se forment, dans 10-20 jours.<\/p>\n<p dir=\"auto\">Une fois que les t\u00eates d'\u00e9pingle apparaissent, a\u00e9rez le sac tous les jours et brumisez l\u00e9g\u00e8rement. R\u00e9coltez juste avant que le voile ne se brise en tordant les champignons vers l'ext\u00e9rieur, en r\u00e9p\u00e9tant l'op\u00e9ration jusqu'\u00e0 trois fois. Ce processus simple garantit des r\u00e9coltes \u00e9clatantes et de haute qualit\u00e9, faisant de la culture une exp\u00e9rience accessible et gratifiante pour tous les niveaux de comp\u00e9tence.<\/p>\n<h2 dir=\"auto\">Ingr\u00e9dients de Mexican Champignons<\/h2>\n<p dir=\"auto\">Le kit de culture tout-en-un pour les champignons Mexican comprend un substrat pr\u00e9-emball\u00e9 optimis\u00e9 pour la croissance, un sac de culture avec des filtres \u00e0 air et deux trombones pour maintenir un environnement contr\u00f4l\u00e9. Le substrat permet jusqu'\u00e0 trois r\u00e9coltes avec seulement de l'eau ti\u00e8de (20\u00b0C), en s'appuyant sur la psilocybine naturelle des champignons, qui se transforme en psilocine pour produire des effets psych\u00e9d\u00e9liques.<\/p>\n<p dir=\"auto\">Aucun nutriment ou produit chimique suppl\u00e9mentaire n'est n\u00e9cessaire, ce qui garantit un processus naturel. Cette conception rationalis\u00e9e permet d'obtenir des champignons Mexican de qualit\u00e9 constante, rendant la culture simple et efficace pour les d\u00e9butants et les cultivateurs chevronn\u00e9s \u00e0 la recherche du trip \u00e9nergisant et authentique de cette vari\u00e9t\u00e9.<\/p>\n<p dir=\"auto\"><strong>Avertissement<\/strong><\/p>\n<p dir=\"auto\">Mexican Les champignons contiennent de la psilocybine et de la psilocine, de puissants hallucinog\u00e8nes qui modifient l'humeur, la perception et la cognition par l'interm\u00e9diaire du syst\u00e8me s\u00e9rotoninergique du cerveau. Il convient de les consommer avec prudence dans un environnement s\u00fbr en raison de leurs effets puissants et d'\u00eatre attentif \u00e0 l'exp\u00e9rience psych\u00e9d\u00e9lique.<\/p>\n<p dir=\"auto\">Conservez les champignons et le kit de culture hors de port\u00e9e des enfants pour \u00e9viter toute ingestion accidentelle. Consultez un professionnel en cas de doute sur les effets ou les interactions, en veillant \u00e0 une utilisation responsable dans un cadre contr\u00f4l\u00e9 pour une exp\u00e9rience s\u00fbre.<\/p>","protected":false},"excerpt":{"rendered":"<p>La sensation de chaleur et de confort que procurent ces champignons magiques en fait une vari\u00e9t\u00e9 parfaite pour les d\u00e9butants. Le faible niveau de puissance permet aux gens de prendre leur temps pour s'adapter afin qu'ils puissent profiter pleinement de cette exp\u00e9rience sp\u00e9ciale sans crainte ni inqui\u00e9tude. Les Mexicans vous apporteront rire, plaisir et rendront votre voyage aussi confortable qu'il puisse l'\u00eatre !<\/p>","protected":false},"featured_media":36049,"template":"","meta":[],"product_brand":[],"product_cat":[399,297,833,400,398,384],"product_tag":[978],"class_list":{"0":"post-36019","1":"product","2":"type-product","3":"status-publish","4":"has-post-thumbnail","6":"product_cat-shroomshop","7":"product_cat-all-products","8":"product_cat-beginner-magic-mushrooms","9":"product_cat-magic-mushroom-grow-kits","10":"product_cat-mushrooms","11":"product_cat-smartshop","12":"product_tag-shrdeal","13":"product_shipping_class-group-7","15":"first","16":"instock","17":"taxable","18":"shipping-taxable","19":"purchasable","20":"product-type-variable","21":"has-default-attributes"},"_links":{"self":[{"href":"https:\/\/www.headshop.nl\/fr\/wp-json\/wp\/v2\/product\/36019","targetHints":{"allow":["GET"]}}],"collection":[{"href":"https:\/\/www.headshop.nl\/fr\/wp-json\/wp\/v2\/product"}],"about":[{"href":"https:\/\/www.headshop.nl\/fr\/wp-json\/wp\/v2\/types\/product"}],"wp:featuredmedia":[{"embeddable":true,"href":"https:\/\/www.headshop.nl\/fr\/wp-json\/wp\/v2\/media\/36049"}],"wp:attachment":[{"href":"https:\/\/www.headshop.nl\/fr\/wp-json\/wp\/v2\/media?parent=36019"}],"wp:term":[{"taxonomy":"product_brand","embeddable":true,"href":"https:\/\/www.headshop.nl\/fr\/wp-json\/wp\/v2\/product_brand?post=36019"},{"taxonomy":"product_cat","embeddable":true,"href":"https:\/\/www.headshop.nl\/fr\/wp-json\/wp\/v2\/product_cat?post=36019"},{"taxonomy":"product_tag","embeddable":true,"href":"https:\/\/www.headshop.nl\/fr\/wp-json\/wp\/v2\/product_tag?post=36019"}],"curies":[{"name":"wp","href":"https:\/\/api.w.org\/{rel}","templated":true}]}}