{"id":36015,"date":"2021-08-23T11:55:06","date_gmt":"2021-08-23T11:55:06","guid":{"rendered":"https:\/\/www.headshop.nl\/?post_type=product&#038;p=36015"},"modified":"2025-12-06T01:27:06","modified_gmt":"2025-12-06T01:27:06","slug":"mazatapec-magic-mushroom-grow-kit","status":"publish","type":"product","link":"https:\/\/www.headshop.nl\/fr\/mazatapec-magic-mushroom-grow-kit\/","title":{"rendered":"Mazatapec Kit de culture de champignons magiques"},"content":{"rendered":"<h2 dir=\"auto\">Que sont les kits de culture Mazatapec ?<\/h2>\n<p dir=\"auto\">Le kit de culture Mazatapec est une solution compl\u00e8te pour cultiver des champignons magiques \u00e0 la maison, offrant une exp\u00e9rience spirituelle et visuellement riche, enracin\u00e9e dans l'h\u00e9ritage Mexican. Comprenant un sac de culture avec des filtres \u00e0 air et des trombones, ce kit ne n\u00e9cessite que de l'eau et des instructions simples pour produire jusqu'\u00e0 trois r\u00e9coltes, la premi\u00e8re produisant environ 400 grammes \u00e0 partir d'un kit de 1200 cm3.<\/p>\n<p dir=\"auto\">Id\u00e9al pour les d\u00e9butants et les passionn\u00e9s, le kit reste viable pendant six mois lorsqu'il est r\u00e9frig\u00e9r\u00e9, mais sa dur\u00e9e de conservation est limit\u00e9e dans le cas contraire. Sa conception conviviale \u00e9limine le besoin d'\u00e9quipement sp\u00e9cialis\u00e9, garantissant des champignons de qualit\u00e9 constante tout en c\u00e9l\u00e9brant les anciennes traditions de culture avec la commodit\u00e9 moderne.<\/p>\n<h2 dir=\"auto\">Historique des kits de culture Mazatapec<\/h2>\n<p dir=\"auto\">Nomm\u00e9s d'apr\u00e8s le peuple mazat\u00e8que du Mexique, les champignons Mazatapec sont utilis\u00e9s depuis des si\u00e8cles dans les c\u00e9r\u00e9monies spirituelles pour se connecter avec le divin. Leur importance culturelle a inspir\u00e9 le d\u00e9veloppement du kit de culture Mazatapec \u00e0 la fin du XXe si\u00e8cle, alors que les progr\u00e8s de la mycologie rendaient la culture domestique accessible \u00e0 un public mondial.<\/p>\n<p dir=\"auto\">Le kit tout-en-un combine substrat, spores et environnement contr\u00f4l\u00e9, pr\u00e9servant les propri\u00e9t\u00e9s puissantes de la souche tout en simplifiant le processus. Aujourd'hui, elle allie r\u00e9v\u00e9rence historique et innovation scientifique, s\u00e9duisant ceux qui recherchent une exp\u00e9rience profonde li\u00e9e aux traditions anciennes et \u00e0 l'exploration psych\u00e9d\u00e9lique moderne.<\/p>\n<h2 dir=\"auto\">Comment utiliser les kits de culture Mazatapec<\/h2>\n<p dir=\"auto\">Pour utiliser le kit de culture Mazatapec, nettoyez vos mains et l'ext\u00e9rieur du kit, puis trempez le kit dans de l'eau ti\u00e8de (20\u00b0C) pendant cinq minutes, sans d\u00e9passer une heure. \u00c9goutter, placer dans le sac de culture avec 200-250 ml d'eau, fermer avec des trombones et stocker \u00e0 20-25\u00b0C, en \u00e9vitant la lumi\u00e8re du soleil, jusqu'\u00e0 ce que des t\u00eates d'\u00e9pingle se forment dans 10-20 jours.<\/p>\n<p dir=\"auto\">Une fois que les t\u00eates d'\u00e9pingle apparaissent, a\u00e9rez le sac tous les jours et brumisez-le l\u00e9g\u00e8rement. R\u00e9coltez les champignons juste avant que le voile ne se brise en les tordant, et r\u00e9p\u00e9tez l'op\u00e9ration jusqu'\u00e0 trois fois. Cette m\u00e9thode simple, soutenue par la conception du kit, garantit une croissance optimale et une exp\u00e9rience spirituelle gratifiante avec un minimum d'effort.<\/p>\n<h2 dir=\"auto\">Ingr\u00e9dients des kits de culture Mazatapec<\/h2>\n<p dir=\"auto\">Le kit de culture Mazatapec comprend un substrat st\u00e9rilis\u00e9 compos\u00e9 de mat\u00e9riaux organiques tels que des c\u00e9r\u00e9ales, de la vermiculite et de la perlite, infus\u00e9 avec des spores Mazatapec pour favoriser une croissance robuste. Un sac de culture avec des filtres \u00e0 air et deux trombones maintient les niveaux d'humidit\u00e9 et de CO2, ne n\u00e9cessitant que de l'eau ti\u00e8de pour commencer la culture sans produits chimiques suppl\u00e9mentaires.<\/p>\n<p dir=\"auto\">Les spores contiennent naturellement de la psilocybine, \u00e0 l'origine des effets psychoactifs des champignons. Cette conception naturelle et rationalis\u00e9e garantit des rendements authentiques et puissants, refl\u00e9tant l'importance historique de la vari\u00e9t\u00e9 tout en rendant la culture accessible et efficace pour les utilisateurs \u00e0 la recherche d'une exp\u00e9rience authentique et de haute qualit\u00e9.<\/p>\n<p dir=\"auto\"><strong>Avertissement<\/strong><\/p>\n<p dir=\"auto\">Les champignons Mazatapec contiennent de la psilocybine et de la psilocine, de puissants hallucinog\u00e8nes qui modifient l'humeur, la perception et la cognition en affectant les niveaux de s\u00e9rotonine. Il convient de les consommer avec prudence, dans un environnement s\u00fbr, en raison de leurs puissants effets.<\/p>\n<p dir=\"auto\">Conservez les champignons et le kit de culture hors de port\u00e9e des enfants pour \u00e9viter toute ingestion accidentelle. Consultez un professionnel de la sant\u00e9 avant toute utilisation, en particulier si vous avez des probl\u00e8mes de sant\u00e9 ou si vous prenez des m\u00e9dicaments, afin de garantir une utilisation s\u00fbre et responsable.<\/p>","protected":false},"excerpt":{"rendered":"<p>L'exp\u00e9rience psych\u00e9d\u00e9lique avec les champignons magiques Mazatapec est plus \u00e9quilibr\u00e9e qu'il n'y para\u00eet \u00e0 premi\u00e8re vue. Ils ont tendance \u00e0 fournir des images fortes, sans pour autant rendre l'utilisateur confus comme le font d'autres souches de psilocybine. Une excellente option pour ceux qui recherchent une exp\u00e9rience psych\u00e9d\u00e9lique visuelle ultime !<\/p>","protected":false},"featured_media":36105,"template":"","meta":[],"product_brand":[],"product_cat":[399,297,400,398,384,834],"product_tag":[978],"class_list":{"0":"post-36015","1":"product","2":"type-product","3":"status-publish","4":"has-post-thumbnail","6":"product_cat-shroomshop","7":"product_cat-all-products","8":"product_cat-magic-mushroom-grow-kits","9":"product_cat-mushrooms","10":"product_cat-smartshop","11":"product_cat-strong-magic-mushrooms","12":"product_tag-shrdeal","13":"product_shipping_class-group-7","15":"first","16":"instock","17":"taxable","18":"shipping-taxable","19":"purchasable","20":"product-type-variable","21":"has-default-attributes"},"_links":{"self":[{"href":"https:\/\/www.headshop.nl\/fr\/wp-json\/wp\/v2\/product\/36015","targetHints":{"allow":["GET"]}}],"collection":[{"href":"https:\/\/www.headshop.nl\/fr\/wp-json\/wp\/v2\/product"}],"about":[{"href":"https:\/\/www.headshop.nl\/fr\/wp-json\/wp\/v2\/types\/product"}],"wp:featuredmedia":[{"embeddable":true,"href":"https:\/\/www.headshop.nl\/fr\/wp-json\/wp\/v2\/media\/36105"}],"wp:attachment":[{"href":"https:\/\/www.headshop.nl\/fr\/wp-json\/wp\/v2\/media?parent=36015"}],"wp:term":[{"taxonomy":"product_brand","embeddable":true,"href":"https:\/\/www.headshop.nl\/fr\/wp-json\/wp\/v2\/product_brand?post=36015"},{"taxonomy":"product_cat","embeddable":true,"href":"https:\/\/www.headshop.nl\/fr\/wp-json\/wp\/v2\/product_cat?post=36015"},{"taxonomy":"product_tag","embeddable":true,"href":"https:\/\/www.headshop.nl\/fr\/wp-json\/wp\/v2\/product_tag?post=36015"}],"curies":[{"name":"wp","href":"https:\/\/api.w.org\/{rel}","templated":true}]}}