{"id":36007,"date":"2021-08-22T11:55:02","date_gmt":"2021-08-22T11:55:02","guid":{"rendered":"https:\/\/www.headshop.nl\/?post_type=product&#038;p=36007"},"modified":"2025-10-21T06:36:16","modified_gmt":"2025-10-21T06:36:16","slug":"b-magic-mushroom-grow-kit","status":"publish","type":"product","link":"https:\/\/www.headshop.nl\/fr\/b-magic-mushroom-grow-kit\/","title":{"rendered":"B+ Kit de culture de champignons magiques"},"content":{"rendered":"<h2 dir=\"auto\">Qu'est-ce que les champignons magiques B+ ?<\/h2>\n<p dir=\"auto\">Le kit de culture tout-en-un B+ est une solution conviviale pour cultiver les champignons magiques B+, connus pour leur grande taille et leurs puissants effets psych\u00e9d\u00e9liques. Comprenant un substrat pr\u00e9par\u00e9 \u00e0 l'avance, un sac de culture avec des filtres \u00e0 air et deux trombones, le kit ne n\u00e9cessite que de l'eau et des instructions simples pour produire jusqu'\u00e0 400 grammes lors de la premi\u00e8re r\u00e9colte \u00e0 partir d'un kit de 1200 cm3, avec trois r\u00e9coltes possibles.<\/p>\n<p dir=\"auto\">Stock\u00e9 dans un r\u00e9frig\u00e9rateur, le kit reste viable pendant six mois, bien que sa dur\u00e9e de conservation soit limit\u00e9e en dehors d'une chambre froide. Id\u00e9al pour les d\u00e9butants et les cultivateurs chevronn\u00e9s, la croissance robuste de la souche B+ et les exp\u00e9riences vives de psilocybine font de ce kit un choix fiable pour un voyage de culture enrichissant.<\/p>\n<h2 dir=\"auto\">Histoire du champignon magique B+<\/h2>\n<p dir=\"auto\">Apparue dans les ann\u00e9es 1990, la vari\u00e9t\u00e9 B+ a \u00e9t\u00e9 d\u00e9velopp\u00e9e pour sa r\u00e9sistance et ses rendements \u00e9lev\u00e9s, gagnant son nom gr\u00e2ce \u00e0 ses champignons \"plus gros\" et \"meilleurs\". Sa nature indulgente et sa capacit\u00e9 \u00e0 prosp\u00e9rer dans des conditions vari\u00e9es en ont rapidement fait la favorite des cultivateurs amateurs, consolidant ainsi sa place dans la communaut\u00e9 psych\u00e9d\u00e9lique.<\/p>\n<p dir=\"auto\">Le kit de culture tout-en-un B+ s'appuie sur cet h\u00e9ritage, offrant aux cultivateurs modernes un moyen accessible de cultiver cette vari\u00e9t\u00e9 embl\u00e9matique. \u00c9quilibrant la culture historique de champignons avec la commodit\u00e9 contemporaine, la B+ reste un symbole de qualit\u00e9, invitant les utilisateurs \u00e0 explorer ses effets intenses et introspectifs et son riche h\u00e9ritage psych\u00e9d\u00e9lique.<\/p>\n<h2 dir=\"auto\">Comment utiliser le kit de culture tout-en-un B+<\/h2>\n<p dir=\"auto\">Pour utiliser le kit de culture tout-en-un B+, lavez-vous les mains et nettoyez l'ext\u00e9rieur du kit, puis faites-le tremper dans de l'eau ti\u00e8de (20\u00b0C) pendant cinq minutes avec le couvercle, sans d\u00e9passer une heure. \u00c9goutter pendant dix secondes, placer dans le sac de culture avec 200-250 ml d'eau, fermer avec des trombones et stocker \u00e0 20-25\u00b0C, en \u00e9vitant la lumi\u00e8re du soleil, jusqu'\u00e0 ce que des t\u00eates d'\u00e9pingle se forment dans 10-20 jours.<\/p>\n<p dir=\"auto\">Une fois que les t\u00eates d'\u00e9pingle apparaissent, a\u00e9rez le sac tous les jours et brumisez l\u00e9g\u00e8rement. R\u00e9coltez juste avant que le voile ne se brise en tordant les champignons vers l'ext\u00e9rieur, en r\u00e9p\u00e9tant l'op\u00e9ration jusqu'\u00e0 trois fois. Cette m\u00e9thode simple garantit de multiples r\u00e9coltes de puissants champignons B+ avec un minimum d'efforts et des r\u00e9sultats optimaux.<\/p>\n<h2 dir=\"auto\">Ingr\u00e9dients du kit de culture tout-en-un B+<\/h2>\n<p dir=\"auto\">Le kit de culture tout-en-un B+ comprend un substrat pr\u00e9-inocul\u00e9 de mati\u00e8res organiques telles que des c\u00e9r\u00e9ales, con\u00e7u pour favoriser une croissance robuste du myc\u00e9lium B+. Un sac de culture avec des filtres \u00e0 air et deux trombones maintient l'humidit\u00e9 et l'\u00e9change d'air, ne n\u00e9cessitant que de l'eau pour \u00eatre activ\u00e9, sans ajout de produits chimiques ou d'engrais.<\/p>\n<p dir=\"auto\">La psilocybine et la psilocine naturelles de la souche B+ sont \u00e0 l'origine de ses effets psych\u00e9d\u00e9liques, inh\u00e9rents aux champignons. Ce syst\u00e8me autonome de haute qualit\u00e9 prend en charge de multiples pouss\u00e9es, garantissant des rendements puissants et constants, tout en simplifiant la culture pour les cultivateurs \u00e0 la recherche d'une exp\u00e9rience authentique et efficace.<\/p>\n<p dir=\"auto\"><strong>Avertissement<\/strong><\/p>\n<p dir=\"auto\">Les champignons magiques B+ contiennent de la psilocybine et de la psilocine, de puissants hallucinog\u00e8nes qui modifient la perception, l'humeur et la cognition, et peuvent provoquer de vives hallucinations. \u00c0 consommer avec pr\u00e9caution dans un environnement s\u00fbr, et \u00e0 \u00e9viter si vous souffrez de troubles mentaux ou si vous prenez des m\u00e9dicaments affectant la s\u00e9rotonine.<\/p>\n<p dir=\"auto\">Conservez le kit et les champignons hors de port\u00e9e des enfants et des animaux domestiques afin d'\u00e9viter toute ingestion accidentelle. Une utilisation responsable et la connaissance des effets de ces compos\u00e9s psychoactifs sont essentielles pour une exp\u00e9rience s\u00fbre et contr\u00f4l\u00e9e.<\/p>","protected":false},"excerpt":{"rendered":"<p>La popularit\u00e9 de cette vari\u00e9t\u00e9 de B+, qui ne cesse de cro\u00eetre, est principalement due \u00e0 sa massivit\u00e9 pure et simple ! Ce champignon magique est aim\u00e9 par beaucoup en raison de la quantit\u00e9 et de la taille folles que l'on obtient en le cultivant. La force varie de moyenne \u00e0 forte, mais avec un avantage suppl\u00e9mentaire : il y a un grand flush apr\u00e8s la r\u00e9colte, ce qui ne peut faire de mal \u00e0 personne !<\/p>","protected":false},"featured_media":36067,"template":"","meta":[],"product_brand":[],"product_cat":[399,297,833,400,398,384],"product_tag":[978],"class_list":{"0":"post-36007","1":"product","2":"type-product","3":"status-publish","4":"has-post-thumbnail","6":"product_cat-shroomshop","7":"product_cat-all-products","8":"product_cat-beginner-magic-mushrooms","9":"product_cat-magic-mushroom-grow-kits","10":"product_cat-mushrooms","11":"product_cat-smartshop","12":"product_tag-shrdeal","13":"product_shipping_class-group-7","15":"first","16":"instock","17":"taxable","18":"shipping-taxable","19":"purchasable","20":"product-type-variable","21":"has-default-attributes"},"_links":{"self":[{"href":"https:\/\/www.headshop.nl\/fr\/wp-json\/wp\/v2\/product\/36007","targetHints":{"allow":["GET"]}}],"collection":[{"href":"https:\/\/www.headshop.nl\/fr\/wp-json\/wp\/v2\/product"}],"about":[{"href":"https:\/\/www.headshop.nl\/fr\/wp-json\/wp\/v2\/types\/product"}],"wp:featuredmedia":[{"embeddable":true,"href":"https:\/\/www.headshop.nl\/fr\/wp-json\/wp\/v2\/media\/36067"}],"wp:attachment":[{"href":"https:\/\/www.headshop.nl\/fr\/wp-json\/wp\/v2\/media?parent=36007"}],"wp:term":[{"taxonomy":"product_brand","embeddable":true,"href":"https:\/\/www.headshop.nl\/fr\/wp-json\/wp\/v2\/product_brand?post=36007"},{"taxonomy":"product_cat","embeddable":true,"href":"https:\/\/www.headshop.nl\/fr\/wp-json\/wp\/v2\/product_cat?post=36007"},{"taxonomy":"product_tag","embeddable":true,"href":"https:\/\/www.headshop.nl\/fr\/wp-json\/wp\/v2\/product_tag?post=36007"}],"curies":[{"name":"wp","href":"https:\/\/api.w.org\/{rel}","templated":true}]}}