{"id":35989,"date":"2021-08-19T11:15:21","date_gmt":"2021-08-19T11:15:21","guid":{"rendered":"https:\/\/www.headshop.nl\/?post_type=product&#038;p=35989"},"modified":"2025-06-06T06:34:52","modified_gmt":"2025-06-06T06:34:52","slug":"baby-hawaiian-woodrose-seeds","status":"publish","type":"product","link":"https:\/\/www.headshop.nl\/fr\/baby-hawaiian-woodrose-seeds\/","title":{"rendered":"Baby Hawaiian Woodrose Semences"},"content":{"rendered":"<h2 data-start=\"0\" data-end=\"35\">Que sont les graines d'Argyreia Nervosa ?<\/h2>\n<p data-start=\"37\" data-end=\"678\">Les graines d'Argyreia Nervosa, \u00e9galement connues sous le nom de Baby Hawaiian Woodrose, sont les graines d'une plante grimpante originaire d'Inde. Ces graines contiennent une substance psychoactive appel\u00e9e LSA (Lysergic Acid Amide), qui peut induire de l\u00e9gers effets psych\u00e9d\u00e9liques lorsqu'elle est consomm\u00e9e. Contrairement \u00e0 d'autres hallucinog\u00e8nes, les effets sont g\u00e9n\u00e9ralement l\u00e9gers, sans les hallucinations intenses typiquement associ\u00e9es \u00e0 des substances comme le LSD. Les utilisateurs ressentent souvent des sensations color\u00e9es, vives et mystiques qui modifient leur \u00e9tat de conscience. La plante est utilis\u00e9e \u00e0 diverses fins, notamment en m\u00e9decine traditionnelle et \u00e0 des fins r\u00e9cr\u00e9atives, offrant des avantages \u00e0 la fois th\u00e9rapeutiques et psychoactifs.<\/p>\n<p data-start=\"680\" data-end=\"1107\">Les graines d'Argyreia Nervosa ont une longue histoire d'utilisation m\u00e9dicinale en Inde. Cependant, elles ont \u00e9t\u00e9 plus largement connues pour leurs effets psychoactifs apr\u00e8s avoir \u00e9t\u00e9 introduites dans le monde occidental, en particulier \u00e0 Hawa\u00ef. Aujourd'hui, les graines de Baby Hawaiian Woodrose sont recherch\u00e9es \u00e0 des fins spirituelles et r\u00e9cr\u00e9atives. La plante continue d'\u00eatre \u00e9tudi\u00e9e pour sa riche histoire et ses avantages potentiels au-del\u00e0 de ses propri\u00e9t\u00e9s psychotropes.<\/p>\n<h2 data-start=\"1109\" data-end=\"1145\">Histoire d'Argyreia Nervosa Seeds<\/h2>\n<p data-start=\"1147\" data-end=\"1526\">L'Argyreia Nervosa est profond\u00e9ment enracin\u00e9e dans la m\u00e9decine traditionnelle et dans l'utilisation de substances psychoactives. Originaire de l'Inde, elle est appr\u00e9ci\u00e9e pour ses propri\u00e9t\u00e9s m\u00e9dicinales depuis des si\u00e8cles. Dans l'Inde ancienne, la plante \u00e9tait utilis\u00e9e pour traiter diverses affections, notamment les probl\u00e8mes respiratoires, le diab\u00e8te et l'arthrite. Elle \u00e9tait \u00e9galement consid\u00e9r\u00e9e comme un aphrodisiaque, certains sugg\u00e9rant qu'elle avait des effets stimulants sur la libido.<\/p>\n<p data-start=\"1528\" data-end=\"1911\">La plante a attir\u00e9 l'attention internationale lorsque les Europ\u00e9ens l'ont rencontr\u00e9e \u00e0 Hawa\u00ef, o\u00f9 elle \u00e9tait utilis\u00e9e non seulement pour ses qualit\u00e9s m\u00e9dicinales, mais aussi comme s\u00e9datif. C'est \u00e0 cette \u00e9poque que les propri\u00e9t\u00e9s psychoactives des graines ont \u00e9t\u00e9 d\u00e9couvertes, ce qui a conduit \u00e0 les associer \u00e0 des exp\u00e9riences psych\u00e9d\u00e9liques. Le nom \"Hawaiian Woodrose\" a \u00e9t\u00e9 invent\u00e9 en raison de sa popularit\u00e9 dans la r\u00e9gion.<\/p>\n<p data-start=\"1913\" data-end=\"2224\">Plus tard, le chimiste suisse Albert Hoffman, qui a \u00e9galement d\u00e9couvert le LSD, a isol\u00e9 le LSA. Il a d\u00e9couvert que le LSA est naturellement pr\u00e9sent dans certaines plantes, dont l'Argyreia Nervosa. Parmi ces plantes, l'Argyreia Nervosa contient la plus forte concentration de LSA, ce qui rend ses graines particuli\u00e8rement pr\u00e9cieuses pour des usages r\u00e9cr\u00e9atifs et m\u00e9dicinaux.<\/p>\n<h2 data-start=\"2226\" data-end=\"2262\">Comment utiliser les graines d'Argyreia Nervosa<\/h2>\n<p data-start=\"2264\" data-end=\"2645\">Il existe plusieurs m\u00e9thodes pour consommer les graines d'Argyreia Nervosa, chacune offrant une exp\u00e9rience l\u00e9g\u00e8rement diff\u00e9rente. Traditionnellement, les graines sont m\u00e2ch\u00e9es, ce qui favorise la lib\u00e9ration de LSA, entra\u00eenant une apparition progressive des effets, g\u00e9n\u00e9ralement en l'espace d'une heure. Les effets peuvent durer plusieurs heures, les utilisateurs faisant \u00e9tat de sentiments d'euphorie, de visions vives et d'une sensibilit\u00e9 accrue au son et \u00e0 la lumi\u00e8re.<\/p>\n<p data-start=\"2647\" data-end=\"2960\">Certaines personnes pr\u00e9f\u00e8rent r\u00e9duire les graines en poudre et les m\u00e9langer \u00e0 de la nourriture ou \u00e0 de l'eau pour masquer l'amertume naturelle. Cette m\u00e9thode peut modifier le d\u00e9lai d'apparition et l'intensit\u00e9 des effets. Il est important de noter que l'exp\u00e9rience peut varier consid\u00e9rablement en fonction de facteurs tels que le m\u00e9tabolisme, l'environnement et la consommation ant\u00e9rieure d'aliments.<\/p>\n<p data-start=\"2962\" data-end=\"3348\">Lors de l'utilisation des graines d'Argyreia Nervosa, il est essentiel de faire preuve de prudence, surtout si c'est la premi\u00e8re fois. Commencez par une petite dose pour \u00e9valuer votre tol\u00e9rance, et soyez attentif \u00e0 l'environnement et \u00e0 votre \u00e9tat mental, car ils peuvent influencer les effets. Il est toujours recommand\u00e9 de les utiliser dans un environnement s\u00fbr et confortable, de pr\u00e9f\u00e9rence avec un compagnon de confiance pour guider l'exp\u00e9rience.<\/p>\n<h2 data-start=\"3350\" data-end=\"3390\">Ingr\u00e9dients de Argyreia Nervosa Seeds<\/h2>\n<p data-start=\"3392\" data-end=\"3919\">Le principal compos\u00e9 actif des graines d'Argyreia Nervosa est le LSA (Lysergic Acid Amide), une substance naturelle de la m\u00eame famille chimique que le LSD. Le LSA est connu pour ses effets psychoactifs l\u00e9gers, qui peuvent modifier la perception, induire l'euphorie et am\u00e9liorer la vision. Les graines contiennent \u00e9galement d'autres compos\u00e9s, notamment des alcalo\u00efdes, qui contribuent aux propri\u00e9t\u00e9s m\u00e9dicinales de la plante. Ces substances suppl\u00e9mentaires peuvent avoir des effets anti-inflammatoires, analg\u00e9siques et antispasmodiques, ce qui rend les graines b\u00e9n\u00e9fiques pour la m\u00e9decine traditionnelle.<\/p>\n<p data-start=\"3921\" data-end=\"4310\">Outre la LSA, les graines contiennent une s\u00e9rie de compos\u00e9s naturels dont on pense qu'ils contribuent \u00e0 leur potentiel th\u00e9rapeutique. Cette combinaison de substances psychoactives et m\u00e9dicinales explique pourquoi les graines d'Argyreia Nervosa sont utilis\u00e9es depuis des si\u00e8cles \u00e0 des fins r\u00e9cr\u00e9atives et m\u00e9dicinales. Toutefois, en raison de la nature impr\u00e9visible des effets, il est recommand\u00e9 d'utiliser ces graines de mani\u00e8re responsable.<\/p>\n<p data-start=\"4312\" data-end=\"4559\">Le LSA, \u00e9troitement li\u00e9 au LSD, interagit avec les r\u00e9cepteurs de la s\u00e9rotonine dans le cerveau, ce qui entra\u00eene une alt\u00e9ration des perceptions sensorielles. Bien que ses effets soient plus l\u00e9gers que ceux du LSD, le LSA peut encore procurer une exp\u00e9rience unique et introspective lorsqu'il est utilis\u00e9 avec prudence.<\/p>\n<p data-start=\"4561\" data-end=\"4571\"><strong>Avertissement<\/strong><\/p>\n<p data-start=\"4573\" data-end=\"5021\" data-is-last-node=\"\">Il est important de faire preuve de prudence lors de l'utilisation des graines d'Argyreia Nervosa en raison de leur teneur en substances psychoactives. Les effets peuvent varier consid\u00e9rablement en fonction de l'individu et de la m\u00e9thode de consommation. Une consommation excessive ou abusive peut entra\u00eener des exp\u00e9riences d\u00e9sagr\u00e9ables et, dans certains cas, des effets n\u00e9fastes sur la sant\u00e9. Assurez-vous toujours d'\u00eatre dans un environnement s\u00fbr et contr\u00f4l\u00e9 lorsque vous utilisez ces graines, et commencez par une petite dose si vous n'\u00eates pas familier avec leurs effets.<\/p>","protected":false},"excerpt":{"rendered":"<p>L'Argyreia Nervosa, commun\u00e9ment appel\u00e9e Baby Hawaiian Woodrose, est une plante dont les graines contiennent du LSA, un compos\u00e9 psychoactif. La consommation de six graines seulement peut entra\u00eener une l\u00e9g\u00e8re exp\u00e9rience psych\u00e9d\u00e9lique, caract\u00e9ris\u00e9e par des sensations vives et mystiques. Originaire de l'Inde, elle est utilis\u00e9e depuis des si\u00e8cles dans la m\u00e9decine traditionnelle pour traiter des affections telles que le diab\u00e8te, les probl\u00e8mes respiratoires et l'arthrite, tout en \u00e9tant consid\u00e9r\u00e9e comme un aphrodisiaque. \u00c0 Hawa\u00ef, les graines sont reconnues pour leurs effets s\u00e9datifs et sont depuis longtemps int\u00e9gr\u00e9es dans les pratiques locales.<\/p>","protected":false},"featured_media":81931,"template":"","meta":[],"product_brand":[],"product_cat":[388,297,818,406,384],"product_tag":[],"class_list":{"0":"post-35989","1":"product","2":"type-product","3":"status-publish","4":"has-post-thumbnail","6":"product_cat-lsa-seeds","7":"product_cat-all-products","8":"product_cat-mcmystic","9":"product_cat-psychedelic-herbs","10":"product_cat-smartshop","11":"product_shipping_class-not-allowed-group-3","13":"first","14":"instock","15":"taxable","16":"shipping-taxable","17":"purchasable","18":"product-type-variable","19":"has-default-attributes"},"_links":{"self":[{"href":"https:\/\/www.headshop.nl\/fr\/wp-json\/wp\/v2\/product\/35989","targetHints":{"allow":["GET"]}}],"collection":[{"href":"https:\/\/www.headshop.nl\/fr\/wp-json\/wp\/v2\/product"}],"about":[{"href":"https:\/\/www.headshop.nl\/fr\/wp-json\/wp\/v2\/types\/product"}],"wp:featuredmedia":[{"embeddable":true,"href":"https:\/\/www.headshop.nl\/fr\/wp-json\/wp\/v2\/media\/81931"}],"wp:attachment":[{"href":"https:\/\/www.headshop.nl\/fr\/wp-json\/wp\/v2\/media?parent=35989"}],"wp:term":[{"taxonomy":"product_brand","embeddable":true,"href":"https:\/\/www.headshop.nl\/fr\/wp-json\/wp\/v2\/product_brand?post=35989"},{"taxonomy":"product_cat","embeddable":true,"href":"https:\/\/www.headshop.nl\/fr\/wp-json\/wp\/v2\/product_cat?post=35989"},{"taxonomy":"product_tag","embeddable":true,"href":"https:\/\/www.headshop.nl\/fr\/wp-json\/wp\/v2\/product_tag?post=35989"}],"curies":[{"name":"wp","href":"https:\/\/api.w.org\/{rel}","templated":true}]}}