{"id":35988,"date":"2021-08-19T11:15:20","date_gmt":"2021-08-19T11:15:20","guid":{"rendered":"https:\/\/www.headshop.nl\/?post_type=product&#038;p=35988"},"modified":"2025-06-06T06:35:40","modified_gmt":"2025-06-06T06:35:40","slug":"morning-glory-seeds","status":"publish","type":"product","link":"https:\/\/www.headshop.nl\/fr\/morning-glory-seeds\/","title":{"rendered":"Morning Glory Semences"},"content":{"rendered":"<h2 data-start=\"0\" data-end=\"32\">Que sont les semences Morning Glory ?<\/h2>\n<p data-start=\"34\" data-end=\"742\">Les graines de Morning Glory, en particulier celles de la plante Ipomoea Purpurea, sont reconnues pour leurs propri\u00e9t\u00e9s psychoactives. Ces graines contiennent de l'amide d'acide lysergique (LSA), un compos\u00e9 chimiquement apparent\u00e9 au LSD, connu pour provoquer des exp\u00e9riences introspectives, m\u00e9ditatives et parfois visionnaires. Depuis des si\u00e8cles, les cultures indig\u00e8nes, en particulier en Am\u00e9rique du Sud, utilisent ces graines de diverses mani\u00e8res pour renforcer les pratiques spirituelles. Au-del\u00e0 de la beaut\u00e9 de leurs fleurs, les graines de Morning Glory servent de passerelle vers des \u00e9tats de conscience modifi\u00e9s. Les effets psychoactifs des graines d\u00e9pendent de l'environnement et de l'\u00e9tat mental de l'utilisateur, ce qui signifie que l'exp\u00e9rience peut varier consid\u00e9rablement en fonction du contexte et de l'\u00e9tat d'esprit de chacun.<\/p>\n<h2 data-start=\"744\" data-end=\"777\">Historique des semences Morning Glory<\/h2>\n<p data-start=\"779\" data-end=\"1551\">L'utilisation des graines d'Ipomoea Purpurea remonte \u00e0 des milliers d'ann\u00e9es. Les tribus indig\u00e8nes d'Am\u00e9rique du Sud ont \u00e9t\u00e9 parmi les premi\u00e8res \u00e0 reconna\u00eetre et \u00e0 utiliser les propri\u00e9t\u00e9s psychoactives de la plante Morning Glory. Elles broyaient g\u00e9n\u00e9ralement les graines et les faisaient tremper dans de l'eau ou de l'alcool pour en extraire le compos\u00e9 actif, le LSA. Cette m\u00e9thode minimisait les effets secondaires ind\u00e9sirables et permettait une exp\u00e9rience plus facile \u00e0 g\u00e9rer et plus cibl\u00e9e. Ce savoir se transmettait de g\u00e9n\u00e9ration en g\u00e9n\u00e9ration et \u00e9tait souvent utilis\u00e9 dans le cadre de pratiques spirituelles ou c\u00e9r\u00e9monielles. L'identification scientifique du LSA a eu lieu plus tard, dans les ann\u00e9es 1960, lorsque les chercheurs ont d\u00e9couvert sa similarit\u00e9 chimique avec le LSD. Ce lien a attir\u00e9 l'attention sur les graines, conduisant \u00e0 la fois \u00e0 une exploration scientifique et \u00e0 un int\u00e9r\u00eat r\u00e9cr\u00e9atif accru pour leurs effets.<\/p>\n<h2 data-start=\"1553\" data-end=\"1586\">Comment utiliser les semences Morning Glory<\/h2>\n<p data-start=\"1588\" data-end=\"2423\">Les graines de Morning Glory doivent \u00eatre utilis\u00e9es avec pr\u00e9caution en raison de leurs puissants effets psychoactifs. La m\u00e9thode traditionnelle de consommation consiste \u00e0 broyer les graines en une fine poudre et \u00e0 les faire tremper dans de l'eau ou, de pr\u00e9f\u00e9rence, dans de l'alcool. L'alcool permet d'extraire plus efficacement les compos\u00e9s psychoactifs. Apr\u00e8s trempage, les graines sont g\u00e9n\u00e9ralement consomm\u00e9es \u00e0 jeun pour obtenir les effets les plus puissants. Il est important de commencer par une petite dose et d'\u00eatre attentif \u00e0 son environnement, car l'exp\u00e9rience peut \u00eatre intense et impr\u00e9visible. De nombreux utilisateurs font \u00e9tat d'une introspection accrue, de pens\u00e9es m\u00e9ditatives et m\u00eame d'exp\u00e9riences visionnaires. Toutefois, en raison des effets secondaires potentiels tels que les naus\u00e9es ou les vertiges, il est essentiel de se trouver dans un environnement calme et s\u00fbr, sans distractions. Assurez-vous toujours d'\u00eatre dans un \u00e9tat mental positif avant de consommer ces graines.<\/p>\n<h2 data-start=\"2425\" data-end=\"2462\">Ingr\u00e9dients de Morning Glory Seeds<\/h2>\n<p data-start=\"2464\" data-end=\"3180\">Le principal compos\u00e9 psychoactif des graines de Morning Glory est l'amide d'acide lysergique (LSA), chimiquement similaire au LSD mais moins puissant. Le LSA est responsable des effets psychoactifs des graines, y compris des perceptions alt\u00e9r\u00e9es, une introspection accrue et des exp\u00e9riences visionnaires. Outre la LSA, les graines contiennent d'autres compos\u00e9s tels que des alcalo\u00efdes et des acides amin\u00e9s, m\u00eame si la LSA reste le principal ingr\u00e9dient actif. Les graines contiennent \u00e9galement des fibres v\u00e9g\u00e9tales et des nutriments essentiels, mais ceux-ci ne contribuent pas \u00e0 leurs effets psychoactifs. La concentration de LSA dans les graines peut varier en fonction des conditions de croissance de la plante et de la souche sp\u00e9cifique, ce qui explique pourquoi certains lots peuvent produire des exp\u00e9riences plus ou moins fortes que d'autres.<\/p>\n<p data-start=\"3182\" data-end=\"3192\"><strong>Avertissement<\/strong><\/p>\n<p data-start=\"3194\" data-end=\"3789\" data-is-last-node=\"\">La consommation de graines de Morning Glory peut entra\u00eener des effets psychoactifs intenses. Ces effets peuvent varier en fonction de l'individu, de l'environnement et du dosage. Il est essentiel d'aborder l'utilisation de ces graines avec prudence et conscience. Les effets secondaires potentiels comprennent les naus\u00e9es, les vertiges et la d\u00e9tresse psychologique. Il est recommand\u00e9 d'utiliser les graines Morning Glory dans un environnement contr\u00f4l\u00e9 et s\u00fbr. Les femmes enceintes, les personnes souffrant de troubles mentaux ou celles qui prennent des m\u00e9dicaments doivent \u00e9viter d'utiliser ces graines. Assurez-vous toujours d'\u00eatre pleinement inform\u00e9 des risques potentiels avant de les utiliser.<\/p>","protected":false},"excerpt":{"rendered":"<p>L'Ipomoea Purpurea, \u00e9galement connue sous le nom de Morning Glory, est une plante remarquable admir\u00e9e pour ses magnifiques fleurs bleu-violet et ses graines psychoactives. Ces graines contiennent de l'acide lysergique amide (LSA), un compos\u00e9 apparent\u00e9 au LSD, et sont utilis\u00e9es depuis des si\u00e8cles par les cultures indig\u00e8nes pour leurs propri\u00e9t\u00e9s psychotropes. Chaque paquet contient 300 graines.<\/p>","protected":false},"featured_media":81935,"template":"","meta":[],"product_brand":[],"product_cat":[388,297,818,406,384],"product_tag":[],"class_list":{"0":"post-35988","1":"product","2":"type-product","3":"status-publish","4":"has-post-thumbnail","6":"product_cat-lsa-seeds","7":"product_cat-all-products","8":"product_cat-mcmystic","9":"product_cat-psychedelic-herbs","10":"product_cat-smartshop","11":"product_shipping_class-not-allowed-group-3","13":"first","14":"instock","15":"taxable","16":"shipping-taxable","17":"purchasable","18":"product-type-variable","19":"has-default-attributes"},"_links":{"self":[{"href":"https:\/\/www.headshop.nl\/fr\/wp-json\/wp\/v2\/product\/35988","targetHints":{"allow":["GET"]}}],"collection":[{"href":"https:\/\/www.headshop.nl\/fr\/wp-json\/wp\/v2\/product"}],"about":[{"href":"https:\/\/www.headshop.nl\/fr\/wp-json\/wp\/v2\/types\/product"}],"wp:featuredmedia":[{"embeddable":true,"href":"https:\/\/www.headshop.nl\/fr\/wp-json\/wp\/v2\/media\/81935"}],"wp:attachment":[{"href":"https:\/\/www.headshop.nl\/fr\/wp-json\/wp\/v2\/media?parent=35988"}],"wp:term":[{"taxonomy":"product_brand","embeddable":true,"href":"https:\/\/www.headshop.nl\/fr\/wp-json\/wp\/v2\/product_brand?post=35988"},{"taxonomy":"product_cat","embeddable":true,"href":"https:\/\/www.headshop.nl\/fr\/wp-json\/wp\/v2\/product_cat?post=35988"},{"taxonomy":"product_tag","embeddable":true,"href":"https:\/\/www.headshop.nl\/fr\/wp-json\/wp\/v2\/product_tag?post=35988"}],"curies":[{"name":"wp","href":"https:\/\/api.w.org\/{rel}","templated":true}]}}