{"id":35987,"date":"2021-08-19T11:15:18","date_gmt":"2021-08-19T11:15:18","guid":{"rendered":"https:\/\/www.headshop.nl\/?post_type=product&#038;p=35987"},"modified":"2025-06-06T06:35:22","modified_gmt":"2025-06-06T06:35:22","slug":"ololiuqui-seeds","status":"publish","type":"product","link":"https:\/\/www.headshop.nl\/fr\/ololiuqui-seeds\/","title":{"rendered":"Ololiuqui Semences"},"content":{"rendered":"<h2 data-start=\"0\" data-end=\"27\">Qu'est-ce que Rivea Corymbosa ?<\/h2>\n<p data-start=\"29\" data-end=\"706\">Rivea Corymbosa, commun\u00e9ment appel\u00e9e Ololiuqui, est une esp\u00e8ce v\u00e9g\u00e9tale de la famille des \"Morning Glory\". Ses graines, souvent appel\u00e9es Ololiuqui, sont utilis\u00e9es depuis des si\u00e8cles par les cultures indig\u00e8nes du Mexique pour leurs propri\u00e9t\u00e9s psychoactives et m\u00e9dicinales. La plante a des fleurs blanches et ses graines contiennent le compos\u00e9 actif Lysergic Acid Amide (LSA), une substance naturelle similaire au LSD. Cependant, contrairement au LSD, le LSA induit une exp\u00e9rience psych\u00e9d\u00e9lique plus progressive et introspective, souvent utilis\u00e9e pour la m\u00e9ditation, la d\u00e9couverte de soi ou les voyages visionnaires. Ces exp\u00e9riences se d\u00e9roulent sur plusieurs heures, offrant un voyage interne et contr\u00f4l\u00e9 plut\u00f4t que des hallucinations externes intenses.<\/p>\n<p data-start=\"708\" data-end=\"997\">Historiquement, les Azt\u00e8ques appr\u00e9ciaient ces graines pour leur signification spirituelle, estimant qu'elles les mettaient en contact avec les royaumes sup\u00e9rieurs. Aujourd'hui, la Rivea Corymbosa continue d'\u00eatre utilis\u00e9e par les personnes qui recherchent des \u00e9tats de conscience modifi\u00e9s \u00e0 des fins de m\u00e9ditation et d'introspection.<\/p>\n<h2 data-start=\"999\" data-end=\"1028\">Histoire de Rivea Corymbosa<\/h2>\n<p data-start=\"1030\" data-end=\"1386\">La Rivea Corymbosa a des racines profondes dans les cultures Mesoam\u00e9ricaines, o\u00f9 elle est utilis\u00e9e depuis plus de mille ans. Les Azt\u00e8ques, une civilisation avanc\u00e9e, sont connus pour avoir utilis\u00e9 les graines dans des rituels sacr\u00e9s. Les graines \u00e9taient appel\u00e9es Ololiuqui, ce qui signifie \"graine ronde\", et on leur attribuait une signification spirituelle ; elles \u00e9taient souvent utilis\u00e9es par les chamans lors de c\u00e9r\u00e9monies religieuses.<\/p>\n<p data-start=\"1388\" data-end=\"1842\">Ces graines jouaient un r\u00f4le essentiel dans les pratiques chamaniques, notamment la divination, l'introspection et la recherche de la sagesse. Les chamans consommaient les graines pour entrer dans des \u00e9tats de conscience alt\u00e9r\u00e9s, ce qui leur permettait d'avoir des visions profondes et des aper\u00e7us qui, pensait-on, facilitaient la connexion divine. Malgr\u00e9 son utilisation ancienne, les bienfaits potentiels de la Rivea Corymbosa sont encore reconnus aujourd'hui, en particulier dans les communaut\u00e9s ax\u00e9es sur le bien-\u00eatre alternatif et l'expansion de la conscience.<\/p>\n<h2 data-start=\"1844\" data-end=\"1873\">Comment utiliser Rivea Corymbosa<\/h2>\n<p data-start=\"1875\" data-end=\"2137\">Les graines de Rivea Corymbosa sont g\u00e9n\u00e9ralement consomm\u00e9es pour leurs effets psychoactifs. La m\u00e9thode traditionnelle consiste \u00e0 broyer les graines en une fine poudre et \u00e0 les faire tremper dans de l'eau chaude, ce qui permet d'activer le LSA, le compos\u00e9 psychoactif responsable de l'exp\u00e9rience.<\/p>\n<p data-start=\"2139\" data-end=\"2475\">Il est recommand\u00e9 de commencer par une petite dose d'environ 12 \u00e0 22 graines. Apr\u00e8s avoir \u00e9t\u00e9 moulues, les graines doivent \u00eatre mises \u00e0 tremper dans de l'eau ti\u00e8de pendant plusieurs heures. Une fois tremp\u00e9es, l'eau peut \u00eatre consomm\u00e9e avec les graines ramollies. Certains utilisateurs pr\u00e9f\u00e8rent m\u00e2cher les graines apr\u00e8s les avoir fait tremper, mais cela peut provoquer des maux d'estomac et doit \u00eatre fait avec prudence.<\/p>\n<p data-start=\"2477\" data-end=\"2785\">Les effets se manifestent g\u00e9n\u00e9ralement au bout d'une heure et durent environ 8 heures. L'intensit\u00e9 de l'exp\u00e9rience peut varier en fonction de l'environnement et de l'\u00e9tat mental de l'utilisateur. Il est pr\u00e9f\u00e9rable de consommer Rivea Corymbosa dans un environnement paisible et calme pour appr\u00e9cier pleinement ses effets introspectifs et visionnaires.<\/p>\n<p data-start=\"2787\" data-end=\"2797\"><strong>Avertissement<\/strong><\/p>\n<p data-start=\"2799\" data-end=\"3156\">La Rivea Corymbosa doit \u00eatre utilis\u00e9e de mani\u00e8re responsable. Une surconsommation des graines peut entra\u00eener des effets secondaires n\u00e9gatifs, notamment des naus\u00e9es et des vomissements, en particulier chez les personnes qui ne sont pas habitu\u00e9es aux substances psychoactives. Commencez toujours par une faible dose et augmentez-la progressivement si n\u00e9cessaire. Il est essentiel de veiller \u00e0 ce que l'environnement soit s\u00fbr et propice \u00e0 une exp\u00e9rience positive.<\/p>\n<h2 data-start=\"3158\" data-end=\"3191\">Ingr\u00e9dients de Rivea Corymbosa<\/h2>\n<p data-start=\"3193\" data-end=\"3547\">Le principal ingr\u00e9dient actif de la Rivea Corymbosa est l'amide d'acide lysergique (LSA), un compos\u00e9 qui partage une structure similaire \u00e0 celle du LSD. Bien que le LSA procure une exp\u00e9rience psych\u00e9d\u00e9lique, il ne provoque pas les hallucinations intenses associ\u00e9es au LSD. Au lieu de cela, il offre un voyage plus introspectif et apaisant, souvent d\u00e9crit comme une exp\u00e9rience de modification de l'esprit en douceur.<\/p>\n<p data-start=\"3549\" data-end=\"3796\">Outre le LSA, les graines contiennent une vari\u00e9t\u00e9 d'alcalo\u00efdes et de compos\u00e9s bioactifs qui contribuent aux effets psychoactifs. Ces compos\u00e9s influencent l'apparition progressive et la dur\u00e9e prolong\u00e9e de l'exp\u00e9rience, qui dure g\u00e9n\u00e9ralement plusieurs heures.<\/p>\n<p data-start=\"3798\" data-end=\"4117\">Si le LSA est le compos\u00e9 le plus puissant et le plus important des graines, sa composition chimique exacte et ses interactions avec l'organisme sont encore \u00e0 l'\u00e9tude. Ces compos\u00e9s agissent ensemble pour cr\u00e9er une exp\u00e9rience psych\u00e9d\u00e9lique unique et contr\u00f4l\u00e9e, qui distingue la Rivea Corymbosa des autres substances de la m\u00eame cat\u00e9gorie.<\/p>\n<p data-start=\"4119\" data-end=\"4129\"><strong>Avertissement<\/strong><\/p>\n<p data-start=\"4131\" data-end=\"4369\" data-is-last-node=\"\">Respectez toujours les doses recommand\u00e9es lors de l'utilisation de Rivea Corymbosa afin d'\u00e9viter les effets secondaires potentiels. Une consommation excessive peut entra\u00eener des naus\u00e9es, des vomissements et des sensations d'accablement ; il est donc essentiel de faire preuve de prudence et de mod\u00e9ration.<\/p>","protected":false},"excerpt":{"rendered":"<p>Dans la culture traditionnelle azt\u00e8que, les graines de Ololiuqui \u00e9taient utilis\u00e9es comme plante chamanique. Elles sont riches en LSA et ont de fortes propri\u00e9t\u00e9s hallucinog\u00e8nes qui, dit-on, produisent des effets visuels intenses tels que des couleurs vives et toutes sortes de formes qui peuvent prendre plusieurs dimensions \u00e0 la fois.<\/p>","protected":false},"featured_media":81937,"template":"","meta":[],"product_brand":[],"product_cat":[388,297,818,406,384],"product_tag":[],"class_list":{"0":"post-35987","1":"product","2":"type-product","3":"status-publish","4":"has-post-thumbnail","6":"product_cat-lsa-seeds","7":"product_cat-all-products","8":"product_cat-mcmystic","9":"product_cat-psychedelic-herbs","10":"product_cat-smartshop","11":"product_shipping_class-not-allowed-group-3","13":"first","14":"instock","15":"taxable","16":"shipping-taxable","17":"purchasable","18":"product-type-variable","19":"has-default-attributes"},"_links":{"self":[{"href":"https:\/\/www.headshop.nl\/fr\/wp-json\/wp\/v2\/product\/35987","targetHints":{"allow":["GET"]}}],"collection":[{"href":"https:\/\/www.headshop.nl\/fr\/wp-json\/wp\/v2\/product"}],"about":[{"href":"https:\/\/www.headshop.nl\/fr\/wp-json\/wp\/v2\/types\/product"}],"wp:featuredmedia":[{"embeddable":true,"href":"https:\/\/www.headshop.nl\/fr\/wp-json\/wp\/v2\/media\/81937"}],"wp:attachment":[{"href":"https:\/\/www.headshop.nl\/fr\/wp-json\/wp\/v2\/media?parent=35987"}],"wp:term":[{"taxonomy":"product_brand","embeddable":true,"href":"https:\/\/www.headshop.nl\/fr\/wp-json\/wp\/v2\/product_brand?post=35987"},{"taxonomy":"product_cat","embeddable":true,"href":"https:\/\/www.headshop.nl\/fr\/wp-json\/wp\/v2\/product_cat?post=35987"},{"taxonomy":"product_tag","embeddable":true,"href":"https:\/\/www.headshop.nl\/fr\/wp-json\/wp\/v2\/product_tag?post=35987"}],"curies":[{"name":"wp","href":"https:\/\/api.w.org\/{rel}","templated":true}]}}