{"id":35985,"date":"2021-08-19T10:52:41","date_gmt":"2021-08-19T10:52:41","guid":{"rendered":"https:\/\/www.headshop.nl\/?post_type=product&#038;p=35985"},"modified":"2025-06-06T06:35:55","modified_gmt":"2025-06-06T06:35:55","slug":"yopo-seeds","status":"publish","type":"product","link":"https:\/\/www.headshop.nl\/fr\/yopo-seeds\/","title":{"rendered":"Yopo Semences"},"content":{"rendered":"<h2 data-start=\"0\" data-end=\"42\">Qu'est-ce que le Yopo (Anadenanthera Peregrina) ?<\/h2>\n<p data-start=\"44\" data-end=\"473\">Yopo, scientifiquement connu sous le nom de <em data-start=\"74\" data-end=\"99\">Anadenanthera Peregrina<\/em>Le Yopo est une plante originaire des Cara\u00efbes et d'Am\u00e9rique du Sud. Les graines de Yopo contiennent de puissants hallucinog\u00e8nes naturels, dont le DMT, ce qui leur permet d'induire des \u00e9tats de conscience alt\u00e9r\u00e9s. Les tribus indig\u00e8nes utilisent ces graines depuis des si\u00e8cles, principalement dans le cadre de rituels chamaniques, afin d'acqu\u00e9rir des connaissances spirituelles, d'am\u00e9liorer la conscience de soi et m\u00eame de pr\u00e9dire des \u00e9v\u00e9nements futurs.<\/p>\n<p data-start=\"475\" data-end=\"820\">Les effets des graines Yopo sont intenses mais de courte dur\u00e9e : ils durent g\u00e9n\u00e9ralement environ 90 minutes. Les usagers font \u00e9tat d'hallucinations visuelles vives, d'\u00e9motions amplifi\u00e9es et d'une conscience accrue. Compte tenu de sa puissance, la Yopo est g\u00e9n\u00e9ralement recommand\u00e9e aux personnes ayant une exp\u00e9rience des substances psychoactives et une bonne connaissance des m\u00e9thodes de pr\u00e9paration.<\/p>\n<p data-start=\"822\" data-end=\"1104\">Le Yopo est g\u00e9n\u00e9ralement consomm\u00e9 sous forme de tabac \u00e0 priser, ce qui implique un traitement minutieux des graines. Il s'agit notamment de les torr\u00e9fier, de les broyer et de les m\u00e9langer \u00e0 des substances alcalines avant d'inhaler la poudre obtenue. Cette m\u00e9thode garantit la pleine puissance des compos\u00e9s psychoactifs contenus dans les graines.<\/p>\n<h2 data-start=\"1106\" data-end=\"1150\">Historique de Yopo (Anadenanthera Peregrina)<\/h2>\n<p data-start=\"1152\" data-end=\"1449\">Le Yopo est utilis\u00e9 depuis longtemps, en particulier par les anciennes civilisations d'Am\u00e9rique du Sud. Des preuves sugg\u00e8rent que des plantes psychoactives similaires ont \u00e9t\u00e9 explor\u00e9es par des cultures anciennes telles que les \u00c9gyptiens, bien que l'utilisation la plus importante ait \u00e9t\u00e9 attribu\u00e9e aux Incas et \u00e0 d'autres tribus indig\u00e8nes d'Am\u00e9rique du Sud.<\/p>\n<p data-start=\"1451\" data-end=\"1872\">Le peuple Inca, ainsi que divers groupes indig\u00e8nes, v\u00e9n\u00e9raient le Yopo pour ses propri\u00e9t\u00e9s spirituelles et m\u00e9dicinales. Les chamans et les chefs spirituels utilisaient les graines pour entrer dans des \u00e9tats de conscience alt\u00e9r\u00e9s, acqu\u00e9rir de la sagesse, acc\u00e9der \u00e0 la communication divine et parfois pr\u00e9voir des \u00e9v\u00e9nements futurs. Ces exp\u00e9riences \u00e9taient souvent guid\u00e9es dans un cadre communautaire, o\u00f9 le chaman guidait les participants tout au long du voyage visionnaire.<\/p>\n<p data-start=\"1874\" data-end=\"2196\">Le processus de pr\u00e9paration des graines de Yopo a \u00e9t\u00e9 affin\u00e9 au fil des g\u00e9n\u00e9rations par les tribus indig\u00e8nes afin de maximiser leur puissance tout en minimisant les d\u00e9sagr\u00e9ments potentiels. Malgr\u00e9 ses racines anciennes, le Yopo continue d'\u00eatre un \u00e9l\u00e9ment essentiel de certains rituels tribaux aujourd'hui, en particulier dans les cultures qui conservent leurs pratiques traditionnelles.<\/p>\n<p data-start=\"2198\" data-end=\"2465\">Avec la r\u00e9surgence moderne de l'int\u00e9r\u00eat pour les substances psychoactives naturelles, le Yopo est explor\u00e9 par des utilisateurs contemporains, connus sous le nom de psychonautes, \u00e0 la recherche d'exp\u00e9riences profondes et significatives. Cependant, la substance reste puissante et doit \u00eatre manipul\u00e9e avec respect et pr\u00e9caution.<\/p>\n<h2 data-start=\"2467\" data-end=\"2511\">Comment utiliser Yopo (Anadenanthera Peregrina)<\/h2>\n<p data-start=\"2513\" data-end=\"2738\">Les graines de Yopo sont principalement consomm\u00e9es comme tabac \u00e0 priser, une pratique utilis\u00e9e depuis des si\u00e8cles par les tribus indig\u00e8nes d'Am\u00e9rique du Sud. Pour que les graines puissent \u00eatre inhal\u00e9es, elles doivent subir un processus de pr\u00e9paration minutieux.<\/p>\n<p data-start=\"2740\" data-end=\"2804\">La m\u00e9thode de pr\u00e9paration traditionnelle comporte les \u00e9tapes suivantes :<\/p>\n<ol data-start=\"2806\" data-end=\"3248\">\n<li data-start=\"2806\" data-end=\"2854\"><strong data-start=\"2809\" data-end=\"2828\">Nettoyer les graines<\/strong> pour \u00e9liminer les \u00e9ventuelles impuret\u00e9s.<\/li>\n<li data-start=\"2855\" data-end=\"2946\"><strong data-start=\"2858\" data-end=\"2877\">Griller les graines<\/strong> dans une po\u00eale chaude jusqu'\u00e0 ce que la coquille ext\u00e9rieure se fissure et puisse \u00eatre facilement retir\u00e9e.<\/li>\n<li data-start=\"2947\" data-end=\"3000\"><strong data-start=\"2950\" data-end=\"2967\">S\u00e9cher les graines<\/strong> jusqu'\u00e0 ce qu'ils deviennent fermes et durs.<\/li>\n<li data-start=\"3001\" data-end=\"3043\"><strong data-start=\"3004\" data-end=\"3023\">Broyer les graines<\/strong> en une fine poudre.<\/li>\n<li data-start=\"3044\" data-end=\"3164\"><strong data-start=\"3047\" data-end=\"3065\">M\u00e9langer la poudre<\/strong> avec des substances alcalines comme le bicarbonate de soude ou la chaux, en ajoutant une petite quantit\u00e9 d'eau pour former une p\u00e2te.<\/li>\n<li data-start=\"3165\" data-end=\"3248\"><strong data-start=\"3168\" data-end=\"3185\">S\u00e9cher la p\u00e2te<\/strong> et le broyer en une fine poudre adapt\u00e9e \u00e0 l'inhalation.<\/li>\n<\/ol>\n<p data-start=\"3250\" data-end=\"3536\">Les effets de la Yopo peuvent \u00eatre ressentis m\u00eame avec une petite dose de 1 \u00e0 3 graines. Des doses plus importantes intensifieront l'exp\u00e9rience, qui est souvent d\u00e9crite comme profond\u00e9ment visionnaire et immersive. Les nouveaux utilisateurs devraient commencer par la plus petite dose possible et l'ajuster progressivement en fonction de leur exp\u00e9rience.<\/p>\n<p data-start=\"3538\" data-end=\"3736\">Bien que l'inhalation soit la m\u00e9thode traditionnelle, certains utilisateurs modernes ont exp\u00e9riment\u00e9 diff\u00e9rentes mani\u00e8res de consommer le Yopo, m\u00eame si l'inhalation reste la m\u00e9thode la plus efficace et la plus fid\u00e8le \u00e0 l'histoire.<\/p>\n<p data-start=\"3738\" data-end=\"3748\"><strong>Avertissement<\/strong><\/p>\n<p data-start=\"3750\" data-end=\"4286\" data-is-last-node=\"\">Yopo (Anadenanthera Peregrina) est une substance psychoactive puissante qui doit \u00eatre utilis\u00e9e avec prudence. Il ne convient pas aux personnes \u00e2g\u00e9es de moins de 18 ans. Les femmes enceintes ou allaitantes, les personnes souffrant de troubles m\u00e9dicaux pr\u00e9existants ou les personnes prenant des m\u00e9dicaments doivent consulter un professionnel de la sant\u00e9 avant d'utiliser ce produit. Une mauvaise pr\u00e9paration ou une utilisation excessive peut provoquer des naus\u00e9es, des vertiges ou des malaises. Ce produit est destin\u00e9 \u00e0 des utilisateurs responsables et exp\u00e9riment\u00e9s uniquement. Conservez-le toujours dans un endroit frais et sec et gardez-le hors de port\u00e9e des enfants.<\/p>","protected":false},"excerpt":{"rendered":"<p>Yopo (Anadenanthera Peregrina) est une plante traditionnelle d'Am\u00e9rique du Sud r\u00e9put\u00e9e pour ses effets psychoactifs. Les graines de cette plante sont utilis\u00e9es depuis des si\u00e8cles par les cultures indig\u00e8nes dans des pratiques spirituelles et visionnaires. Le Yopo induit une exp\u00e9rience puissante mais de courte dur\u00e9e, d'environ 90 minutes, et est g\u00e9n\u00e9ralement utilis\u00e9 dans des contextes rituels ou introspectifs. Cette substance naturelle est id\u00e9ale pour ceux qui cherchent \u00e0 explorer des \u00e9tats mentaux et \u00e9motionnels profonds dans un environnement contr\u00f4l\u00e9.<\/p>\n<p>15 Graines<\/p>","protected":false},"featured_media":81941,"template":"","meta":[],"product_brand":[],"product_cat":[388,297,818,406,384],"product_tag":[],"class_list":{"0":"post-35985","1":"product","2":"type-product","3":"status-publish","4":"has-post-thumbnail","6":"product_cat-lsa-seeds","7":"product_cat-all-products","8":"product_cat-mcmystic","9":"product_cat-psychedelic-herbs","10":"product_cat-smartshop","11":"product_shipping_class-not-allowed-group-3","13":"first","14":"instock","15":"taxable","16":"shipping-taxable","17":"purchasable","18":"product-type-variable","19":"has-default-attributes"},"_links":{"self":[{"href":"https:\/\/www.headshop.nl\/fr\/wp-json\/wp\/v2\/product\/35985","targetHints":{"allow":["GET"]}}],"collection":[{"href":"https:\/\/www.headshop.nl\/fr\/wp-json\/wp\/v2\/product"}],"about":[{"href":"https:\/\/www.headshop.nl\/fr\/wp-json\/wp\/v2\/types\/product"}],"wp:featuredmedia":[{"embeddable":true,"href":"https:\/\/www.headshop.nl\/fr\/wp-json\/wp\/v2\/media\/81941"}],"wp:attachment":[{"href":"https:\/\/www.headshop.nl\/fr\/wp-json\/wp\/v2\/media?parent=35985"}],"wp:term":[{"taxonomy":"product_brand","embeddable":true,"href":"https:\/\/www.headshop.nl\/fr\/wp-json\/wp\/v2\/product_brand?post=35985"},{"taxonomy":"product_cat","embeddable":true,"href":"https:\/\/www.headshop.nl\/fr\/wp-json\/wp\/v2\/product_cat?post=35985"},{"taxonomy":"product_tag","embeddable":true,"href":"https:\/\/www.headshop.nl\/fr\/wp-json\/wp\/v2\/product_tag?post=35985"}],"curies":[{"name":"wp","href":"https:\/\/api.w.org\/{rel}","templated":true}]}}