{"id":35978,"date":"2021-08-19T10:34:51","date_gmt":"2021-08-19T10:34:51","guid":{"rendered":"https:\/\/www.headshop.nl\/?post_type=product&#038;p=35978"},"modified":"2025-10-16T07:05:24","modified_gmt":"2025-10-16T07:05:24","slug":"san-pedro-peruvianus-cactus-seeds","status":"publish","type":"product","link":"https:\/\/www.headshop.nl\/fr\/san-pedro-peruvianus-cactus-seeds\/","title":{"rendered":"San Pedro Peruvianus Graines de cactus"},"content":{"rendered":"<h2>100 San Pedro Peruvianus Graines de cactus pour la culture<\/h2>\n<p>Les cactus que vous pouvez cultiver \u00e0 partir des graines de cette plante \u00e9tonnante sont r\u00e9put\u00e9s pouvoir produire des effets comme le LSD, les champignons magiques et m\u00eame l'Ayahuasca reine. Le cactus qu'elle contient s'appelle la mescaline, qui ressemble chimiquement aux substances mentionn\u00e9es ci-dessus et produit des effets similaires lorsqu'elle est consomm\u00e9e par des personnes.<\/p>\n<p>Le cactus San Pedro Mescaline est utilis\u00e9 dans divers rituels et c\u00e9r\u00e9monies depuis des si\u00e8cles car il contient de nombreux alcalo\u00efdes diff\u00e9rents, dont le plus populaire, le Mescaline, qui peut avoir des effets similaires \u00e0 ceux du LSD.<\/p>\n<p>Selon certains chamans du P\u00e9rou ou de l'\u00c9quateur, le cactus San Pedro est consid\u00e9r\u00e9 comme un dieu \u00e0 lui tout seul. Heureusement, vous pouvez le cultiver chez vous !<\/p>","protected":false},"excerpt":{"rendered":"<p>Pendant des si\u00e8cles, l'ancien cactus de San Pedro est rest\u00e9 un objet sacr\u00e9 en Am\u00e9rique du Sud. On le trouve principalement comme plante ornementale et aussi pour ses propri\u00e9t\u00e9s m\u00e9dicinales naturelles qui comprennent des compos\u00e9s psychoactifs tels que la Mescaline. Les graines de San Pedro sont maintenant disponibles pour cultiver facilement votre propre cactus \u00e0 la maison !<\/p>","protected":false},"featured_media":38151,"template":"","meta":[],"product_brand":[],"product_cat":[394,297,384],"product_tag":[],"class_list":{"0":"post-35978","1":"product","2":"type-product","3":"status-publish","4":"has-post-thumbnail","6":"product_cat-mescaline-cacti","7":"product_cat-all-products","8":"product_cat-smartshop","9":"product_shipping_class-group-7","11":"first","12":"instock","13":"taxable","14":"shipping-taxable","15":"purchasable","16":"product-type-variable","17":"has-default-attributes"},"_links":{"self":[{"href":"https:\/\/www.headshop.nl\/fr\/wp-json\/wp\/v2\/product\/35978","targetHints":{"allow":["GET"]}}],"collection":[{"href":"https:\/\/www.headshop.nl\/fr\/wp-json\/wp\/v2\/product"}],"about":[{"href":"https:\/\/www.headshop.nl\/fr\/wp-json\/wp\/v2\/types\/product"}],"wp:featuredmedia":[{"embeddable":true,"href":"https:\/\/www.headshop.nl\/fr\/wp-json\/wp\/v2\/media\/38151"}],"wp:attachment":[{"href":"https:\/\/www.headshop.nl\/fr\/wp-json\/wp\/v2\/media?parent=35978"}],"wp:term":[{"taxonomy":"product_brand","embeddable":true,"href":"https:\/\/www.headshop.nl\/fr\/wp-json\/wp\/v2\/product_brand?post=35978"},{"taxonomy":"product_cat","embeddable":true,"href":"https:\/\/www.headshop.nl\/fr\/wp-json\/wp\/v2\/product_cat?post=35978"},{"taxonomy":"product_tag","embeddable":true,"href":"https:\/\/www.headshop.nl\/fr\/wp-json\/wp\/v2\/product_tag?post=35978"}],"curies":[{"name":"wp","href":"https:\/\/api.w.org\/{rel}","templated":true}]}}