{"id":35976,"date":"2021-08-19T10:34:49","date_gmt":"2021-08-19T10:34:49","guid":{"rendered":"https:\/\/www.headshop.nl\/?post_type=product&#038;p=35976"},"modified":"2025-10-16T07:05:24","modified_gmt":"2025-10-16T07:05:24","slug":"san-pedro-bridgesii-cactus-seeds","status":"publish","type":"product","link":"https:\/\/www.headshop.nl\/fr\/san-pedro-bridgesii-cactus-seeds\/","title":{"rendered":"San Pedro Bridgesii Graines de cactus"},"content":{"rendered":"<h2>100 San Pedro Bridgesii graines de cactus pour la culture<\/h2>\n<p>Le cactus San Pedro Mescaline est consid\u00e9r\u00e9 comme une divinit\u00e9 \u00e0 part enti\u00e8re par certains chamans du P\u00e9rou ou de l'\u00c9quateur, mais vous pouvez le cultiver chez vous !<\/p>\n<p>Selon certains chamans du P\u00e9rou ou de l'\u00c9quateur, le cactus San Pedro est consid\u00e9r\u00e9 comme un dieu \u00e0 lui tout seul. Heureusement, vous pouvez le cultiver chez vous !<\/p>\n<p>Obtenez 100 graines de cette plante magique et voyez ce qui se passe lorsque vous essayez de cultiver des cactus \u00e0 la mescaline. Cette cr\u00e9ature \u00e9tonnante est utilis\u00e9e depuis des si\u00e8cles par des personnes des deux pays en raison de tous les alcalo\u00efdes qu'elle contient - comme la mescaline qui ressemble chimiquement au LSD et produit des effets similaires \u00e0 ceux des champignons magiques, du LSD, voire de l'Ayahuasca reine elle-m\u00eame.<\/p>","protected":false},"excerpt":{"rendered":"<p>Le San Pedro est un cactus utilis\u00e9 dans des rituels et des c\u00e9r\u00e9monies depuis des si\u00e8cles en raison de la vari\u00e9t\u00e9 d'alcalo\u00efdes qu'il contient. Le plus populaire d'entre eux est la mescaline, dont la popularit\u00e9 s'est accrue avec l'utilisation par les chamans qui boivent des infusions compos\u00e9es d'autres plantes psychoactives ou m\u00e9dicinales pour produire des visions au cours de leur travail spirituel.<\/p>","protected":false},"featured_media":38153,"template":"","meta":[],"product_brand":[],"product_cat":[394,297,384],"product_tag":[],"class_list":{"0":"post-35976","1":"product","2":"type-product","3":"status-publish","4":"has-post-thumbnail","6":"product_cat-mescaline-cacti","7":"product_cat-all-products","8":"product_cat-smartshop","9":"product_shipping_class-group-7","11":"first","12":"instock","13":"taxable","14":"shipping-taxable","15":"purchasable","16":"product-type-variable","17":"has-default-attributes"},"_links":{"self":[{"href":"https:\/\/www.headshop.nl\/fr\/wp-json\/wp\/v2\/product\/35976","targetHints":{"allow":["GET"]}}],"collection":[{"href":"https:\/\/www.headshop.nl\/fr\/wp-json\/wp\/v2\/product"}],"about":[{"href":"https:\/\/www.headshop.nl\/fr\/wp-json\/wp\/v2\/types\/product"}],"wp:featuredmedia":[{"embeddable":true,"href":"https:\/\/www.headshop.nl\/fr\/wp-json\/wp\/v2\/media\/38153"}],"wp:attachment":[{"href":"https:\/\/www.headshop.nl\/fr\/wp-json\/wp\/v2\/media?parent=35976"}],"wp:term":[{"taxonomy":"product_brand","embeddable":true,"href":"https:\/\/www.headshop.nl\/fr\/wp-json\/wp\/v2\/product_brand?post=35976"},{"taxonomy":"product_cat","embeddable":true,"href":"https:\/\/www.headshop.nl\/fr\/wp-json\/wp\/v2\/product_cat?post=35976"},{"taxonomy":"product_tag","embeddable":true,"href":"https:\/\/www.headshop.nl\/fr\/wp-json\/wp\/v2\/product_tag?post=35976"}],"curies":[{"name":"wp","href":"https:\/\/api.w.org\/{rel}","templated":true}]}}