{"id":35974,"date":"2021-08-19T10:28:43","date_gmt":"2021-08-19T10:28:43","guid":{"rendered":"https:\/\/www.headshop.nl\/?post_type=product&#038;p=35974"},"modified":"2025-10-16T07:05:25","modified_gmt":"2025-10-16T07:05:25","slug":"san-pedro-pachanoi-cactus-seeds","status":"publish","type":"product","link":"https:\/\/www.headshop.nl\/fr\/san-pedro-pachanoi-cactus-seeds\/","title":{"rendered":"San Pedro Pachanoi Graines de cactus"},"content":{"rendered":"<h2>100 San Pedro Pachanoi graines de cactus pour la culture<\/h2>\n<p>Le cactus San Pedro Mescaline est utilis\u00e9 dans divers rituels et c\u00e9r\u00e9monies depuis des si\u00e8cles car il contient de nombreux alcalo\u00efdes diff\u00e9rents, dont le plus populaire, le Mescaline, qui peut avoir des effets similaires \u00e0 ceux du LSD.<\/p>\n<p>Selon certains chamans du P\u00e9rou ou de l'\u00c9quateur, le cactus San Pedro est consid\u00e9r\u00e9 comme un dieu \u00e0 lui tout seul. Heureusement, vous pouvez le cultiver chez vous !<\/p>\n<p>Obtenez 100 graines de cette plante magique et voyez ce qui se passe lorsque vous essayez de cultiver des cactus \u00e0 la mescaline. Cette cr\u00e9ature \u00e9tonnante est utilis\u00e9e depuis des si\u00e8cles par des personnes des deux pays en raison de tous les alcalo\u00efdes qu'elle contient - comme la mescaline qui ressemble chimiquement au LSD et produit des effets similaires \u00e0 ceux des champignons magiques, du LSD, voire de l'Ayahuasca reine elle-m\u00eame.<\/p>","protected":false},"excerpt":{"rendered":"<p>Ce cactus magique est consid\u00e9r\u00e9 comme un dieu \u00e0 part enti\u00e8re par certains chamans du P\u00e9rou ou de l'\u00c9quateur. Cultivez votre propre plante qui donne de la mescaline avec 100 graines de cactus San Pedro !<\/p>","protected":false},"featured_media":38155,"template":"","meta":[],"product_brand":[],"product_cat":[394,297,384],"product_tag":[],"class_list":{"0":"post-35974","1":"product","2":"type-product","3":"status-publish","4":"has-post-thumbnail","6":"product_cat-mescaline-cacti","7":"product_cat-all-products","8":"product_cat-smartshop","9":"product_shipping_class-group-7","11":"first","12":"instock","13":"taxable","14":"shipping-taxable","15":"purchasable","16":"product-type-variable","17":"has-default-attributes"},"_links":{"self":[{"href":"https:\/\/www.headshop.nl\/fr\/wp-json\/wp\/v2\/product\/35974","targetHints":{"allow":["GET"]}}],"collection":[{"href":"https:\/\/www.headshop.nl\/fr\/wp-json\/wp\/v2\/product"}],"about":[{"href":"https:\/\/www.headshop.nl\/fr\/wp-json\/wp\/v2\/types\/product"}],"wp:featuredmedia":[{"embeddable":true,"href":"https:\/\/www.headshop.nl\/fr\/wp-json\/wp\/v2\/media\/38155"}],"wp:attachment":[{"href":"https:\/\/www.headshop.nl\/fr\/wp-json\/wp\/v2\/media?parent=35974"}],"wp:term":[{"taxonomy":"product_brand","embeddable":true,"href":"https:\/\/www.headshop.nl\/fr\/wp-json\/wp\/v2\/product_brand?post=35974"},{"taxonomy":"product_cat","embeddable":true,"href":"https:\/\/www.headshop.nl\/fr\/wp-json\/wp\/v2\/product_cat?post=35974"},{"taxonomy":"product_tag","embeddable":true,"href":"https:\/\/www.headshop.nl\/fr\/wp-json\/wp\/v2\/product_tag?post=35974"}],"curies":[{"name":"wp","href":"https:\/\/api.w.org\/{rel}","templated":true}]}}