{"id":35940,"date":"2021-08-19T10:05:59","date_gmt":"2021-08-19T10:05:59","guid":{"rendered":"https:\/\/www.headshop.nl\/?post_type=product&#038;p=35940"},"modified":"2025-10-16T07:05:25","modified_gmt":"2025-10-16T07:05:25","slug":"peyote-cactus-seeds","status":"publish","type":"product","link":"https:\/\/www.headshop.nl\/fr\/peyote-cactus-seeds\/","title":{"rendered":"Peyote Graines de cactus"},"content":{"rendered":"<h2>10 Peyote Graines de cactus pour la culture<\/h2>\n<p>La Mescaline est surtout connue pour sa structure chimique similaire \u00e0 celle de la LSD, tout en produisant des effets tr\u00e8s proches de ceux des champignons magiques ou des drogues psych\u00e9d\u00e9liques telles que la LSD elle-m\u00eame. Certains disent qu'ils trouvent leur exp\u00e9rience avec cette plante plus ancr\u00e9e et plus facile \u00e0 contr\u00f4ler que d'autres psych\u00e9d\u00e9liques disponibles sur le march\u00e9 aujourd'hui, rien qu'\u00e0 cause de ces qualit\u00e9s.<\/p>\n<p>Ce cactus magique est consid\u00e9r\u00e9 comme un dieu \u00e0 lui tout seul par certains chamans... Et maintenant, vous pouvez aussi le cultiver chez vous ! Obtenez 10 graines de cactus Peyote et faites pousser votre propre plante produisant de la mescaline dans le confort de votre jardin.<\/p>\n<p>Ce sp\u00e9cimen fantastique est utilis\u00e9 depuis des si\u00e8cles dans divers rituels am\u00e9rindiens, en raison de la grande diversit\u00e9 des alcalo\u00efdes. Le plus populaire \u00e9tant : Mescaline, qui pr\u00e9sente des similitudes chimiques avec LSD tout en ayant des effets presque identiques \u00e0 ceux que nous connaissons mieux comme les champignons magiques ou m\u00eame la reine Ayahuasca elle-m\u00eame.<\/p>\n<p>Certains affirment que ce voyage peut donner l'impression d'\u00eatre plus ancr\u00e9 que d'autres apr\u00e8s l'ingestion de ces plantes en raison de leur niveau \u00e9lev\u00e9 de psych\u00e9d\u00e9lisme.<\/p>","protected":false},"excerpt":{"rendered":"<p>Depuis des mill\u00e9naires, le cactus Peyote est consid\u00e9r\u00e9 comme un dieu dans certains rituels chamaniques des Am\u00e9rindiens. Vous pouvez d\u00e9sormais le cultiver chez vous ! Obtenez 10 graines et commencez \u00e0 cultiver vos propres cactus produisant de la mescaline d\u00e8s aujourd'hui !<\/p>","protected":false},"featured_media":38187,"template":"","meta":[],"product_brand":[],"product_cat":[394,297,384],"product_tag":[],"class_list":{"0":"post-35940","1":"product","2":"type-product","3":"status-publish","4":"has-post-thumbnail","6":"product_cat-mescaline-cacti","7":"product_cat-all-products","8":"product_cat-smartshop","9":"product_shipping_class-group-7","11":"first","12":"instock","13":"taxable","14":"shipping-taxable","15":"purchasable","16":"product-type-variable","17":"has-default-attributes"},"_links":{"self":[{"href":"https:\/\/www.headshop.nl\/fr\/wp-json\/wp\/v2\/product\/35940","targetHints":{"allow":["GET"]}}],"collection":[{"href":"https:\/\/www.headshop.nl\/fr\/wp-json\/wp\/v2\/product"}],"about":[{"href":"https:\/\/www.headshop.nl\/fr\/wp-json\/wp\/v2\/types\/product"}],"wp:featuredmedia":[{"embeddable":true,"href":"https:\/\/www.headshop.nl\/fr\/wp-json\/wp\/v2\/media\/38187"}],"wp:attachment":[{"href":"https:\/\/www.headshop.nl\/fr\/wp-json\/wp\/v2\/media?parent=35940"}],"wp:term":[{"taxonomy":"product_brand","embeddable":true,"href":"https:\/\/www.headshop.nl\/fr\/wp-json\/wp\/v2\/product_brand?post=35940"},{"taxonomy":"product_cat","embeddable":true,"href":"https:\/\/www.headshop.nl\/fr\/wp-json\/wp\/v2\/product_cat?post=35940"},{"taxonomy":"product_tag","embeddable":true,"href":"https:\/\/www.headshop.nl\/fr\/wp-json\/wp\/v2\/product_tag?post=35940"}],"curies":[{"name":"wp","href":"https:\/\/api.w.org\/{rel}","templated":true}]}}