{"id":35900,"date":"2021-08-19T09:18:01","date_gmt":"2021-08-19T09:18:01","guid":{"rendered":"https:\/\/www.headshop.nl\/?post_type=product&#038;p=35900"},"modified":"2026-02-11T13:26:17","modified_gmt":"2026-02-11T13:26:17","slug":"ultimatex-partypills","status":"publish","type":"product","link":"https:\/\/www.headshop.nl\/fr\/ultimatex-partypills\/","title":{"rendered":"UltimateX Partypills"},"content":{"rendered":"<h2 data-pm-slice=\"1 1 []\">Qu'est-ce que le UltimateX ?<\/h2>\n<p>UltimateX est un stimulant \u00e9nerg\u00e9tique naturel con\u00e7u pour am\u00e9liorer votre exp\u00e9rience de la f\u00eate. Que vous soyez dans un festival, un club ou une f\u00eate priv\u00e9e, ces pilules fournissent le m\u00e9lange parfait d'\u00e9nergie et d'euphorie pour vous permettre de continuer \u00e0 vivre. Inspir\u00e9 par les bonbons classiques \"salmiak\", UltimateX fournit un coup de fouet puissant sans les effets secondaires ind\u00e9sirables des stimulants traditionnels. Gr\u00e2ce \u00e0 un m\u00e9lange soigneusement s\u00e9lectionn\u00e9 d'ingr\u00e9dients naturels, cette alternative l\u00e9gale au XTC vous assure de rester \u00e9nergique, concentr\u00e9 et dans l'instant, rendant chaque nuit inoubliable.<\/p>\n<h2>L'histoire de UltimateX<\/h2>\n<p>UltimateX a \u00e9t\u00e9 d\u00e9velopp\u00e9 pour ceux qui vivent la vie \u00e0 fond et qui ont besoin d'un coup de pouce suppl\u00e9mentaire pour suivre le rythme. Inspir\u00e9 par les traditions \u00e0 base de plantes et la culture festive moderne, DNX a cr\u00e9\u00e9 cette formule pour fournir un moyen l\u00e9gal et naturel d'am\u00e9liorer l'\u00e9nergie et l'humeur. Au fil du temps, la demande de stimulants \u00e0 base de plantes a augment\u00e9, ce qui a conduit \u00e0 des innovations dans le domaine des compl\u00e9ments \u00e9nerg\u00e9tiques. En combinant des super-aliments anciens comme la maca et le kratom avec des nootropiques modernes, UltimateX comble le foss\u00e9 entre le bien-\u00eatre naturel et la vie nocturne \u00e0 haute \u00e9nergie, en cr\u00e9ant un produit con\u00e7u pour les amateurs de f\u00eates du monde entier.<\/p>\n<h2>Comment utiliser UltimateX<\/h2>\n<p>Pour obtenir les meilleurs r\u00e9sultats, prenez 1 \u00e0 2 comprim\u00e9s 30 minutes avant le moment o\u00f9 vous souhaitez que les effets se fassent sentir. Si vous le souhaitez, vous pouvez augmenter la dose jusqu'\u00e0 un maximum de 4 comprim\u00e9s dans les 24 heures. Les effets varient d'une personne \u00e0 l'autre mais durent g\u00e9n\u00e9ralement plusieurs heures, procurant une \u00e9nergie soutenue et une sensation d'euphorie accrue. \u00c9vitez de d\u00e9passer la dose recommand\u00e9e pour garantir une exp\u00e9rience s\u00fbre et agr\u00e9able. Prenez toujours le UltimateX avec de l'eau et ne le m\u00e9langez jamais avec d'autres stimulants, de l'alcool ou des m\u00e9dicaments afin d'\u00e9viter toute interaction ind\u00e9sirable.<\/p>\n<h2>Ingr\u00e9dients de UltimateX<\/h2>\n<p>UltimateX contient un m\u00e9lange unique d'ingr\u00e9dients naturels qui agissent ensemble pour am\u00e9liorer l'\u00e9nergie, la concentration et l'humeur.<\/p>\n<ul data-spread=\"false\">\n<li><strong>Maca<\/strong>: Un adaptog\u00e8ne puissant connu pour augmenter l'endurance, \u00e9quilibrer les hormones et stimuler la libido.<\/li>\n<li><strong>Gingembre<\/strong>: Facilite la digestion, r\u00e9duit les naus\u00e9es et soutient les niveaux d'\u00e9nergie.<\/li>\n<li><strong>DL-Ph\u00e9nylalanine<\/strong>: Un acide amin\u00e9 qui aide \u00e0 r\u00e9guler l'humeur et \u00e0 am\u00e9liorer la vigilance en influen\u00e7ant la production de dopamine et d'endorphine.<\/li>\n<li><strong>Caf\u00e9ine<\/strong>: Un stimulant bien connu qui augmente l'\u00e9nergie et la vigilance, vous permettant de rester actif plus longtemps.<\/li>\n<li><strong>Kratom<\/strong>: Plante tropicale aux propri\u00e9t\u00e9s naturelles \u00e9nergisantes et anti-douleur, procurant un effet \u00e9quilibr\u00e9 et stimulant.<\/li>\n<\/ul>\n<p>Ces ingr\u00e9dients soigneusement s\u00e9lectionn\u00e9s agissent en synergie pour cr\u00e9er une formule puissante mais naturelle qui favorise l'endurance, la vigilance et l'am\u00e9lioration de l'humeur, faisant de UltimateX le compl\u00e9ment parfait de votre routine de f\u00eate.<\/p>\n<p><strong>Avertissement :<\/strong> UltimateX est un compl\u00e9ment alimentaire et ne doit pas \u00eatre utilis\u00e9 comme substitut d'un r\u00e9gime alimentaire \u00e9quilibr\u00e9. Tenir hors de port\u00e9e des enfants. R\u00e9serv\u00e9 aux personnes \u00e2g\u00e9es de 18 ans et plus. Ne pas utiliser en cas d'hypertension ou d'hypotension, de probl\u00e8mes cardiaques, de troubles de la thyro\u00efde, de maladies r\u00e9nales, de d\u00e9pression, de troubles nerveux ou de prise d'inhibiteurs de la MAO. \u00c9viter la consommation excessive d'alcool pendant l'utilisation de ce produit. Consulter un m\u00e9decin en cas de doute.<\/p>","protected":false},"excerpt":{"rendered":"<p data-pm-slice=\"1 1 []\">Vous cherchez un regain d'\u00e9nergie intense pour rendre votre f\u00eate inoubliable ? UltimateX est la pilule d'ecstasy naturelle qui vous fera danser jusqu'au lever du soleil. Gr\u00e2ce \u00e0 son m\u00e9lange unique d'ingr\u00e9dients, UltimateX am\u00e9liore votre endurance et votre euphorie, pour que chaque \u00e9v\u00e9nement soit une exp\u00e9rience inoubliable.<\/p>","protected":false},"featured_media":35928,"template":"","meta":[],"product_brand":[],"product_cat":[386,297,707,408,411,397,384],"product_tag":[],"class_list":{"0":"post-35900","1":"product","2":"type-product","3":"status-publish","4":"has-post-thumbnail","6":"product_cat-party-pills","7":"product_cat-all-products","8":"product_cat-buy-xtc","9":"product_cat-dnx","10":"product_cat-energy-pills","11":"product_cat-party","12":"product_cat-smartshop","14":"first","15":"instock","16":"taxable","17":"shipping-taxable","18":"purchasable","19":"product-type-variable","20":"has-default-attributes"},"_links":{"self":[{"href":"https:\/\/www.headshop.nl\/fr\/wp-json\/wp\/v2\/product\/35900","targetHints":{"allow":["GET"]}}],"collection":[{"href":"https:\/\/www.headshop.nl\/fr\/wp-json\/wp\/v2\/product"}],"about":[{"href":"https:\/\/www.headshop.nl\/fr\/wp-json\/wp\/v2\/types\/product"}],"wp:featuredmedia":[{"embeddable":true,"href":"https:\/\/www.headshop.nl\/fr\/wp-json\/wp\/v2\/media\/35928"}],"wp:attachment":[{"href":"https:\/\/www.headshop.nl\/fr\/wp-json\/wp\/v2\/media?parent=35900"}],"wp:term":[{"taxonomy":"product_brand","embeddable":true,"href":"https:\/\/www.headshop.nl\/fr\/wp-json\/wp\/v2\/product_brand?post=35900"},{"taxonomy":"product_cat","embeddable":true,"href":"https:\/\/www.headshop.nl\/fr\/wp-json\/wp\/v2\/product_cat?post=35900"},{"taxonomy":"product_tag","embeddable":true,"href":"https:\/\/www.headshop.nl\/fr\/wp-json\/wp\/v2\/product_tag?post=35900"}],"curies":[{"name":"wp","href":"https:\/\/api.w.org\/{rel}","templated":true}]}}