{"id":35836,"date":"2021-08-17T12:20:54","date_gmt":"2021-08-17T12:20:54","guid":{"rendered":"https:\/\/www.headshop.nl\/?post_type=product&#038;p=35836"},"modified":"2025-06-06T06:33:49","modified_gmt":"2025-06-06T06:33:49","slug":"mcsx-partypills","status":"publish","type":"product","link":"https:\/\/www.headshop.nl\/fr\/mcsx-partypills\/","title":{"rendered":"MCSX Partypills"},"content":{"rendered":"<h2>6 MCSX Partypills \u00e0 partir de HPA<\/h2>\n<p>Pouvez-vous utiliser la chambre \u00e0 coucher \u00e0 votre avantage ? Essayez les pilules sexuelles naturelles \u00e0 base de plantes de MCSX pour les femmes, les hommes et tous les autres. Ces produits sont sp\u00e9cialement con\u00e7us pour am\u00e9liorer la libido et l'endurance, de sorte que lorsque vient le moment de faire l'amour toute la nuit, personne n'a d'excuses pour ne pas donner le meilleur de lui-m\u00eame !<\/p>\n<p>Non seulement ces produits aident \u00e0 augmenter l'\u00e9nergie sexuelle, mais ils sont \u00e9galement disponibles sans que vous ayez \u00e0 craindre que les outils vous fassent d\u00e9faut \u00e0 nouveau. Pr\u00e9parez-vous \u00e0 une soir\u00e9e excitante !<\/p>\n<p>&nbsp;<\/p>","protected":false},"excerpt":{"rendered":"<p>MCSX est un stimulateur sexuel et de libido \u00e0 base de plantes. Il augmente le flux sanguin vers les muscles n\u00e9cessaires. En plus d'augmenter la libido, il vous donne beaucoup d'\u00e9nergie pour profiter d'une nuit de passion plus longue. Contient 6 g\u00e9lules.<\/p>","protected":false},"featured_media":35812,"template":"","meta":[],"product_brand":[],"product_cat":[395,297,707,411,494,386,705,384],"product_tag":[],"class_list":{"0":"post-35836","1":"product","2":"type-product","3":"status-publish","4":"has-post-thumbnail","6":"product_cat-aphrodisiacs","7":"product_cat-all-products","8":"product_cat-buy-xtc","9":"product_cat-energy-pills","10":"product_cat-hpa","11":"product_cat-party-pills","12":"product_cat-sex-shop","13":"product_cat-smartshop","14":"product_shipping_class-not-allowed-group-1","16":"first","17":"instock","18":"taxable","19":"shipping-taxable","20":"purchasable","21":"product-type-variable","22":"has-default-attributes"},"_links":{"self":[{"href":"https:\/\/www.headshop.nl\/fr\/wp-json\/wp\/v2\/product\/35836","targetHints":{"allow":["GET"]}}],"collection":[{"href":"https:\/\/www.headshop.nl\/fr\/wp-json\/wp\/v2\/product"}],"about":[{"href":"https:\/\/www.headshop.nl\/fr\/wp-json\/wp\/v2\/types\/product"}],"wp:featuredmedia":[{"embeddable":true,"href":"https:\/\/www.headshop.nl\/fr\/wp-json\/wp\/v2\/media\/35812"}],"wp:attachment":[{"href":"https:\/\/www.headshop.nl\/fr\/wp-json\/wp\/v2\/media?parent=35836"}],"wp:term":[{"taxonomy":"product_brand","embeddable":true,"href":"https:\/\/www.headshop.nl\/fr\/wp-json\/wp\/v2\/product_brand?post=35836"},{"taxonomy":"product_cat","embeddable":true,"href":"https:\/\/www.headshop.nl\/fr\/wp-json\/wp\/v2\/product_cat?post=35836"},{"taxonomy":"product_tag","embeddable":true,"href":"https:\/\/www.headshop.nl\/fr\/wp-json\/wp\/v2\/product_tag?post=35836"}],"curies":[{"name":"wp","href":"https:\/\/api.w.org\/{rel}","templated":true}]}}