{"id":35834,"date":"2021-08-17T12:20:50","date_gmt":"2021-08-17T12:20:50","guid":{"rendered":"https:\/\/www.headshop.nl\/?post_type=product&#038;p=35834"},"modified":"2025-10-10T01:26:26","modified_gmt":"2025-10-10T01:26:26","slug":"mdaa-partypills","status":"publish","type":"product","link":"https:\/\/www.headshop.nl\/fr\/mdaa-partypills\/","title":{"rendered":"MDAA Partypills"},"content":{"rendered":"<h2>6 MDAA Partypills \u00e0 partir de HPA<\/h2>\n<p>Quelle est la meilleure fa\u00e7on de faire la f\u00eate ? HPA MDAA ! Ce suppl\u00e9ment \u00e0 base de plantes vous fera passer \u00e0 un tout autre niveau, sans rien qui puisse \u00eatre mauvais pour vous. Avec des ingr\u00e9dients naturels et des extraits de plantes, cette pilule vous assure une \u00e9nergie plus grande que jamais tout en profitant des moments merveilleux de la vie sur des bandes sonores d'une qualit\u00e9 inou\u00efe.<\/p>\n<p>HPA MDAA est une alternative \u00e0 base de plantes aux pilules de la rue ! Elle stimule la vitalit\u00e9 et vous aide \u00e0 profiter du monde merveilleux du son. Remplie d'ingr\u00e9dients naturels, cette pilule vous permettra de passer une nuit merveilleuse sans effets secondaires le lendemain. Cette pilule est destin\u00e9e \u00e0 tous ceux qui veulent passer un bon moment en faisant la f\u00eate, mais qui ne veulent rien avoir de n\u00e9gatif en retour de leur consommation d'alcool ou de drogue.<\/p>","protected":false},"excerpt":{"rendered":"<p>HPA MDAA est la pilule festive \u00e0 base de plantes qui vous fera passer une nuit merveilleuse sans aucun effet secondaire. Ce produit naturel contient des ingr\u00e9dients qui renforcent votre vitalit\u00e9 et vous permettent de profiter plus facilement des plaisirs de la vie, comme la musique ! Soyez pr\u00eat \u00e0 faire la f\u00eate toute la nuit !<\/p>","protected":false},"featured_media":35816,"template":"","meta":[],"product_brand":[],"product_cat":[386,297,707,411,494,397,384],"product_tag":[],"class_list":{"0":"post-35834","1":"product","2":"type-product","3":"status-publish","4":"has-post-thumbnail","6":"product_cat-party-pills","7":"product_cat-all-products","8":"product_cat-buy-xtc","9":"product_cat-energy-pills","10":"product_cat-hpa","11":"product_cat-party","12":"product_cat-smartshop","13":"product_shipping_class-not-allowed-group-1","15":"first","16":"instock","17":"taxable","18":"shipping-taxable","19":"purchasable","20":"product-type-variable","21":"has-default-attributes"},"_links":{"self":[{"href":"https:\/\/www.headshop.nl\/fr\/wp-json\/wp\/v2\/product\/35834","targetHints":{"allow":["GET"]}}],"collection":[{"href":"https:\/\/www.headshop.nl\/fr\/wp-json\/wp\/v2\/product"}],"about":[{"href":"https:\/\/www.headshop.nl\/fr\/wp-json\/wp\/v2\/types\/product"}],"wp:featuredmedia":[{"embeddable":true,"href":"https:\/\/www.headshop.nl\/fr\/wp-json\/wp\/v2\/media\/35816"}],"wp:attachment":[{"href":"https:\/\/www.headshop.nl\/fr\/wp-json\/wp\/v2\/media?parent=35834"}],"wp:term":[{"taxonomy":"product_brand","embeddable":true,"href":"https:\/\/www.headshop.nl\/fr\/wp-json\/wp\/v2\/product_brand?post=35834"},{"taxonomy":"product_cat","embeddable":true,"href":"https:\/\/www.headshop.nl\/fr\/wp-json\/wp\/v2\/product_cat?post=35834"},{"taxonomy":"product_tag","embeddable":true,"href":"https:\/\/www.headshop.nl\/fr\/wp-json\/wp\/v2\/product_tag?post=35834"}],"curies":[{"name":"wp","href":"https:\/\/api.w.org\/{rel}","templated":true}]}}