{"id":35832,"date":"2021-08-17T12:20:42","date_gmt":"2021-08-17T12:20:42","guid":{"rendered":"https:\/\/www.headshop.nl\/?post_type=product&#038;p=35832"},"modified":"2025-06-06T06:31:12","modified_gmt":"2025-06-06T06:31:12","slug":"xtcy-partypills","status":"publish","type":"product","link":"https:\/\/www.headshop.nl\/fr\/xtcy-partypills\/","title":{"rendered":"XTCY Partypills"},"content":{"rendered":"<h2>6 XTCY Partypills \u00e0 partir de HPA<\/h2>\n<p>Si vous voulez danser toute la nuit sans vous soucier de quoi que ce soit, ne cherchez pas plus loin ! L'ensemble de pilules HPA XTCY Party comprend tout ce dont votre corps a besoin pour passer un moment inoubliable avec vos amis. Si la f\u00eate est trop intense pour une journ\u00e9e et que vous voulez recommencer le lendemain, cet ensemble de pilules est aussi l\u00e0 pour vous aider.<\/p>\n<p>Les f\u00eatards inventifs qui ont besoin d'un coup de fouet \u00e9nerg\u00e9tique devraient opter pour XTCY Energizers. La formule combine des ingr\u00e9dients naturels, vous donnant une pouss\u00e9e d'\u00e9nergie qui est parfaite pour les f\u00eates et vous aide \u00e0 passer la nuit. Certains utilisateurs trouvent qu'elle est tr\u00e8s proche de la v\u00e9ritable ecstasy, mais sans les effets secondaires !<\/p>\n<p>&nbsp;<\/p>","protected":false},"excerpt":{"rendered":"<p>Vous voulez faire la f\u00eate toute la nuit avec vos amis ? Le set de pilules HPA XTCY Party te donnera un regain d'\u00e9nergie naturel pour que les mouvements de danse les plus intenses ne t'\u00e9puisent pas. Ces pilules sont \u00e9galement une alternative saine aux drogues toxiques de la rue et sont fabriqu\u00e9es \u00e0 partir d'ingr\u00e9dients naturels enti\u00e8rement l\u00e9gaux !<\/p>","protected":false},"featured_media":35824,"template":"","meta":[],"product_brand":[],"product_cat":[386,297,707,411,494,397,384],"product_tag":[],"class_list":{"0":"post-35832","1":"product","2":"type-product","3":"status-publish","4":"has-post-thumbnail","6":"product_cat-party-pills","7":"product_cat-all-products","8":"product_cat-buy-xtc","9":"product_cat-energy-pills","10":"product_cat-hpa","11":"product_cat-party","12":"product_cat-smartshop","13":"product_shipping_class-not-allowed-group-1","15":"first","16":"instock","17":"taxable","18":"shipping-taxable","19":"purchasable","20":"product-type-variable","21":"has-default-attributes"},"_links":{"self":[{"href":"https:\/\/www.headshop.nl\/fr\/wp-json\/wp\/v2\/product\/35832","targetHints":{"allow":["GET"]}}],"collection":[{"href":"https:\/\/www.headshop.nl\/fr\/wp-json\/wp\/v2\/product"}],"about":[{"href":"https:\/\/www.headshop.nl\/fr\/wp-json\/wp\/v2\/types\/product"}],"wp:featuredmedia":[{"embeddable":true,"href":"https:\/\/www.headshop.nl\/fr\/wp-json\/wp\/v2\/media\/35824"}],"wp:attachment":[{"href":"https:\/\/www.headshop.nl\/fr\/wp-json\/wp\/v2\/media?parent=35832"}],"wp:term":[{"taxonomy":"product_brand","embeddable":true,"href":"https:\/\/www.headshop.nl\/fr\/wp-json\/wp\/v2\/product_brand?post=35832"},{"taxonomy":"product_cat","embeddable":true,"href":"https:\/\/www.headshop.nl\/fr\/wp-json\/wp\/v2\/product_cat?post=35832"},{"taxonomy":"product_tag","embeddable":true,"href":"https:\/\/www.headshop.nl\/fr\/wp-json\/wp\/v2\/product_tag?post=35832"}],"curies":[{"name":"wp","href":"https:\/\/api.w.org\/{rel}","templated":true}]}}