{"id":35830,"date":"2021-08-17T12:20:41","date_gmt":"2021-08-17T12:20:41","guid":{"rendered":"https:\/\/www.headshop.nl\/?post_type=product&#038;p=35830"},"modified":"2025-06-06T06:34:03","modified_gmt":"2025-06-06T06:34:03","slug":"triple-xxx-partypills","status":"publish","type":"product","link":"https:\/\/www.headshop.nl\/fr\/triple-xxx-partypills\/","title":{"rendered":"Triple XXX Partypills"},"content":{"rendered":"<h2>6 Triple XXX Partypills \u00e0 partir de HPA<\/h2>\n<p>Triple XXX party pills est le meilleur choix pour ceux qui veulent passer une nuit vraiment m\u00e9morable. Triple XXX contient des ingr\u00e9dients naturels qui procurent une exp\u00e9rience euphorisante, ainsi qu'une certaine force mentale lorsque vous en avez le plus besoin !<\/p>\n<p>Si vous voulez faire la f\u00eate comme un Hollandais \u00e0 Amsterdam, Triple XXX est la pilule qu'il vous faut. Ces pilules sont compos\u00e9es d'ingr\u00e9dients naturels qui fournissent des doses saines d'\u00e9nergie et de bonnes vibrations sans substances artificielles ni effets secondaires dangereux.<\/p>\n<p>Le Triple XXX pr\u00e9sente tous les avantages des drogues festives classiques, mais aucun de leurs inconv\u00e9nients : il ne cr\u00e9e pas de d\u00e9pendance et ne provoque pas d'hallucinations en cas de surdosage ! Ne vous inqui\u00e9tez pas trop pour votre foie car ces pilules ne contiennent que deux types de stimulants (caf\u00e9ine et guarana) dont l'innocuit\u00e9 a \u00e9t\u00e9 prouv\u00e9e par diverses \u00e9tudes m\u00e9dicales.<\/p>\n<p>Les pilules de f\u00eate Triple XXX rempliront votre nuit d'\u00e9nergie et de bonnes vibrations. C'est un excellent choix si vous ne cherchez pas seulement une pilule euphorisante pour faire la f\u00eate, mais que vous voulez aussi ajouter un peu de puissance mentale en plus !<\/p>","protected":false},"excerpt":{"rendered":"<p>Les pilules de f\u00eate Triple X ont \u00e9t\u00e9 con\u00e7ues pour rendre votre soir\u00e9e \u00e0 Amsterdam encore plus \u00e9tonnante. Ces suppl\u00e9ments naturels sont le choix parfait si vous voulez une soir\u00e9e euphorique et \u00e9nergique remplie de bonnes vibrations et de force mentale !<\/p>","protected":false},"featured_media":35820,"template":"","meta":[],"product_brand":[],"product_cat":[386,297,707,411,494,397,384],"product_tag":[],"class_list":{"0":"post-35830","1":"product","2":"type-product","3":"status-publish","4":"has-post-thumbnail","6":"product_cat-party-pills","7":"product_cat-all-products","8":"product_cat-buy-xtc","9":"product_cat-energy-pills","10":"product_cat-hpa","11":"product_cat-party","12":"product_cat-smartshop","13":"product_shipping_class-not-allowed-group-1","15":"first","16":"instock","17":"taxable","18":"shipping-taxable","19":"purchasable","20":"product-type-variable","21":"has-default-attributes"},"_links":{"self":[{"href":"https:\/\/www.headshop.nl\/fr\/wp-json\/wp\/v2\/product\/35830","targetHints":{"allow":["GET"]}}],"collection":[{"href":"https:\/\/www.headshop.nl\/fr\/wp-json\/wp\/v2\/product"}],"about":[{"href":"https:\/\/www.headshop.nl\/fr\/wp-json\/wp\/v2\/types\/product"}],"wp:featuredmedia":[{"embeddable":true,"href":"https:\/\/www.headshop.nl\/fr\/wp-json\/wp\/v2\/media\/35820"}],"wp:attachment":[{"href":"https:\/\/www.headshop.nl\/fr\/wp-json\/wp\/v2\/media?parent=35830"}],"wp:term":[{"taxonomy":"product_brand","embeddable":true,"href":"https:\/\/www.headshop.nl\/fr\/wp-json\/wp\/v2\/product_brand?post=35830"},{"taxonomy":"product_cat","embeddable":true,"href":"https:\/\/www.headshop.nl\/fr\/wp-json\/wp\/v2\/product_cat?post=35830"},{"taxonomy":"product_tag","embeddable":true,"href":"https:\/\/www.headshop.nl\/fr\/wp-json\/wp\/v2\/product_tag?post=35830"}],"curies":[{"name":"wp","href":"https:\/\/api.w.org\/{rel}","templated":true}]}}