{"id":35754,"date":"2021-08-17T09:22:54","date_gmt":"2021-08-17T09:22:54","guid":{"rendered":"https:\/\/www.headshop.nl\/?post_type=product&#038;p=35754"},"modified":"2026-01-20T13:52:31","modified_gmt":"2026-01-20T13:52:31","slug":"trip-e-happycaps","status":"publish","type":"product","link":"https:\/\/www.headshop.nl\/fr\/trip-e-happycaps\/","title":{"rendered":"Trip E Happy Caps"},"content":{"rendered":"<h2>4 Partypills de Trip E de HappyCaps<\/h2>\n<p>Si vous recherchez une exp\u00e9rience psych\u00e9d\u00e9lique et m\u00e9ditative avec votre pilule festive, celle-ci sera parfaite. Commencez lentement (2 bouchons maximum) pour ne pas \u00eatre submerg\u00e9 la premi\u00e8re fois !<\/p>\n<p>Cette alternative \u00e0 base de plantes est excellente en raison de son voyage introspectif accessible \u00e0 toute personne qui prend soin de son esprit avant de s'embarquer dans une aventure trippante !<\/p>\n<p>Trip-E offre une exp\u00e9rience psych\u00e9d\u00e9lique unique et intense. La formule est parfaite pour ceux qui cherchent \u00e0 passer \u00e0 l'\u00e9tape suivante de leur voyage dans l'exploration de la conscience et l'expansion de la conscience par le biais d'un voyage inoubliable sans distraction.<\/p>\n<p>Trip-E, une capsule psych\u00e9d\u00e9lique qui vous emm\u00e8ne dans un voyage m\u00e9ditatif inoubliable. Cette formule est parfaite pour tout environnement o\u00f9 rien ne peut distraire le tripper de son exp\u00e9rience spectaculaire et intense.<\/p>","protected":false},"excerpt":{"rendered":"<p>Trip E Happy Caps est la pilule de f\u00eate la plus trippante qui soit. Cette formule naturelle \u00e0 base de plantes vous ouvrira les portes d'un monde psych\u00e9d\u00e9lique \u00e9tonnant avec des images lumineuses incluses !<\/p>","protected":false},"featured_media":47998,"template":"","meta":[],"product_brand":[],"product_cat":[412,297,707,409,397,386,384],"product_tag":[],"class_list":{"0":"post-35754","1":"product","2":"type-product","3":"status-publish","4":"has-post-thumbnail","6":"product_cat-trippy-pills","7":"product_cat-all-products","8":"product_cat-buy-xtc","9":"product_cat-happy-caps","10":"product_cat-party","11":"product_cat-party-pills","12":"product_cat-smartshop","13":"product_shipping_class-not-allowed-group-3","15":"first","16":"instock","17":"taxable","18":"shipping-taxable","19":"purchasable","20":"product-type-variable","21":"has-default-attributes"},"_links":{"self":[{"href":"https:\/\/www.headshop.nl\/fr\/wp-json\/wp\/v2\/product\/35754","targetHints":{"allow":["GET"]}}],"collection":[{"href":"https:\/\/www.headshop.nl\/fr\/wp-json\/wp\/v2\/product"}],"about":[{"href":"https:\/\/www.headshop.nl\/fr\/wp-json\/wp\/v2\/types\/product"}],"wp:featuredmedia":[{"embeddable":true,"href":"https:\/\/www.headshop.nl\/fr\/wp-json\/wp\/v2\/media\/47998"}],"wp:attachment":[{"href":"https:\/\/www.headshop.nl\/fr\/wp-json\/wp\/v2\/media?parent=35754"}],"wp:term":[{"taxonomy":"product_brand","embeddable":true,"href":"https:\/\/www.headshop.nl\/fr\/wp-json\/wp\/v2\/product_brand?post=35754"},{"taxonomy":"product_cat","embeddable":true,"href":"https:\/\/www.headshop.nl\/fr\/wp-json\/wp\/v2\/product_cat?post=35754"},{"taxonomy":"product_tag","embeddable":true,"href":"https:\/\/www.headshop.nl\/fr\/wp-json\/wp\/v2\/product_tag?post=35754"}],"curies":[{"name":"wp","href":"https:\/\/api.w.org\/{rel}","templated":true}]}}