{"id":35751,"date":"2021-08-17T08:58:20","date_gmt":"2021-08-17T08:58:20","guid":{"rendered":"https:\/\/www.headshop.nl\/?post_type=product&#038;p=35751"},"modified":"2022-09-19T14:03:24","modified_gmt":"2022-09-19T14:03:24","slug":"space-e-happycaps","status":"publish","type":"product","link":"https:\/\/www.headshop.nl\/fr\/space-e-happycaps\/","title":{"rendered":"Space E Happy Caps"},"content":{"rendered":"<h2>4 Partypills de Space E de HappyCaps<\/h2>\n<p>La solution parfaite pour tout festival ou rave, Space E est la pilule psych\u00e9d\u00e9lique \u00e0 base de plantes qui vous donnera beaucoup d'\u00e9nergie et une nouvelle perspective psych\u00e9d\u00e9lique sur la vie.<\/p>\n<p>Space E est la solution phytoth\u00e9rapeutique parfaite pour les f\u00eatards qui cherchent \u00e0 s'\u00e9clater. Il peut am\u00e9liorer votre humeur, vous donner beaucoup d'\u00e9nergie tout en vous offrant une exp\u00e9rience psych\u00e9d\u00e9lique unique. Parfait si vous sortez et que vous voulez un peu plus de buzz ! Psy it up !<\/p>\n<p>Le Space-e de Happy Caps est une pilule festive qui a \u00e9t\u00e9 con\u00e7ue pour vous faire sentir \u00e0 la fois d\u00e9tendu et d\u00e9fonc\u00e9. Elle est parfaite lorsque vous \u00eates d'humeur \u00e0 passer une nuit de f\u00eate intense ou simplement \u00e0 vous d\u00e9tendre \u00e0 la maison avec des amis. Attendez-vous \u00e0 une exp\u00e9rience spatiale et quelque peu trippante, mais \u00e9nergique !<\/p>","protected":false},"excerpt":{"rendered":"<p>Space E est la pilule festive parfaite pour se d\u00e9tendre. Il convient donc parfaitement aux soir\u00e9es trance, car votre \u00e9nergie augmentera et vous vivrez une exp\u00e9rience euphorique l\u00e9g\u00e8rement psych\u00e9d\u00e9lique ! Tout cela sans aucun des effets secondaires des autres drogues - seulement des ingr\u00e9dients naturels dans le Happy Caps.<\/p>","protected":false},"featured_media":47996,"template":"","meta":[],"product_brand":[],"product_cat":[412,297,707,409,397,386,384],"product_tag":[],"class_list":{"0":"post-35751","1":"product","2":"type-product","3":"status-publish","4":"has-post-thumbnail","6":"product_cat-trippy-pills","7":"product_cat-all-products","8":"product_cat-buy-xtc","9":"product_cat-happy-caps","10":"product_cat-party","11":"product_cat-party-pills","12":"product_cat-smartshop","14":"first","15":"instock","16":"taxable","17":"shipping-taxable","18":"purchasable","19":"product-type-variable","20":"has-default-attributes"},"_links":{"self":[{"href":"https:\/\/www.headshop.nl\/fr\/wp-json\/wp\/v2\/product\/35751","targetHints":{"allow":["GET"]}}],"collection":[{"href":"https:\/\/www.headshop.nl\/fr\/wp-json\/wp\/v2\/product"}],"about":[{"href":"https:\/\/www.headshop.nl\/fr\/wp-json\/wp\/v2\/types\/product"}],"wp:featuredmedia":[{"embeddable":true,"href":"https:\/\/www.headshop.nl\/fr\/wp-json\/wp\/v2\/media\/47996"}],"wp:attachment":[{"href":"https:\/\/www.headshop.nl\/fr\/wp-json\/wp\/v2\/media?parent=35751"}],"wp:term":[{"taxonomy":"product_brand","embeddable":true,"href":"https:\/\/www.headshop.nl\/fr\/wp-json\/wp\/v2\/product_brand?post=35751"},{"taxonomy":"product_cat","embeddable":true,"href":"https:\/\/www.headshop.nl\/fr\/wp-json\/wp\/v2\/product_cat?post=35751"},{"taxonomy":"product_tag","embeddable":true,"href":"https:\/\/www.headshop.nl\/fr\/wp-json\/wp\/v2\/product_tag?post=35751"}],"curies":[{"name":"wp","href":"https:\/\/api.w.org\/{rel}","templated":true}]}}