{"id":35749,"date":"2021-08-17T08:03:43","date_gmt":"2021-08-17T08:03:43","guid":{"rendered":"https:\/\/www.headshop.nl\/?post_type=product&#038;p=35749"},"modified":"2026-02-21T01:26:16","modified_gmt":"2026-02-21T01:26:16","slug":"sex-e-happycaps","status":"publish","type":"product","link":"https:\/\/www.headshop.nl\/fr\/sex-e-happycaps\/","title":{"rendered":"Sex E Happy Caps"},"content":{"rendered":"<h2>4 Partypills de Sex E de HappyCaps<\/h2>\n<p>Le Sex E Happy Caps sera le compl\u00e9ment parfait de toute soir\u00e9e romantique. Cette formule naturelle \u00e0 base de plantes agit comme un aphrodisiaque et peut augmenter la libido, am\u00e9liorer les performances au lit, et bien plus encore !<\/p>\n<p>Pour ceux d'entre vous qui cherchent \u00e0 stimuler leur libido et \u00e0 am\u00e9liorer leur sensualit\u00e9, voici un aphrodisiaque parfait qui peut \u00eatre utilis\u00e9 par les deux partenaires ! Si vous planifiez une soir\u00e9e romantique avec votre partenaire et que vous voulez remplir l'air d'\u00e9nergie lascive, sortez ces ingr\u00e9dients puissants.<\/p>\n<p>Ils aideront toute personne qui souhaite que sa vie sexuelle explose en quelque chose de plus passionn\u00e9 que ce qu'elle a jamais connu auparavant - cette formule fonctionne m\u00eame sur les personnes qui n'ont pas d'exp\u00e9rience avec d'autres stimulants ou drogues - il suffit de l'ouvrir et de profiter des sensations le plus rapidement possible !<\/p>\n<p>Pour ceux qui envisagent d'utiliser un aphrodisiaque, ce compl\u00e9ment est parfait pour l'am\u00e9lioration sensuelle. Le stimulant qui stimule la libido sera rempli d'amour et d'excitation pendant les moments romantiques d'intimit\u00e9. Ceux qui n'ont pas d'exp\u00e9rience dans d'autres stimulations peuvent simplement l'utiliser lorsqu'ils veulent un petit coup de pouce suppl\u00e9mentaire !<\/p>","protected":false},"excerpt":{"rendered":"<p>Lorsque vous et votre partenaire vous sentez un peu fringants, prenez le Sex E Happy Caps ! Cette formule naturelle \u00e0 base de plantes agit comme un aphrodisiaque. Cela signifie qu'elle peut augmenter la libido et am\u00e9liorer les performances au lit, entre autres choses. Si cela ne se transforme pas en romance en un rien de temps, nous ne savons pas ce qui fera l'affaire !<\/p>","protected":false},"featured_media":47994,"template":"","meta":[],"product_brand":[],"product_cat":[395,297,707,411,409,386,705,384],"product_tag":[],"class_list":{"0":"post-35749","1":"product","2":"type-product","3":"status-publish","4":"has-post-thumbnail","6":"product_cat-aphrodisiacs","7":"product_cat-all-products","8":"product_cat-buy-xtc","9":"product_cat-energy-pills","10":"product_cat-happy-caps","11":"product_cat-party-pills","12":"product_cat-sex-shop","13":"product_cat-smartshop","15":"first","16":"instock","17":"taxable","18":"shipping-taxable","19":"purchasable","20":"product-type-variable","21":"has-default-attributes"},"_links":{"self":[{"href":"https:\/\/www.headshop.nl\/fr\/wp-json\/wp\/v2\/product\/35749","targetHints":{"allow":["GET"]}}],"collection":[{"href":"https:\/\/www.headshop.nl\/fr\/wp-json\/wp\/v2\/product"}],"about":[{"href":"https:\/\/www.headshop.nl\/fr\/wp-json\/wp\/v2\/types\/product"}],"wp:featuredmedia":[{"embeddable":true,"href":"https:\/\/www.headshop.nl\/fr\/wp-json\/wp\/v2\/media\/47994"}],"wp:attachment":[{"href":"https:\/\/www.headshop.nl\/fr\/wp-json\/wp\/v2\/media?parent=35749"}],"wp:term":[{"taxonomy":"product_brand","embeddable":true,"href":"https:\/\/www.headshop.nl\/fr\/wp-json\/wp\/v2\/product_brand?post=35749"},{"taxonomy":"product_cat","embeddable":true,"href":"https:\/\/www.headshop.nl\/fr\/wp-json\/wp\/v2\/product_cat?post=35749"},{"taxonomy":"product_tag","embeddable":true,"href":"https:\/\/www.headshop.nl\/fr\/wp-json\/wp\/v2\/product_tag?post=35749"}],"curies":[{"name":"wp","href":"https:\/\/api.w.org\/{rel}","templated":true}]}}