{"id":35745,"date":"2021-08-17T07:34:08","date_gmt":"2021-08-17T07:34:08","guid":{"rendered":"https:\/\/www.headshop.nl\/?post_type=product&#038;p=35745"},"modified":"2025-12-31T01:26:25","modified_gmt":"2025-12-31T01:26:25","slug":"heavenly-e-happycaps","status":"publish","type":"product","link":"https:\/\/www.headshop.nl\/fr\/heavenly-e-happycaps\/","title":{"rendered":"Heavenly E Happy Caps"},"content":{"rendered":"<h2>4 Partypills de Heavenly E de HappyCaps<\/h2>\n<p>Relaxing est facile quand on sait ce qu'il faut faire. Les g\u00e9lules Heavenly E de Happy Caps sont exactement ce qu'il vous faut pour vous sentir bien dans votre peau et dans votre vie ! Ces pilules naturelles puissantes vous permettront de vous sentir d\u00e9tendu, de r\u00e9duire le stress et de faire circuler des sentiments positifs dans toutes les parties de votre corps - ainsi que d'am\u00e9liorer l'humeur en g\u00e9n\u00e9ral avec une bonne dose de sentiments apaisants.<\/p>\n<p>Oubliez tous les probl\u00e8mes qui pourraient se trouver dans votre assiette : profitez de cette nuit de repos sans plus jamais vous inqui\u00e9ter car cette capsule peut se d\u00e9barrasser de tout ce qui est n\u00e9gatif ou stressant comme un vrai patron !<\/p>\n<p>Ce s\u00e9datif est une excellente alternative pour ceux qui souhaitent se d\u00e9tendre \u00e0 la fin de la journ\u00e9e. Il ne vous rendra pas l\u00e9thargique, mais il placera votre esprit dans un \u00e9tat de s\u00e9r\u00e9nit\u00e9 o\u00f9 tous les soucis vous para\u00eetront anodins.<\/p>\n<p>Cette pilule soulage le stress et donne m\u00eame de l'\u00e9nergie ! Ce suppl\u00e9ment \u00e0 base de plantes peut \u00eatre exactement ce dont vous avez besoin apr\u00e8s une longue et dure journ\u00e9e o\u00f9 tout vous semble trop lourd - l\u00e2chez ce poids sur vos \u00e9paules.<\/p>","protected":false},"excerpt":{"rendered":"<p>Les g\u00e9lules Heavenly E de Happy Caps vous donneront l'impression que tous vos soucis ont disparu. La formule est compos\u00e9e d'ingr\u00e9dients naturels et veille \u00e0 ce que le stress ne prenne pas le dessus sur vous, tout en am\u00e9liorant votre humeur et en vous redonnant le moral !<\/p>","protected":false},"featured_media":47986,"template":"","meta":[],"product_brand":[],"product_cat":[386,297,707,409,396,413,384],"product_tag":[],"class_list":{"0":"post-35745","1":"product","2":"type-product","3":"status-publish","4":"has-post-thumbnail","6":"product_cat-party-pills","7":"product_cat-all-products","8":"product_cat-buy-xtc","9":"product_cat-happy-caps","10":"product_cat-relax","11":"product_cat-relax-pills","12":"product_cat-smartshop","14":"first","15":"instock","16":"taxable","17":"shipping-taxable","18":"purchasable","19":"product-type-variable","20":"has-default-attributes"},"_links":{"self":[{"href":"https:\/\/www.headshop.nl\/fr\/wp-json\/wp\/v2\/product\/35745","targetHints":{"allow":["GET"]}}],"collection":[{"href":"https:\/\/www.headshop.nl\/fr\/wp-json\/wp\/v2\/product"}],"about":[{"href":"https:\/\/www.headshop.nl\/fr\/wp-json\/wp\/v2\/types\/product"}],"wp:featuredmedia":[{"embeddable":true,"href":"https:\/\/www.headshop.nl\/fr\/wp-json\/wp\/v2\/media\/47986"}],"wp:attachment":[{"href":"https:\/\/www.headshop.nl\/fr\/wp-json\/wp\/v2\/media?parent=35745"}],"wp:term":[{"taxonomy":"product_brand","embeddable":true,"href":"https:\/\/www.headshop.nl\/fr\/wp-json\/wp\/v2\/product_brand?post=35745"},{"taxonomy":"product_cat","embeddable":true,"href":"https:\/\/www.headshop.nl\/fr\/wp-json\/wp\/v2\/product_cat?post=35745"},{"taxonomy":"product_tag","embeddable":true,"href":"https:\/\/www.headshop.nl\/fr\/wp-json\/wp\/v2\/product_tag?post=35745"}],"curies":[{"name":"wp","href":"https:\/\/api.w.org\/{rel}","templated":true}]}}