{"id":35741,"date":"2021-08-17T07:33:56","date_gmt":"2021-08-17T07:33:56","guid":{"rendered":"https:\/\/www.headshop.nl\/?post_type=product&#038;p=35741"},"modified":"2025-06-06T06:34:21","modified_gmt":"2025-06-06T06:34:21","slug":"atomic-partypills","status":"publish","type":"product","link":"https:\/\/www.headshop.nl\/fr\/atomic-partypills\/","title":{"rendered":"Atomic Partypills"},"content":{"rendered":"<h2>6 Atomic Partypills \u00e0 partir de HPA<\/h2>\n<p>Vous est-il d\u00e9j\u00e0 arriv\u00e9 d'\u00eatre tellement gonfl\u00e9 \u00e0 bloc que les gens autour de vous ressentent votre \u00e9nergie ? Ces pilules vous permettront de faire la f\u00eate pendant des heures sans interruption et avec beaucoup d'\u00e9nergie ! Elles donnent un coup de fouet \u00e0 l'esprit et au corps en toute occasion. Que ce soit parce que le travail a \u00e9puis\u00e9 votre endurance ou parce que vous voulez simplement faire la f\u00eate avec vos amis, ces pilules sont parfaites \u00e0 tout moment et en une seule nuit !<\/p>\n<p>Comme son nom l'indique, si vous cherchez une bombe \u00e9nerg\u00e9tique, ne cherchez pas plus loin que les pilules Atomic Party. Ce suppl\u00e9ment incroyable contient des ingr\u00e9dients naturels qui peuvent aider \u00e0 am\u00e9liorer les capacit\u00e9s cognitives comme la concentration tout en donnant aux utilisateurs des bouff\u00e9es d'\u00e9nergie durables tout au long de la journ\u00e9e sans avoir \u00e0 s'effondrer \u00e0 cause de ses effets plus tard dans la journ\u00e9e.<\/p>\n<p>Ces pilules de f\u00eate ont le potentiel d'\u00eatre une v\u00e9ritable bombe \u00e9nerg\u00e9tique et elles sont charg\u00e9es d'ingr\u00e9dients naturels qui peuvent stimuler vos capacit\u00e9s cognitives. Si vous souhaitez faire s\u00e9rieusement la f\u00eate, ces pilules feront certainement l'affaire !<\/p>","protected":false},"excerpt":{"rendered":"<p>Si vous cherchez un moyen rapide et facile d'obtenir l'\u00e9nergie d'une bombe atomique, les pilules de f\u00eate Atomic sont ce qu'il vous faut ! Non seulement ces pilules stimuleront vos capacit\u00e9s cognitives, mais elles contiennent \u00e9galement des ingr\u00e9dients naturels qui peuvent vous aider \u00e0 tenir \u00e0 distance ces ennuyeuses gueules de bois. Lorsqu'il s'agit de faire la f\u00eate ou de rester tard \u00e0 r\u00e9viser, ces g\u00e9lules nocturnes sont tout aussi utiles sur le campus qu'\u00e0 n'importe quelle autre occasion - alors essayez-les d\u00e8s aujourd'hui !<\/p>","protected":false},"featured_media":35828,"template":"","meta":[],"product_brand":[],"product_cat":[386,297,707,411,494,397,384],"product_tag":[],"class_list":{"0":"post-35741","1":"product","2":"type-product","3":"status-publish","4":"has-post-thumbnail","6":"product_cat-party-pills","7":"product_cat-all-products","8":"product_cat-buy-xtc","9":"product_cat-energy-pills","10":"product_cat-hpa","11":"product_cat-party","12":"product_cat-smartshop","13":"product_shipping_class-not-allowed-group-1","15":"first","16":"instock","17":"taxable","18":"shipping-taxable","19":"purchasable","20":"product-type-variable","21":"has-default-attributes"},"_links":{"self":[{"href":"https:\/\/www.headshop.nl\/fr\/wp-json\/wp\/v2\/product\/35741","targetHints":{"allow":["GET"]}}],"collection":[{"href":"https:\/\/www.headshop.nl\/fr\/wp-json\/wp\/v2\/product"}],"about":[{"href":"https:\/\/www.headshop.nl\/fr\/wp-json\/wp\/v2\/types\/product"}],"wp:featuredmedia":[{"embeddable":true,"href":"https:\/\/www.headshop.nl\/fr\/wp-json\/wp\/v2\/media\/35828"}],"wp:attachment":[{"href":"https:\/\/www.headshop.nl\/fr\/wp-json\/wp\/v2\/media?parent=35741"}],"wp:term":[{"taxonomy":"product_brand","embeddable":true,"href":"https:\/\/www.headshop.nl\/fr\/wp-json\/wp\/v2\/product_brand?post=35741"},{"taxonomy":"product_cat","embeddable":true,"href":"https:\/\/www.headshop.nl\/fr\/wp-json\/wp\/v2\/product_cat?post=35741"},{"taxonomy":"product_tag","embeddable":true,"href":"https:\/\/www.headshop.nl\/fr\/wp-json\/wp\/v2\/product_tag?post=35741"}],"curies":[{"name":"wp","href":"https:\/\/api.w.org\/{rel}","templated":true}]}}