{"id":35737,"date":"2021-08-17T07:33:52","date_gmt":"2021-08-17T07:33:52","guid":{"rendered":"https:\/\/www.headshop.nl\/?post_type=product&#038;p=35737"},"modified":"2025-12-31T01:26:25","modified_gmt":"2025-12-31T01:26:25","slug":"party-e-happycaps","status":"publish","type":"product","link":"https:\/\/www.headshop.nl\/fr\/party-e-happycaps\/","title":{"rendered":"Party E Happy Caps"},"content":{"rendered":"<h2>4 Partypills de Party E de HappyCaps<\/h2>\n<p>Les g\u00e9lules Party E de Happy Caps sont sp\u00e9cialement con\u00e7ues pour vous permettre de passer une excellente soir\u00e9e. Avec les pilules Party E, vous fournissez plus d'\u00e9nergie et d'humeur pour une f\u00eate amusante tout-en-un ! Et oui, elles sont \u00e9galement l\u00e9gales - vous n'avez donc pas \u00e0 vous inqui\u00e9ter d'avoir des probl\u00e8mes avec cet agent de la force publique qui se trouve chez vous.<\/p>\n<p>Il est peut-\u00eatre temps de pimenter votre vie sociale, et si vous voulez un produit \u00e0 base de plantes qui vous donnera beaucoup d'\u00e9nergie lorsque la f\u00eate bat son plein, ne cherchez pas plus loin ! Le stimulant de l'humeur le plus socialement engageant est \u00e9galement une excellente alternative car il s'adapte \u00e0 la quantit\u00e9 de f\u00eates que vous faites. Cette pilule favorise l'euphorie dans toutes les festivit\u00e9s en vous renfor\u00e7ant avec de nombreuses herbes diff\u00e9rentes comme la feuille Damiana et le Passion Flower Extract.<\/p>\n<p>Si vous voulez faire la f\u00eate comme s'il n'y avait pas de lendemain, ne cherchez pas plus loin que ce stimulant de l'humeur ! Cette alternative \u00e0 base de plantes vous donnera de l'\u00e9nergie et de l'euphorie.<\/p>","protected":false},"excerpt":{"rendered":"<p>C'est l'heure du Party ! Les capsules Party E de Happy Caps vous permettent de passer une excellente soir\u00e9e. Gr\u00e2ce \u00e0 ces pilules, vous aurez plus d'\u00e9nergie et vous vous sentirez mieux en g\u00e9n\u00e9ral, tout en passant une soir\u00e9e g\u00e9niale avec tous vos amis. De plus, elles sont d'origine naturelle, ce qui est encore mieux, en plus d'\u00eatre l\u00e9gales !<\/p>","protected":false},"featured_media":47988,"template":"","meta":[],"product_brand":[],"product_cat":[386,297,707,411,409,397,384],"product_tag":[],"class_list":{"0":"post-35737","1":"product","2":"type-product","3":"status-publish","4":"has-post-thumbnail","6":"product_cat-party-pills","7":"product_cat-all-products","8":"product_cat-buy-xtc","9":"product_cat-energy-pills","10":"product_cat-happy-caps","11":"product_cat-party","12":"product_cat-smartshop","14":"first","15":"instock","16":"taxable","17":"shipping-taxable","18":"purchasable","19":"product-type-variable","20":"has-default-attributes"},"_links":{"self":[{"href":"https:\/\/www.headshop.nl\/fr\/wp-json\/wp\/v2\/product\/35737","targetHints":{"allow":["GET"]}}],"collection":[{"href":"https:\/\/www.headshop.nl\/fr\/wp-json\/wp\/v2\/product"}],"about":[{"href":"https:\/\/www.headshop.nl\/fr\/wp-json\/wp\/v2\/types\/product"}],"wp:featuredmedia":[{"embeddable":true,"href":"https:\/\/www.headshop.nl\/fr\/wp-json\/wp\/v2\/media\/47988"}],"wp:attachment":[{"href":"https:\/\/www.headshop.nl\/fr\/wp-json\/wp\/v2\/media?parent=35737"}],"wp:term":[{"taxonomy":"product_brand","embeddable":true,"href":"https:\/\/www.headshop.nl\/fr\/wp-json\/wp\/v2\/product_brand?post=35737"},{"taxonomy":"product_cat","embeddable":true,"href":"https:\/\/www.headshop.nl\/fr\/wp-json\/wp\/v2\/product_cat?post=35737"},{"taxonomy":"product_tag","embeddable":true,"href":"https:\/\/www.headshop.nl\/fr\/wp-json\/wp\/v2\/product_tag?post=35737"}],"curies":[{"name":"wp","href":"https:\/\/api.w.org\/{rel}","templated":true}]}}