{"id":35735,"date":"2021-08-17T07:33:50","date_gmt":"2021-08-17T07:33:50","guid":{"rendered":"https:\/\/www.headshop.nl\/?post_type=product&#038;p=35735"},"modified":"2025-12-31T01:26:25","modified_gmt":"2025-12-31T01:26:25","slug":"euphory-e-happycaps","status":"publish","type":"product","link":"https:\/\/www.headshop.nl\/fr\/euphory-e-happycaps\/","title":{"rendered":"Euphory E Happy Caps"},"content":{"rendered":"<h2>4 Partypills de Euphory E de HappyCaps<\/h2>\n<p>Euphory E n'est pas une pilule festive typique. Ce suppl\u00e9ment \u00e0 base de plantes vous donnera une sensation d'euphorie, ce qui peut \u00eatre ce dont certaines personnes ont besoin pour rendre leur nuit encore plus sp\u00e9ciale !<\/p>\n<p>Euphory E party pills de Happy Caps rendra votre prochaine soir\u00e9e inoubliable. La formule naturelle \u00e0 base de plantes procure une sensation agr\u00e9able et \u00e9nergique qui s'accompagne d'une grande satisfaction. Vous pouvez donc utiliser ces capsules lors de la f\u00eate pour rendre l'atmosph\u00e8re encore plus belle qu'elle ne l'est d\u00e9j\u00e0.<\/p>\n<p>Euphory E est une pilule festive qui fera passer votre nuit de bonne \u00e0 excellente ! Elle contient des stimulants de l'humeur pour ceux qui ont besoin d'un coup de pouce suppl\u00e9mentaire, et elle vous aide \u00e0 vous sentir plus confiant dans les festivit\u00e9s. Si c'est ce que vous recherchez pour cette occasion sp\u00e9ciale, Euphory E est la solution qu'il vous faut.<\/p>","protected":false},"excerpt":{"rendered":"<p>Les pilules de f\u00eate Euphory E sont le moyen id\u00e9al de profiter de n'importe quel \u00e9v\u00e9nement. La formule naturelle \u00e0 base de plantes procure une sensation agr\u00e9able et \u00e9nergique qui s'accompagne d'une grande satisfaction, de sorte que vous pouvez vous sentir formidable lors de votre prochaine r\u00e9union sociale sans avoir \u00e0 vous soucier de l'accoutumance ou d'autres effets secondaires.<\/p>","protected":false},"featured_media":47982,"template":"","meta":[],"product_brand":[],"product_cat":[386,297,707,411,409,384],"product_tag":[],"class_list":{"0":"post-35735","1":"product","2":"type-product","3":"status-publish","4":"has-post-thumbnail","6":"product_cat-party-pills","7":"product_cat-all-products","8":"product_cat-buy-xtc","9":"product_cat-energy-pills","10":"product_cat-happy-caps","11":"product_cat-smartshop","12":"product_shipping_class-not-allowed-group-1","14":"first","15":"instock","16":"taxable","17":"shipping-taxable","18":"purchasable","19":"product-type-variable","20":"has-default-attributes"},"_links":{"self":[{"href":"https:\/\/www.headshop.nl\/fr\/wp-json\/wp\/v2\/product\/35735","targetHints":{"allow":["GET"]}}],"collection":[{"href":"https:\/\/www.headshop.nl\/fr\/wp-json\/wp\/v2\/product"}],"about":[{"href":"https:\/\/www.headshop.nl\/fr\/wp-json\/wp\/v2\/types\/product"}],"wp:featuredmedia":[{"embeddable":true,"href":"https:\/\/www.headshop.nl\/fr\/wp-json\/wp\/v2\/media\/47982"}],"wp:attachment":[{"href":"https:\/\/www.headshop.nl\/fr\/wp-json\/wp\/v2\/media?parent=35735"}],"wp:term":[{"taxonomy":"product_brand","embeddable":true,"href":"https:\/\/www.headshop.nl\/fr\/wp-json\/wp\/v2\/product_brand?post=35735"},{"taxonomy":"product_cat","embeddable":true,"href":"https:\/\/www.headshop.nl\/fr\/wp-json\/wp\/v2\/product_cat?post=35735"},{"taxonomy":"product_tag","embeddable":true,"href":"https:\/\/www.headshop.nl\/fr\/wp-json\/wp\/v2\/product_tag?post=35735"}],"curies":[{"name":"wp","href":"https:\/\/api.w.org\/{rel}","templated":true}]}}