{"id":35733,"date":"2021-08-17T07:33:49","date_gmt":"2021-08-17T07:33:49","guid":{"rendered":"https:\/\/www.headshop.nl\/?post_type=product&#038;p=35733"},"modified":"2022-09-19T14:06:37","modified_gmt":"2022-09-19T14:06:37","slug":"dance-e-happycaps","status":"publish","type":"product","link":"https:\/\/www.headshop.nl\/fr\/dance-e-happycaps\/","title":{"rendered":"Dance E Happy Caps"},"content":{"rendered":"<h2>4 Partypills de Dance E de HappyCaps<\/h2>\n<p>Dansez toute la nuit avec ces pilules de f\u00eate Dance E de Happy Caps. Vous b\u00e9n\u00e9ficierez d'un \u00e9norme regain d'\u00e9nergie et, comme toujours, vous pouvez vous attendre \u00e0 ce que votre humeur s'am\u00e9liore consid\u00e9rablement ! De plus, les g\u00e9lules sont enti\u00e8rement naturelles, il n'y a donc aucune crainte que quelque chose d'artificiel ne se glisse dans ce produit.<\/p>\n<p>Quelques minutes seulement apr\u00e8s la prise d'une ou deux g\u00e9lules (selon le degr\u00e9 de danse que vous souhaitez), il commence \u00e0 faire des merveilles dans votre corps - en vous donnant un regain d'\u00e9nergie et en vous remontant le moral.<\/p>\n<p>Imaginez le son des rythmes d'un DJ pulsant dans vos veines et vous pouvez ressentir ces ondes joyeuses et festives. Vous ne vous \u00eates peut-\u00eatre pas rendu compte que tous ces probl\u00e8mes de travail vous pesaient jusqu'\u00e0 pr\u00e9sent ! C'est pourquoi il est imp\u00e9ratif de garder l'\u00e9nergie autant que possible avec cette pilule euphorisante afin que le plaisir ne s'arr\u00eate pas \u00e0 minuit !<\/p>","protected":false},"excerpt":{"rendered":"<p>Chaque f\u00eate a besoin d'un peu plus d'\u00e9nergie ! Et avec ces capsules Happy Caps Dance E, vous n'avez pas \u00e0 craindre de perdre votre \u00e9nergie. Ces pilules vous donneront le coup de pouce de motivation et de joie dont votre piste de danse a eu envie toute la nuit, alors continuez jusqu'\u00e0 la fin ! Tapez du pied comme un fou !<\/p>","protected":false},"featured_media":47978,"template":"","meta":[],"product_brand":[],"product_cat":[386,297,707,411,409,397,384],"product_tag":[],"class_list":{"0":"post-35733","1":"product","2":"type-product","3":"status-publish","4":"has-post-thumbnail","6":"product_cat-party-pills","7":"product_cat-all-products","8":"product_cat-buy-xtc","9":"product_cat-energy-pills","10":"product_cat-happy-caps","11":"product_cat-party","12":"product_cat-smartshop","14":"first","15":"instock","16":"taxable","17":"shipping-taxable","18":"purchasable","19":"product-type-variable","20":"has-default-attributes"},"_links":{"self":[{"href":"https:\/\/www.headshop.nl\/fr\/wp-json\/wp\/v2\/product\/35733","targetHints":{"allow":["GET"]}}],"collection":[{"href":"https:\/\/www.headshop.nl\/fr\/wp-json\/wp\/v2\/product"}],"about":[{"href":"https:\/\/www.headshop.nl\/fr\/wp-json\/wp\/v2\/types\/product"}],"wp:featuredmedia":[{"embeddable":true,"href":"https:\/\/www.headshop.nl\/fr\/wp-json\/wp\/v2\/media\/47978"}],"wp:attachment":[{"href":"https:\/\/www.headshop.nl\/fr\/wp-json\/wp\/v2\/media?parent=35733"}],"wp:term":[{"taxonomy":"product_brand","embeddable":true,"href":"https:\/\/www.headshop.nl\/fr\/wp-json\/wp\/v2\/product_brand?post=35733"},{"taxonomy":"product_cat","embeddable":true,"href":"https:\/\/www.headshop.nl\/fr\/wp-json\/wp\/v2\/product_cat?post=35733"},{"taxonomy":"product_tag","embeddable":true,"href":"https:\/\/www.headshop.nl\/fr\/wp-json\/wp\/v2\/product_tag?post=35733"}],"curies":[{"name":"wp","href":"https:\/\/api.w.org\/{rel}","templated":true}]}}