{"id":35636,"date":"2021-08-17T06:41:42","date_gmt":"2021-08-17T06:41:42","guid":{"rendered":"https:\/\/www.headshop.nl\/?post_type=product&#038;p=35636"},"modified":"2025-12-31T01:26:25","modified_gmt":"2025-12-31T01:26:25","slug":"energy-e-happycaps","status":"publish","type":"product","link":"https:\/\/www.headshop.nl\/fr\/energy-e-happycaps\/","title":{"rendered":"Energy E Happy Caps"},"content":{"rendered":"<h2>4 Partypills de Energy E de HappyCaps<\/h2>\n<p>La nuit est encore jeune lorsque la f\u00eate commence \u00e0 s'essouffler. Il est temps de trouver un peu plus de carburant et d'\u00e9nergie, mais vers qui se tourner ? Heureusement, il y a ces capsules Energy E qui vous aideront \u00e0 donner un nouveau sens \u00e0 votre vie ou au moins \u00e0 divertir tous vos invit\u00e9s jusqu'\u00e0 ce qu'ils soient pr\u00eats \u00e0 rentrer chez eux !<\/p>\n<p>Ces HappyCaps contiennent des herbes naturelles qui donnent un coup de fouet instantan\u00e9 sans que l'on se sente nerveux comme c'est le cas avec la plupart des autres suppl\u00e9ments. Alors, qu'est-ce qu'on attend ? Prenez-en une maintenant avant qu'il ne soit trop tard - c'est peut-\u00eatre exactement ce qu'il vous faut pour faire de cette soir\u00e9e une aventure amusante qui laissera des souvenirs imp\u00e9rissables !<\/p>\n<p>Ne cherchez pas plus loin si vous avez besoin d'un regain d'\u00e9nergie ! Cette alternative \u00e0 base de plantes pour les f\u00eates vous donnera la charge n\u00e9cessaire pour passer une nuit remplie de f\u00eates. Certaines personnes peuvent \u00e9galement se tourner vers ces pilules lorsqu'elles ont besoin d'aide pour se concentrer sur des t\u00e2ches au travail ou \u00e0 l'\u00e9cole. Quel que soit votre projet pour ce week-end - tant qu'il implique que (vous) soyez alerte et pr\u00eat \u00e0 partir - ces pilules pour faire la f\u00eate sont parfaites pour organiser des heures de plaisir !<\/p>","protected":false},"excerpt":{"rendered":"<p>La seule chose qui soit pire que d'\u00eatre \u00e0 une f\u00eate et de se sentir fatigu\u00e9, c'est lorsque votre niveau d'\u00e9nergie commence \u00e0 diminuer. La formule naturelle \u00e0 base de plantes contenue dans Energy E Happy Caps garantit que vous aurez de l'\u00e9nergie toute la nuit, de sorte que, m\u00eame s'il est tard, vous pourrez toujours danser comme si personne ne vous regardait !<\/p>","protected":false},"featured_media":47980,"template":"","meta":[],"product_brand":[],"product_cat":[386,297,707,411,409,397,384],"product_tag":[],"class_list":{"0":"post-35636","1":"product","2":"type-product","3":"status-publish","4":"has-post-thumbnail","6":"product_cat-party-pills","7":"product_cat-all-products","8":"product_cat-buy-xtc","9":"product_cat-energy-pills","10":"product_cat-happy-caps","11":"product_cat-party","12":"product_cat-smartshop","14":"first","15":"instock","16":"taxable","17":"shipping-taxable","18":"purchasable","19":"product-type-variable","20":"has-default-attributes"},"_links":{"self":[{"href":"https:\/\/www.headshop.nl\/fr\/wp-json\/wp\/v2\/product\/35636","targetHints":{"allow":["GET"]}}],"collection":[{"href":"https:\/\/www.headshop.nl\/fr\/wp-json\/wp\/v2\/product"}],"about":[{"href":"https:\/\/www.headshop.nl\/fr\/wp-json\/wp\/v2\/types\/product"}],"wp:featuredmedia":[{"embeddable":true,"href":"https:\/\/www.headshop.nl\/fr\/wp-json\/wp\/v2\/media\/47980"}],"wp:attachment":[{"href":"https:\/\/www.headshop.nl\/fr\/wp-json\/wp\/v2\/media?parent=35636"}],"wp:term":[{"taxonomy":"product_brand","embeddable":true,"href":"https:\/\/www.headshop.nl\/fr\/wp-json\/wp\/v2\/product_brand?post=35636"},{"taxonomy":"product_cat","embeddable":true,"href":"https:\/\/www.headshop.nl\/fr\/wp-json\/wp\/v2\/product_cat?post=35636"},{"taxonomy":"product_tag","embeddable":true,"href":"https:\/\/www.headshop.nl\/fr\/wp-json\/wp\/v2\/product_tag?post=35636"}],"curies":[{"name":"wp","href":"https:\/\/api.w.org\/{rel}","templated":true}]}}