{"id":35611,"date":"2022-09-13T10:36:55","date_gmt":"2022-09-13T10:36:55","guid":{"rendered":"https:\/\/www.headshop.nl\/?post_type=product&#038;p=35611"},"modified":"2025-10-31T08:53:41","modified_gmt":"2025-10-31T08:53:41","slug":"chaga-extract-capsules","status":"publish","type":"product","link":"https:\/\/www.headshop.nl\/fr\/chaga-extract-capsules\/","title":{"rendered":"Chaga Extract Capsules"},"content":{"rendered":"<h2>Qu'est-ce que le Chaga ?<\/h2>\n<p>Chaga (Inonotus obliquus) est un champignon m\u00e9dicinal qui pousse dans les climats froids de l'h\u00e9misph\u00e8re nord. Il pousse principalement sur les bouleaux et se pr\u00e9sente sous une forme noire, semblable \u00e0 du charbon de bois, tout en r\u00e9v\u00e9lant un int\u00e9rieur riche en orange. Souvent appel\u00e9 \"or noir\" en Russie, le Chaga est appr\u00e9ci\u00e9 pour ses remarquables propri\u00e9t\u00e9s b\u00e9n\u00e9fiques pour la sant\u00e9.<\/p>\n<p>Riche en compos\u00e9s b\u00e9n\u00e9fiques tels que les polysaccharides, la b\u00e9tuline, l'acide b\u00e9tulinique et les st\u00e9rols, le Chaga est traditionnellement utilis\u00e9 pour favoriser le bien-\u00eatre g\u00e9n\u00e9ral. Nos g\u00e9lules de Chaga contiennent un extrait \u00e0 spectre complet de haute qualit\u00e9 provenant de la fructification du champignon, ce qui garantit une efficacit\u00e9 maximale.<\/p>\n<h2>Historique de Chaga<\/h2>\n<p>Le Chaga est utilis\u00e9 depuis des si\u00e8cles, notamment dans la m\u00e9decine populaire sib\u00e9rienne et russe. Les communaut\u00e9s sib\u00e9riennes indig\u00e8nes infusaient du th\u00e9 au Chaga pour am\u00e9liorer l'endurance et la sant\u00e9 en g\u00e9n\u00e9ral. Dans la m\u00e9decine traditionnelle chinoise, le Chaga est reconnu comme un adaptog\u00e8ne, qui aide l'organisme \u00e0 g\u00e9rer le stress et la fatigue.<\/p>\n<p>La recherche moderne met en \u00e9vidence les compos\u00e9s bioactifs du Chaga, renfor\u00e7ant ainsi son r\u00f4le dans le bien-\u00eatre holistique. Gr\u00e2ce \u00e0 sa riche concentration en polysaccharides, en b\u00e9tuline et en acide b\u00e9tulinique, le Chaga reste un rem\u00e8de naturel populaire, connu pour ses propri\u00e9t\u00e9s immunitaires et antioxydantes.<\/p>\n<h2>Comment utiliser Chaga<\/h2>\n<p>Ajouter le Chaga \u00e0 votre routine quotidienne est simple et efficace. Chaque g\u00e9lule contient 400 mg d'extrait de Chaga biologique de premi\u00e8re qualit\u00e9, enrichi de vitamine C et de zinc pour des b\u00e9n\u00e9fices accrus.<\/p>\n<p>La posologie recommand\u00e9e est de deux g\u00e9lules par jour, \u00e0 prendre avec des repas et de l'eau. Pour obtenir les meilleurs r\u00e9sultats, il est essentiel de faire preuve de constance. Le Chaga peut \u00e9galement \u00eatre associ\u00e9 \u00e0 d'autres champignons m\u00e9dicinaux pour une approche plus globale du bien-\u00eatre. Ces g\u00e9lules v\u00e9g\u00e9taliennes sont faciles \u00e0 prendre et conviennent \u00e0 un usage quotidien.<\/p>\n<h2>Ingr\u00e9dients de Chaga Capsules<\/h2>\n<p>Chaque g\u00e9lule v\u00e9g\u00e9talienne contient 400 mg d'extrait biologique de Chaga, provenant exclusivement du corps fructif\u00e8re (scl\u00e9rotes) du champignon. L'extrait \u00e0 spectre complet est soumis \u00e0 une extraction \u00e0 l'eau et \u00e0 l'\u00e9thanol pour maximiser la biodisponibilit\u00e9.<\/p>\n<p>La formule est en outre enrichie de vitamine C et de zinc, tous deux connus pour leurs propri\u00e9t\u00e9s de renforcement du syst\u00e8me immunitaire. La vitamine C soutient le m\u00e9tabolisme \u00e9nerg\u00e9tique, tandis que le zinc contribue \u00e0 la sant\u00e9 du syst\u00e8me immunitaire et \u00e0 la vitalit\u00e9 g\u00e9n\u00e9rale. Le citrate de magn\u00e9sium et le dioxyde de silicium pour la stabilit\u00e9 des g\u00e9lules sont des ingr\u00e9dients suppl\u00e9mentaires.<\/p>\n<p><strong>Avertissement<\/strong><\/p>\n<p>Chaga by McMyco est un compl\u00e9ment alimentaire et doit \u00eatre utilis\u00e9 en cons\u00e9quence. Tenir hors de port\u00e9e des enfants. Consulter un professionnel de la sant\u00e9 avant d'utiliser ce produit si vous \u00eates enceinte, si vous allaitez ou si vous avez des probl\u00e8mes de sant\u00e9 sous-jacents. Ne pas d\u00e9passer la dose journali\u00e8re recommand\u00e9e.<\/p>","protected":false},"excerpt":{"rendered":"<p>Le Chaga, \u00e9galement connu sous le nom de diamant de la for\u00eat, est utilis\u00e9 depuis des si\u00e8cles pour soutenir l'immunit\u00e9 et combattre les virus. Le Chaga contient de puissants antioxydants qui peuvent aider \u00e0 lutter contre certaines formes de cancer gr\u00e2ce aux acides b\u00e9tuliniques, \u00e0 l'ergost\u00e9rol, au f\u00e9cost\u00e9rol et \u00e0 l'epsterol que l'on trouve \u00e0 sa surface, comme les coumarines qui sont consid\u00e9r\u00e9es comme canc\u00e9rig\u00e8nes ou anti-canc\u00e9rig\u00e8nes \u00e0 fortes doses.<\/p>","protected":false},"featured_media":87983,"template":"","meta":[],"product_brand":[],"product_cat":[813,297,461,455,630,404,462,398,399,384,458,456],"product_tag":[978],"class_list":{"0":"post-35611","1":"product","2":"type-product","3":"status-publish","4":"has-post-thumbnail","6":"product_cat-mcmyco","7":"product_cat-all-products","8":"product_cat-detox","9":"product_cat-healthshop","10":"product_cat-healthshop-top-10","11":"product_cat-medicinal-mushrooms-supplements","12":"product_cat-medicinal-mushrooms-healthshop","13":"product_cat-mushrooms","14":"product_cat-shroomshop","15":"product_cat-smartshop","16":"product_cat-superfoods","17":"product_cat-supplements","18":"product_tag-shrdeal","19":"product_shipping_class-creditcard-on","21":"first","22":"instock","23":"taxable","24":"shipping-taxable","25":"purchasable","26":"product-type-variable","27":"has-default-attributes"},"_links":{"self":[{"href":"https:\/\/www.headshop.nl\/fr\/wp-json\/wp\/v2\/product\/35611","targetHints":{"allow":["GET"]}}],"collection":[{"href":"https:\/\/www.headshop.nl\/fr\/wp-json\/wp\/v2\/product"}],"about":[{"href":"https:\/\/www.headshop.nl\/fr\/wp-json\/wp\/v2\/types\/product"}],"wp:featuredmedia":[{"embeddable":true,"href":"https:\/\/www.headshop.nl\/fr\/wp-json\/wp\/v2\/media\/87983"}],"wp:attachment":[{"href":"https:\/\/www.headshop.nl\/fr\/wp-json\/wp\/v2\/media?parent=35611"}],"wp:term":[{"taxonomy":"product_brand","embeddable":true,"href":"https:\/\/www.headshop.nl\/fr\/wp-json\/wp\/v2\/product_brand?post=35611"},{"taxonomy":"product_cat","embeddable":true,"href":"https:\/\/www.headshop.nl\/fr\/wp-json\/wp\/v2\/product_cat?post=35611"},{"taxonomy":"product_tag","embeddable":true,"href":"https:\/\/www.headshop.nl\/fr\/wp-json\/wp\/v2\/product_tag?post=35611"}],"curies":[{"name":"wp","href":"https:\/\/api.w.org\/{rel}","templated":true}]}}