{"id":35552,"date":"2024-08-12T11:39:30","date_gmt":"2024-08-12T11:39:30","guid":{"rendered":"https:\/\/www.headshop.nl\/?post_type=product&#038;p=35552"},"modified":"2026-03-28T01:26:15","modified_gmt":"2026-03-28T01:26:15","slug":"high-hawaiians-magic-truffles","status":"publish","type":"product","link":"https:\/\/www.headshop.nl\/fr\/high-hawaiians-magic-truffles\/","title":{"rendered":"High Hawaiians"},"content":{"rendered":"<h2 class=\"\" dir=\"auto\">Que sont les truffes magiques High Hawaiians ?<\/h2>\n<p class=\"break-words\" dir=\"auto\">Les truffes magiques High Hawaiians sont des scl\u00e9rotes, un r\u00e9seau dense de myc\u00e9lium form\u00e9 sous terre par des champignons sp\u00e9cifiques lorsque des conditions telles que des temp\u00e9ratures plus fra\u00eeches et une humidit\u00e9 plus \u00e9lev\u00e9e retardent la croissance des champignons. Ces truffes stockent les nutriments, ce qui permet aux champignons de germer plus tard lorsque les conditions s'am\u00e9liorent, et contiennent de la psilocybine, qui se transforme en psilocine dans le corps, affectant les niveaux de s\u00e9rotonine pour des hallucinations vives et des perceptions alt\u00e9r\u00e9es.<\/p>\n<p class=\"break-words\" dir=\"auto\">R\u00e9put\u00e9s pour leur puissance, les High Hawaiians sont privil\u00e9gi\u00e9s par les utilisateurs exp\u00e9riment\u00e9s \u00e0 la recherche d'exp\u00e9riences psych\u00e9d\u00e9liques profondes, dont les effets varient en fonction du dosage et de la sensibilit\u00e9 individuelle, et qui offrent des perspectives visuelles, \u00e9motionnelles et philosophiques. Leur profil nutritionnel, qui comprend de l'\u00e9nergie, des prot\u00e9ines et des min\u00e9raux, compl\u00e8te leurs propri\u00e9t\u00e9s psychoactives, ce qui en fait un produit de consommation unique qui favorise la d\u00e9couverte de soi et une connexion plus profonde avec le monde.<\/p>\n<h2 class=\"\" dir=\"auto\">Historique des truffes magiques High Hawaiians<\/h2>\n<p class=\"break-words\" dir=\"auto\">L'utilisation des truffes magiques, dont la High Hawaiians, remonte aux anciennes cultures d'Am\u00e9rique centrale et d'Am\u00e9rique du Sud, o\u00f9 les champignons contenant de la psilocybine \u00e9taient utilis\u00e9s dans les rituels spirituels et chamaniques pour entrer en contact avec le divin. \u00c0 l'\u00e8re moderne, les truffes magiques ont gagn\u00e9 du terrain aux Pays-Bas, o\u00f9 elles restent l\u00e9gales en raison de leur distinction avec les champignons, la souche Psilocybe Tampelandia High Hawaiians se distinguant par sa puissance remarquable.<\/p>\n<p class=\"break-words\" dir=\"auto\">Cultiv\u00e9es pour reproduire la formation naturelle de scl\u00e9rotes, les High Hawaiians ont gagn\u00e9 en popularit\u00e9 durant le mouvement psych\u00e9d\u00e9lique de la fin du XXe si\u00e8cle, refl\u00e9tant une \u00e9volution culturelle vers l'exploration de la conscience. Aujourd'hui, elles sont recherch\u00e9es dans le monde entier, m\u00ealant sagesse ancienne et techniques de culture modernes pour offrir aux psychonautes une exp\u00e9rience coh\u00e9rente et puissante.<\/p>\n<h2 class=\"\" dir=\"auto\">Comment utiliser les truffes magiques High Hawaiians<\/h2>\n<p class=\"break-words\" dir=\"auto\">Pour une consommation s\u00fbre, prenez les truffes magiques High Hawaiians dans un environnement calme et de confiance, en commen\u00e7ant par une demi-bo\u00eete de 25 grammes en raison de leur puissance, et \u00e9valuez les effets apr\u00e8s 30 \u00e0 45 minutes avant d'en consommer davantage. M\u00e2cher soigneusement pour une meilleure absorption, ou infuser dans un th\u00e9 ou une soupe, id\u00e9alement \u00e0 jeun. Les effets atteignent leur maximum 1 \u00e0 3 heures apr\u00e8s l'ingestion et s'estompent au bout de 5 \u00e0 6 heures.<\/p>\n<p class=\"break-words\" dir=\"auto\">Conserver les truffes entre 2\u00b0C et 4\u00b0C dans un endroit sombre et frais, et \u00e9viter de les combiner avec de l'alcool, des m\u00e9dicaments ou d'autres drogues ; ne pas utiliser si vous \u00eates enceinte, si vous allaitez ou si vous avez moins de 18 ans. Les truffes conviennent aux personnes en bonne sant\u00e9 mentale et physique. Une petite dose suppl\u00e9mentaire peut renforcer les effets, mais ne d\u00e9passez jamais une bo\u00eete par session pour un voyage unique et sans danger.<\/p>\n<h2 class=\"\" dir=\"auto\">Ingr\u00e9dients des truffes magiques High Hawaiians<\/h2>\n<p class=\"break-words\" dir=\"auto\">Les truffes magiques High Hawaiians, issues de la souche Psilocybe Tampelandia, sont riches en psilocybine et en psilocine, les compos\u00e9s \u00e0 l'origine de leurs effets hallucinog\u00e8nes. Pour 100 grammes, elles fournissent 464,7 kJ (110,5 kcal) d'\u00e9nergie, 13,2 grammes de glucides, 5,3 grammes de prot\u00e9ines, 0,4 gramme de lipides et 16,7 grammes de fibres alimentaires, ce qui favorise la sant\u00e9 digestive.<\/p>\n<p class=\"break-words\" dir=\"auto\">Leur teneur en min\u00e9raux comprend 210 mg de potassium, 169,3 mg de phosphore, 13,6 mg de sodium, 12,5 mg de calcium et 0,7 mg de fer, ainsi que 10 UI de vitamine D et 0,3 gramme de sel. Cette composition naturelle \u00e0 partir de myc\u00e9lium garantit un produit pur \u00e0 valeur psychoactive et nutritionnelle.<\/p>\n<p dir=\"auto\"><strong>Avertissement<\/strong><\/p>\n<p class=\"break-words\" dir=\"auto\">Les High Hawaiians Magic Truffles contiennent de la psilocybine et de la psilocine, de puissants hallucinog\u00e8nes qui alt\u00e8rent la conscience et les niveaux de s\u00e9rotonine, provoquant d'intenses changements \u00e9motionnels et perceptifs. A utiliser avec pr\u00e9caution dans un cadre s\u00e9curis\u00e9, surtout si l'on est inexp\u00e9riment\u00e9, et \u00e0 tenir hors de port\u00e9e des enfants en raison de la puissance de leurs effets.<\/p>\n<p class=\"break-words\" dir=\"auto\">\u00c9vitez de l'utiliser si vous souffrez de troubles mentaux, de probl\u00e8mes cardiaques ou pulmonaires, de diab\u00e8te, d'hypertension ou d'hypotension, si vous \u00eates enceinte ou si vous allaitez, et ne le m\u00e9langez pas avec d'autres substances ou ne vous engagez pas dans des activit\u00e9s telles que la conduite automobile. Consultez un professionnel de la sant\u00e9 si vous n'\u00eates pas s\u00fbr de pouvoir l'utiliser.<\/p>","protected":false},"excerpt":{"rendered":"<p>Le pouvoir des truffes magiques High Hawaiians est ind\u00e9niable, alors attention \u00e0 l'acheteur. Ces truffes magiques hallucinog\u00e8nes sont tr\u00e8s puissantes et ne sont pas destin\u00e9es aux psychonautes inexp\u00e9riment\u00e9s ! Les effets de ces Psilocybe Tampelandia peuvent durer jusqu'\u00e0 8 heures, et leur puissance ferait applaudir Albert Hoffman s'il en avait sous la main !<\/p>\n<p><strong>Exp\u00e9rience compl\u00e8te : une bo\u00eete, une personne<\/strong><\/p>","protected":false},"featured_media":76255,"template":"","meta":[],"product_brand":[],"product_cat":[402,297,812,706,398,399,626,384,625,832],"product_tag":[1039],"class_list":{"0":"post-35552","1":"product","2":"type-product","3":"status-publish","4":"has-post-thumbnail","6":"product_cat-magic-truffles","7":"product_cat-all-products","8":"product_cat-mcsmart-truffles","9":"product_cat-microdosing-truffles","10":"product_cat-mushrooms","11":"product_cat-shroomshop","12":"product_cat-shroomshop-top-10","13":"product_cat-smartshop","14":"product_cat-smartshop-top-10","15":"product_cat-strong-magic-truffles","16":"product_tag-triple-deal","17":"product_shipping_class-group-7","19":"first","20":"instock","21":"taxable","22":"shipping-taxable","23":"purchasable","24":"product-type-variable","25":"has-default-attributes"},"_links":{"self":[{"href":"https:\/\/www.headshop.nl\/fr\/wp-json\/wp\/v2\/product\/35552","targetHints":{"allow":["GET"]}}],"collection":[{"href":"https:\/\/www.headshop.nl\/fr\/wp-json\/wp\/v2\/product"}],"about":[{"href":"https:\/\/www.headshop.nl\/fr\/wp-json\/wp\/v2\/types\/product"}],"wp:featuredmedia":[{"embeddable":true,"href":"https:\/\/www.headshop.nl\/fr\/wp-json\/wp\/v2\/media\/76255"}],"wp:attachment":[{"href":"https:\/\/www.headshop.nl\/fr\/wp-json\/wp\/v2\/media?parent=35552"}],"wp:term":[{"taxonomy":"product_brand","embeddable":true,"href":"https:\/\/www.headshop.nl\/fr\/wp-json\/wp\/v2\/product_brand?post=35552"},{"taxonomy":"product_cat","embeddable":true,"href":"https:\/\/www.headshop.nl\/fr\/wp-json\/wp\/v2\/product_cat?post=35552"},{"taxonomy":"product_tag","embeddable":true,"href":"https:\/\/www.headshop.nl\/fr\/wp-json\/wp\/v2\/product_tag?post=35552"}],"curies":[{"name":"wp","href":"https:\/\/api.w.org\/{rel}","templated":true}]}}