{"id":35540,"date":"2021-08-12T11:19:18","date_gmt":"2021-08-12T11:19:18","guid":{"rendered":"https:\/\/www.headshop.nl\/?post_type=product&#038;p=35540"},"modified":"2025-10-16T07:03:23","modified_gmt":"2025-10-16T07:03:23","slug":"mushrocks-magic-truffles","status":"publish","type":"product","link":"https:\/\/www.headshop.nl\/fr\/mushrocks-magic-truffles\/","title":{"rendered":"MushRocks"},"content":{"rendered":"<h2 class=\"\" dir=\"auto\">Que sont les truffes magiques MushRocks ?<\/h2>\n<p class=\"break-words\" dir=\"auto\">Les truffes magiques MushRocks, des scl\u00e9rotes form\u00e9s par le myc\u00e9lium souterrain du champignon Psilocybe Galindoii, se d\u00e9veloppent dans des conditions sp\u00e9cifiques telles que des temp\u00e9ratures plus fra\u00eeches et une humidit\u00e9 plus \u00e9lev\u00e9e, stockant des nutriments pour la croissance future du champignon. Ces truffes, qui contiennent de la psilocybine, procurent un \"trip\" hallucinog\u00e8ne avec des images vivantes et des id\u00e9es philosophiques profondes. Chaque bo\u00eete de 15 grammes est fabriqu\u00e9e par McSmart Truffles pour une exp\u00e9rience puissante et coh\u00e9rente pour un seul utilisateur.<\/p>\n<p class=\"break-words\" dir=\"auto\">Appr\u00e9ci\u00e9s des psychonautes pour leur voyage unique dans le temps, l'espace ou la conscience int\u00e9rieure, les MushRocks offrent une aventure sur mesure en fonction du dosage, de l'environnement et de la sensibilit\u00e9 individuelle. Convenant aux nouveaux utilisateurs comme aux plus exp\u00e9riment\u00e9s, ils invitent \u00e0 une exploration s\u00fbre et contr\u00f4l\u00e9e de l'esprit et de l'univers, ce qui en fait un choix recherch\u00e9 par ceux qui recherchent des exp\u00e9riences profondes et transformatrices.<\/p>\n<h2 class=\"\" dir=\"auto\">Historique des truffes magiques MushRocks<\/h2>\n<p class=\"break-words\" dir=\"auto\">L'histoire des truffes magiques MushRocks remonte aux cultures Mesoam\u00e9ricaines, telles que les Azt\u00e8ques, qui utilisaient des champignons contenant de la psilocybine, appel\u00e9s \"teonan\u00e1catl\" ou \"chair des dieux\", dans des rituels sacr\u00e9s \u00e0 des fins spirituelles et curatives. L'int\u00e9r\u00eat occidental s'est accru au XXe si\u00e8cle apr\u00e8s que R. Gordon Wasson a document\u00e9 leur utilisation au Mexique, suscitant la curiosit\u00e9 du monde entier et conduisant \u00e0 la popularit\u00e9 actuelle des scl\u00e9rotes tels que le MushRocks.<\/p>\n<p class=\"break-words\" dir=\"auto\">Dans les r\u00e9gions o\u00f9 les scl\u00e9rotes restent l\u00e9gaux en raison de leur croissance souterraine, McSmart Truffles associe les traditions anciennes \u00e0 une culture avanc\u00e9e pour produire un Psilocybe Galindoii de haute qualit\u00e9. L'essor de MushRocks refl\u00e8te l'int\u00e9r\u00eat mondial croissant pour les psych\u00e9d\u00e9liques dans le cadre de l'exploration de soi et du bien-\u00eatre mental, offrant aux utilisateurs une connexion intemporelle \u00e0 des exp\u00e9riences introspectives impressionnantes.<\/p>\n<h2 class=\"\" dir=\"auto\">Comment utiliser les truffes magiques MushRocks<\/h2>\n<p class=\"break-words\" dir=\"auto\">Pour profiter en toute s\u00e9curit\u00e9 des truffes magiques MushRocks, consommez-les dans un environnement calme et familier, avec des compagnons de confiance, en commen\u00e7ant par la moiti\u00e9 de la bo\u00eete de 15 grammes, m\u00e2ch\u00e9e soigneusement pour une meilleure absorption, ou infus\u00e9e dans du th\u00e9 ou de la soupe pour un go\u00fbt plus doux. Attendez 30 \u00e0 45 minutes pour \u00e9valuer les effets avant d'en envisager d'autres, sans jamais d\u00e9passer une bo\u00eete par session, et prenez-les \u00e0 jeun pour des r\u00e9sultats optimaux, en les conservant \u00e0 l'abri de la lumi\u00e8re \u00e0 une temp\u00e9rature comprise entre 2 \u00b0C et 4 \u00b0C.<\/p>\n<p class=\"break-words\" dir=\"auto\">Les effets atteignent leur maximum entre 1 et 3 heures et durent de 5 \u00e0 6 heures ; \u00e9viter de combiner avec de l'alcool, des m\u00e9dicaments ou des substances, et ne pas utiliser en cas de grossesse, de d\u00e9pression ou d'affections telles que le diab\u00e8te ou l'hypertension art\u00e9rielle. Relax, s'hydrater et r\u00e9fl\u00e9chir apr\u00e8s le voyage, en \u00e9vitant de conduire ou d'utiliser des machines, afin de garantir un voyage transformateur en toute s\u00e9curit\u00e9, en respectant scrupuleusement les directives.<\/p>\n<h2 class=\"\" dir=\"auto\">Ingr\u00e9dients de MushRocks Magic Truffles<\/h2>\n<p class=\"break-words\" dir=\"auto\">Les truffes magiques MushRocks, d\u00e9riv\u00e9es des scl\u00e9rotes de Psilocybe Galindoii, contiennent de la psilocybine, qui se transforme en psilocine pour produire des effets hallucinog\u00e8nes, ainsi que des nutriments tels que 110,5 kcal, 13,2 g de glucides, 5,3 g de prot\u00e9ines, 0,4 g de lipides et 16,7 g de fibres alimentaires par 100 g. Elles fournissent \u00e9galement 210 mg de potassium, 169,3 mg de phosphore, 12,5 mg de calcium, 0,7 mg de fer, 0,3 g de sel et 10 UI de vitamine D, qui soutiennent les fonctions corporelles.<\/p>\n<p class=\"break-words\" dir=\"auto\">Cultiv\u00e9es par McSmart Truffles sans additifs artificiels, ces truffes offrent un m\u00e9lange pur de b\u00e9n\u00e9fices psychoactifs et nutritionnels, ce qui en fait un choix holistique pour les voyages d'expansion de l'esprit et un soutien di\u00e9t\u00e9tique mineur. Leur composition naturelle s\u00e9duit les utilisateurs qui recherchent \u00e0 la fois des exp\u00e9riences profondes et une valeur nutritionnelle, \u00e0 condition que la puissance de la psilocybine soit respect\u00e9e.<\/p>\n<p dir=\"auto\"><strong>Avertissement<\/strong><\/p>\n<p class=\"break-words\" dir=\"auto\">Les MushRocks Magic Truffles contiennent de la psilocybine et de la psilocine, de puissants hallucinog\u00e8nes qui induisent des effets importants sur la conscience, y compris des hallucinations, n\u00e9cessitant une utilisation prudente dans un environnement contr\u00f4l\u00e9. \u00c9vitez d'en consommer si vous avez moins de 18 ans, si vous \u00eates enceinte, si vous allaitez, si vous souffrez de troubles mentaux, de d\u00e9pression, de probl\u00e8mes cardiaques, pulmonaires ou de tension art\u00e9rielle, ou si vous \u00eates diab\u00e9tique, et gardez-les hors de port\u00e9e des enfants en raison de leurs effets puissants.<\/p>\n<p class=\"break-words\" dir=\"auto\">Ne pas combiner avec de l'alcool, des drogues ou des m\u00e9dicaments, et s'abstenir de conduire ou d'utiliser des machines pendant ou apr\u00e8s l'utilisation. La consommation responsable, le respect des consignes de s\u00e9curit\u00e9 et la conservation en toute s\u00e9curit\u00e9 sont essentiels pour garantir une exp\u00e9rience positive et sans danger avec ces truffes puissantes.<\/p>","protected":false},"excerpt":{"rendered":"<p>Vous voulez \u00e9couter votre chanson pr\u00e9f\u00e9r\u00e9e lors d'un voyage en MushRocks ? Alors pr\u00e9parez-vous \u00e0 ressentir la musique au maximum ! Les truffes magiques de force moyenne sont recommand\u00e9es aussi bien aux psychonautes d\u00e9butants qu'aux utilisateurs plus exp\u00e9riment\u00e9s. Connues pour leurs visuels plus forts et leur connexion unique au son, les Mushrocks sont les meilleures truffes pour les m\u00e9lomanes !<\/p>","protected":false},"featured_media":35506,"template":"","meta":[],"product_brand":[],"product_cat":[402,297,812,706,398,399,384,832],"product_tag":[978],"class_list":{"0":"post-35540","1":"product","2":"type-product","3":"status-publish","4":"has-post-thumbnail","6":"product_cat-magic-truffles","7":"product_cat-all-products","8":"product_cat-mcsmart-truffles","9":"product_cat-microdosing-truffles","10":"product_cat-mushrooms","11":"product_cat-shroomshop","12":"product_cat-smartshop","13":"product_cat-strong-magic-truffles","14":"product_tag-shrdeal","15":"product_shipping_class-group-7","17":"first","18":"instock","19":"taxable","20":"shipping-taxable","21":"purchasable","22":"product-type-variable","23":"has-default-attributes"},"_links":{"self":[{"href":"https:\/\/www.headshop.nl\/fr\/wp-json\/wp\/v2\/product\/35540","targetHints":{"allow":["GET"]}}],"collection":[{"href":"https:\/\/www.headshop.nl\/fr\/wp-json\/wp\/v2\/product"}],"about":[{"href":"https:\/\/www.headshop.nl\/fr\/wp-json\/wp\/v2\/types\/product"}],"wp:featuredmedia":[{"embeddable":true,"href":"https:\/\/www.headshop.nl\/fr\/wp-json\/wp\/v2\/media\/35506"}],"wp:attachment":[{"href":"https:\/\/www.headshop.nl\/fr\/wp-json\/wp\/v2\/media?parent=35540"}],"wp:term":[{"taxonomy":"product_brand","embeddable":true,"href":"https:\/\/www.headshop.nl\/fr\/wp-json\/wp\/v2\/product_brand?post=35540"},{"taxonomy":"product_cat","embeddable":true,"href":"https:\/\/www.headshop.nl\/fr\/wp-json\/wp\/v2\/product_cat?post=35540"},{"taxonomy":"product_tag","embeddable":true,"href":"https:\/\/www.headshop.nl\/fr\/wp-json\/wp\/v2\/product_tag?post=35540"}],"curies":[{"name":"wp","href":"https:\/\/api.w.org\/{rel}","templated":true}]}}