{"id":35472,"date":"2021-08-12T11:10:04","date_gmt":"2021-08-12T11:10:04","guid":{"rendered":"https:\/\/www.headshop.nl\/?post_type=product&#038;p=35472"},"modified":"2025-12-31T13:26:42","modified_gmt":"2025-12-31T13:26:42","slug":"mexicana-magic-truffles","status":"publish","type":"product","link":"https:\/\/www.headshop.nl\/fr\/mexicana-magic-truffles\/","title":{"rendered":"Mexicana"},"content":{"rendered":"<h2 dir=\"auto\">Que sont les truffes magiques Mexicana ?<\/h2>\n<p dir=\"auto\">Les truffes magiques Mexicana, connues sous le nom de scl\u00e9rotes, sont des formations souterraines de myc\u00e9lium de Psilocybe Mexicana qui stockent des nutriments pour la croissance des champignons dans des conditions sp\u00e9cifiques telles que des baisses de temp\u00e9rature et une augmentation de l'humidit\u00e9. Contenant de la psilocybine, qui se transforme en psilocine pour influencer les niveaux de s\u00e9rotonine, ces truffes induisent une exp\u00e9rience hallucinog\u00e8ne l\u00e9g\u00e8re mais profonde, avec des images vibrantes et des perspectives introspectives, id\u00e9ale pour les novices en mati\u00e8re de psych\u00e9d\u00e9liques.<\/p>\n<p dir=\"auto\">C\u00e9l\u00e9br\u00e9es pour favoriser la d\u00e9couverte de soi et l'alt\u00e9ration des perceptions, les truffes magiques Mexicana offrent un voyage s\u00fbr et contr\u00f4l\u00e9 dans une bo\u00eete de 15 grammes con\u00e7ue pour un seul utilisateur. Leur profil nutritionnel, comprenant des glucides, des prot\u00e9ines et des min\u00e9raux, soutient les fonctions corporelles, ce qui en fait un produit holistique qui fait le lien entre l'exploration personnelle et la subsistance physique, pour une connexion plus profonde avec soi-m\u00eame et le monde.<\/p>\n<h2 dir=\"auto\">Historique des truffes magiques Mexicana<\/h2>\n<p dir=\"auto\">L'histoire des truffes magiques Mexicana remonte aux anciennes cultures Mesoam\u00e9ricaines, o\u00f9 le Psilocybe Mexicana, surnomm\u00e9 \"chair des dieux\" par les Azt\u00e8ques, \u00e9tait utilis\u00e9 dans des c\u00e9r\u00e9monies spirituelles \u00e0 des fins de gu\u00e9rison, de divination et de connexion divine. Malgr\u00e9 la r\u00e9pression coloniale, leur utilisation a persist\u00e9, attirant l'attention de l'Occident au XXe si\u00e8cle lorsque les chercheurs ont red\u00e9couvert leurs propri\u00e9t\u00e9s psychoactives, suscitant un int\u00e9r\u00eat mondial pour les champignons contenant de la psilocybine.<\/p>\n<p dir=\"auto\">Aujourd'hui, les truffes magiques Mexicana sont cultiv\u00e9es dans le monde entier pour leurs effets plus doux, m\u00ealant les anciennes traditions chamaniques \u00e0 l'exploration moderne. Leur contenu nutritionnel, comprenant des vitamines et des min\u00e9raux, renforce leur attrait en tant que produit naturel, reliant les utilisateurs \u00e0 des pratiques s\u00e9culaires de croissance spirituelle et de d\u00e9couverte de soi d'une mani\u00e8re s\u00fbre et contr\u00f4l\u00e9e.<\/p>\n<h2 dir=\"auto\">Comment utiliser les truffes magiques Mexicana<\/h2>\n<p dir=\"auto\">Pour profiter en toute s\u00e9curit\u00e9 des truffes magiques Mexicana, consommez-les dans un environnement calme et familier, avec des compagnons de confiance, en commen\u00e7ant par la moiti\u00e9 d'une bo\u00eete de 15 grammes, bien m\u00e2ch\u00e9e ou infus\u00e9e dans du th\u00e9 ou de la soupe, sur un estomac vide pour une absorption optimale. Attendez 30 \u00e0 45 minutes pour \u00e9valuer les effets avant d'en consommer d'autres, sans jamais d\u00e9passer une bo\u00eete. Les effets atteignent leur maximum dans les 1 \u00e0 3 heures et durent 5 \u00e0 6 heures ; conservez-les \u00e0 l'abri de la lumi\u00e8re, \u00e0 une temp\u00e9rature comprise entre 2 et 4 \u00b0C.<\/p>\n<p dir=\"auto\">Ne pas combiner avec de l'alcool, des m\u00e9dicaments ou des substances, et ne pas utiliser si vous avez moins de 18 ans, si vous \u00eates enceinte ou si vous avez des probl\u00e8mes de sant\u00e9 mentale, des probl\u00e8mes cardiaques ou du diab\u00e8te ; ne pas conduire ou faire des activit\u00e9s \u00e0 risque. Approchez avec un esprit ouvert, restez hydrat\u00e9 et suivez les instructions pour profiter du voyage visuel et philosophique transformateur qu'offrent ces truffes.<\/p>\n<h2 dir=\"auto\">Ingr\u00e9dients de Mexicana Magic Truffles<\/h2>\n<p dir=\"auto\">Les truffes magiques Mexicana, form\u00e9es par les scl\u00e9rotes de Psilocybe Mexicana, contiennent de la psilocybine, qui se transforme en psilocine pour produire des effets hallucinog\u00e8nes, ainsi que des nutriments tels que 464,7 kJ d'\u00e9nergie, 13,2 g de glucides, 5,3 g de prot\u00e9ines, 0,4 g de lipides et 16,7 g de fibres alimentaires par 100 g. Elles fournissent \u00e9galement 210 mg de potassium, 169,3 mg de phosphore, 12,5 mg de calcium, 0,7 mg de fer, 0,3 g de sel et 10 UI de vitamine D, ce qui favorise l'\u00e9nergie, la r\u00e9paration des tissus et la sant\u00e9 en g\u00e9n\u00e9ral.<\/p>\n<p dir=\"auto\">Exemptes d'additifs, ces truffes offrent un m\u00e9lange pur et organique de bienfaits psychoactifs et nutritionnels, ce qui en fait bien plus qu'une substance psych\u00e9d\u00e9lique. L'utilisation responsable est cruciale en raison des effets puissants de la psilocybine sur la perception et la conscience, garantissant une exp\u00e9rience profonde et s\u00fbre dans un cadre contr\u00f4l\u00e9.<\/p>\n<p dir=\"auto\"><strong>Avertissement<\/strong><\/p>\n<p dir=\"auto\">Mexicana Magic Truffles contient de la psilocybine et de la psilocine, de puissants hallucinog\u00e8nes qui alt\u00e8rent consid\u00e9rablement la conscience, provoquant des hallucinations vives et affectant l'humeur, la perception et la cognition, ce qui n\u00e9cessite une utilisation prudente dans un environnement s\u00fbr. \u00c9vitez de consommer ce produit si vous avez moins de 18 ans, si vous \u00eates enceinte, si vous allaitez, si vous souffrez de troubles mentaux, de probl\u00e8mes cardiaques ou pulmonaires, de diab\u00e8te ou de probl\u00e8mes de tension art\u00e9rielle, et gardez-le hors de port\u00e9e des enfants en raison de ses propri\u00e9t\u00e9s psychoactives.<\/p>\n<p dir=\"auto\">Ne pas combiner avec de l'alcool, des m\u00e9dicaments ou des drogues, et s'abstenir de conduire ou d'utiliser des machines pendant ou apr\u00e8s l'utilisation, car les effets peuvent persister. Commencez par une petite dose, conservez-la en toute s\u00e9curit\u00e9 entre 2 et 4 \u00b0C et suivez les consignes de s\u00e9curit\u00e9 pour garantir une exp\u00e9rience responsable et positive avec ces truffes puissantes.<\/p>","protected":false},"excerpt":{"rendered":"<p>Avec les truffes Mexicana Magic Truffles, vous allez vous amuser avec des images pittoresques. Ce sont les truffes parfaites pour commencer votre aventure psych\u00e9d\u00e9lique, car elles sont plus douces que d'autres vari\u00e9t\u00e9s, mais elles vous offrent tous les avantages des vari\u00e9t\u00e9s plus puissantes, comme l'exp\u00e9rimentation visuelle color\u00e9e et l'euphorie. Que les d\u00e9butants se r\u00e9jouissent !<\/p>","protected":false},"featured_media":35494,"template":"","meta":[],"product_brand":[],"product_cat":[402,297,831,812,706,398,399,384],"product_tag":[978],"class_list":{"0":"post-35472","1":"product","2":"type-product","3":"status-publish","4":"has-post-thumbnail","6":"product_cat-magic-truffles","7":"product_cat-all-products","8":"product_cat-beginner-magic-truffles","9":"product_cat-mcsmart-truffles","10":"product_cat-microdosing-truffles","11":"product_cat-mushrooms","12":"product_cat-shroomshop","13":"product_cat-smartshop","14":"product_tag-shrdeal","15":"product_shipping_class-group-7","17":"first","18":"instock","19":"taxable","20":"shipping-taxable","21":"purchasable","22":"product-type-variable","23":"has-default-attributes"},"_links":{"self":[{"href":"https:\/\/www.headshop.nl\/fr\/wp-json\/wp\/v2\/product\/35472","targetHints":{"allow":["GET"]}}],"collection":[{"href":"https:\/\/www.headshop.nl\/fr\/wp-json\/wp\/v2\/product"}],"about":[{"href":"https:\/\/www.headshop.nl\/fr\/wp-json\/wp\/v2\/types\/product"}],"wp:featuredmedia":[{"embeddable":true,"href":"https:\/\/www.headshop.nl\/fr\/wp-json\/wp\/v2\/media\/35494"}],"wp:attachment":[{"href":"https:\/\/www.headshop.nl\/fr\/wp-json\/wp\/v2\/media?parent=35472"}],"wp:term":[{"taxonomy":"product_brand","embeddable":true,"href":"https:\/\/www.headshop.nl\/fr\/wp-json\/wp\/v2\/product_brand?post=35472"},{"taxonomy":"product_cat","embeddable":true,"href":"https:\/\/www.headshop.nl\/fr\/wp-json\/wp\/v2\/product_cat?post=35472"},{"taxonomy":"product_tag","embeddable":true,"href":"https:\/\/www.headshop.nl\/fr\/wp-json\/wp\/v2\/product_tag?post=35472"}],"curies":[{"name":"wp","href":"https:\/\/api.w.org\/{rel}","templated":true}]}}