{"id":35214,"date":"2021-08-10T13:40:21","date_gmt":"2021-08-10T13:40:21","guid":{"rendered":"https:\/\/www.headshop.nl\/?post_type=product&#038;p=35214"},"modified":"2026-05-11T13:26:21","modified_gmt":"2026-05-11T13:26:21","slug":"tampanensis-magic-truffles","status":"publish","type":"product","link":"https:\/\/www.headshop.nl\/fr\/tampanensis-magic-truffles\/","title":{"rendered":"Tampanensis"},"content":{"rendered":"<h2 class=\"\" dir=\"auto\">Que sont les truffes magiques Psilocybe Tampanensis ?<\/h2>\n<p class=\"break-words\" dir=\"auto\">Les truffes magiques Psilocybe Tampanensis, \u00e9galement connues sous le nom de pierre philosophale, sont des scl\u00e9rotes form\u00e9s par des fils de myc\u00e9lium souterrains qui stockent des nutriments lorsque des conditions telles que des temp\u00e9ratures plus fra\u00eeches et une humidit\u00e9 plus \u00e9lev\u00e9e emp\u00eachent la croissance des champignons. Contenant de la psilocybine, ces truffes offrent une exp\u00e9rience hallucinog\u00e8ne douce et philosophique avec des sensations joyeuses et \u00e9lev\u00e9es et des pens\u00e9es introspectives profondes, ce qui les rend id\u00e9ales pour les d\u00e9butants qui explorent les \u00e9tats modifi\u00e9s de conscience.<\/p>\n<p class=\"break-words\" dir=\"auto\">Chaque bo\u00eete de 15 grammes, con\u00e7ue pour un seul utilisateur, offre un voyage s\u00fbr et contr\u00f4l\u00e9 qui varie en fonction du dosage et de la sensibilit\u00e9 individuelle, favorisant la d\u00e9couverte de soi et de nouvelles perspectives. Conserv\u00e9 entre 2\u00b0C et 4\u00b0C, Psilocybe Tampanensis reste puissant, offrant une exp\u00e9rience transformatrice dans un environnement de confiance, attirant ceux qui recherchent une exploration mentale significative.<\/p>\n<h2 class=\"\" dir=\"auto\">Histoire de la truffe magique Psilocybe Tampanensis<\/h2>\n<p class=\"break-words\" dir=\"auto\">D\u00e9couvert \u00e0 Tampa, en Floride, en 1977, le Psilocybe Tampanensis a re\u00e7u le surnom de \"pierre philosophale\" pour ses effets stimulants, initialement \u00e9tudi\u00e9s pour sa teneur en psilocybine. Alors que les cultures indig\u00e8nes utilisaient les champignons \u00e0 psilocybine pour des rituels spirituels et chamaniques, cette souche est devenue une favorite moderne dans les ann\u00e9es 1990 lorsqu'elle a \u00e9t\u00e9 cultiv\u00e9e aux Pays-Bas comme alternative l\u00e9gale aux champignons \u00e0 psilocybine, gagnant en popularit\u00e9 pour ses effets accessibles et plus doux.<\/p>\n<p class=\"break-words\" dir=\"auto\">Son essor t\u00e9moigne d'un int\u00e9r\u00eat mondial croissant pour les psych\u00e9d\u00e9liques \u00e0 des fins de d\u00e9veloppement personnel, m\u00ealant traditions anciennes et culture moderne. Aujourd'hui, Psilocybe Tampanensis est un produit de base sur le march\u00e9 des truffes magiques, appr\u00e9ci\u00e9 pour sa profondeur philosophique et sa capacit\u00e9 \u00e0 inspirer la conscience de soi, connectant les utilisateurs \u00e0 un h\u00e9ritage d'introspection et d'exp\u00e9riences significatives dans des environnements s\u00fbrs.<\/p>\n<h2 class=\"\" dir=\"auto\">Comment utiliser les truffes magiques Psilocybe Tampanensis ?<\/h2>\n<p class=\"break-words\" dir=\"auto\">Pour profiter en toute s\u00e9curit\u00e9 des truffes magiques Psilocybe Tampanensis, consommez-les dans un environnement calme et familier, en commen\u00e7ant par la moiti\u00e9 d'une bo\u00eete de 15 grammes, bien m\u00e2ch\u00e9e \u00e0 jeun pour une absorption optimale, ou infus\u00e9e dans du th\u00e9 ou de la soupe. Attendre 30 \u00e0 45 minutes pour \u00e9valuer les effets avant d'envisager une petite dose suppl\u00e9mentaire, sans jamais d\u00e9passer une bo\u00eete. Les effets atteignent leur maximum dans les 1 \u00e0 3 heures et durent 5 \u00e0 6 heures ; conserver \u00e0 l'abri de la lumi\u00e8re, entre 2 et 4 \u00b0C.<\/p>\n<p class=\"break-words\" dir=\"auto\">Ne pas combiner avec de l'alcool, des m\u00e9dicaments ou des drogues, et ne pas utiliser si vous avez moins de 18 ans, si vous \u00eates enceinte, si vous allaitez ou si vous souffrez de troubles mentaux ou physiques tels que la d\u00e9pression, les probl\u00e8mes cardiaques ou le diab\u00e8te ; il est interdit de conduire ou d'utiliser des machines. Relax, acceptez le voyage philosophique et suivez les directives pour une exp\u00e9rience responsable et transformatrice adapt\u00e9e \u00e0 votre \u00e9tat d'esprit.<\/p>\n<h2 class=\"\" dir=\"auto\">Ingr\u00e9dients des truffes magiques Psilocybe Tampanensis<\/h2>\n<p class=\"break-words\" dir=\"auto\">Les truffes magiques Psilocybe Tampanensis contiennent de la psilocybine, qui se transforme en psilocine pour influencer les niveaux de s\u00e9rotonine et produire des effets hallucinog\u00e8nes, ainsi que des nutriments tels que 13,2 g de glucides, 5,3 g de prot\u00e9ines, 0,4 g de lipides et 16,7 g de fibres alimentaires pour 100 g. Elles fournissent \u00e9galement 210 mg de potassium, 169,3 mg de phosphore, 12,5 mg de calcium, 0,7 mg de fer, 13,6 mg de sodium, 0,3 g de sel et 10 UI de vitamine D, favorisant la digestion et le bien-\u00eatre g\u00e9n\u00e9ral.<\/p>\n<p class=\"break-words\" dir=\"auto\">Cette composition naturelle, exempte d'additifs, offre \u00e0 la fois des avantages psychoactifs et nutritionnels, ce qui fait des truffes un compl\u00e9ment unique pour l'exploration mentale et un soutien di\u00e9t\u00e9tique mineur. La consommation responsable est essentielle en raison des effets puissants de la psilocybine, garantissant une exp\u00e9rience s\u00fbre et significative qui \u00e9quilibre les perspectives philosophiques et la subsistance physique.<\/p>\n<p dir=\"auto\"><strong>Avertissement<\/strong><\/p>\n<p class=\"break-words\" dir=\"auto\">Les truffes magiques Psilocybe Tampanensis contiennent de la psilocybine et de la psilocine, de puissants hallucinog\u00e8nes qui modifient consid\u00e9rablement la perception, l'humeur et la pens\u00e9e, ce qui n\u00e9cessite une utilisation prudente dans un environnement contr\u00f4l\u00e9. \u00c9vitez d'en consommer si vous avez moins de 18 ans, si vous \u00eates enceinte, si vous allaitez, si vous avez des probl\u00e8mes de sant\u00e9 mentale, des probl\u00e8mes physiques ou des maladies comme la d\u00e9pression, les probl\u00e8mes cardiaques ou le diab\u00e8te, et gardez-les hors de port\u00e9e des enfants en raison de leurs puissants effets psychoactifs.<\/p>\n<p class=\"break-words\" dir=\"auto\">Ne pas combiner avec de l'alcool, des m\u00e9dicaments ou d'autres substances, et s'abstenir de conduire ou d'utiliser des machines pendant ou apr\u00e8s l'utilisation. Respectez les consignes de dosage, conservez-les en lieu s\u00fbr et consommez-les de mani\u00e8re responsable afin de garantir une exp\u00e9rience positive et sans danger avec ces truffes transformatrices.<\/p>","protected":false},"excerpt":{"rendered":"<p><span data-sheets-value=\"{&quot;1&quot;:2,&quot;2&quot;:&quot;Philosopher\u2019s Stones are the mildest magic truffles we have on our list but they pack a punch that should not be taken lightly. Tampanensis has been one of the most interesting magic truffle to research and explore because of its spiritual qualities. Personal trips with tampanensis can help you get closer to yourself!&quot;}\" data-sheets-userformat=\"{&quot;2&quot;:771,&quot;3&quot;:{&quot;1&quot;:0},&quot;4&quot;:{&quot;1&quot;:2,&quot;2&quot;:13689059},&quot;11&quot;:4,&quot;12&quot;:0}\">Les pierres philosophales sont les truffes magiques les plus douces de notre liste, mais elles ont une force de frappe qu'il ne faut pas prendre \u00e0 la l\u00e9g\u00e8re. La Tampanensis est l'une des truffes magiques les plus int\u00e9ressantes \u00e0 \u00e9tudier et \u00e0 explorer en raison de ses qualit\u00e9s spirituelles. Les voyages personnels avec le tampanensis peuvent vous aider \u00e0 vous rapprocher de vous-m\u00eame !<\/span><\/p>","protected":false},"featured_media":35488,"template":"","meta":[],"product_brand":[],"product_cat":[402,297,831,812,706,398,399,384],"product_tag":[978],"class_list":{"0":"post-35214","1":"product","2":"type-product","3":"status-publish","4":"has-post-thumbnail","6":"product_cat-magic-truffles","7":"product_cat-all-products","8":"product_cat-beginner-magic-truffles","9":"product_cat-mcsmart-truffles","10":"product_cat-microdosing-truffles","11":"product_cat-mushrooms","12":"product_cat-shroomshop","13":"product_cat-smartshop","14":"product_tag-shrdeal","15":"product_shipping_class-group-7","17":"first","18":"instock","19":"taxable","20":"shipping-taxable","21":"purchasable","22":"product-type-variable","23":"has-default-attributes"},"_links":{"self":[{"href":"https:\/\/www.headshop.nl\/fr\/wp-json\/wp\/v2\/product\/35214","targetHints":{"allow":["GET"]}}],"collection":[{"href":"https:\/\/www.headshop.nl\/fr\/wp-json\/wp\/v2\/product"}],"about":[{"href":"https:\/\/www.headshop.nl\/fr\/wp-json\/wp\/v2\/types\/product"}],"wp:featuredmedia":[{"embeddable":true,"href":"https:\/\/www.headshop.nl\/fr\/wp-json\/wp\/v2\/media\/35488"}],"wp:attachment":[{"href":"https:\/\/www.headshop.nl\/fr\/wp-json\/wp\/v2\/media?parent=35214"}],"wp:term":[{"taxonomy":"product_brand","embeddable":true,"href":"https:\/\/www.headshop.nl\/fr\/wp-json\/wp\/v2\/product_brand?post=35214"},{"taxonomy":"product_cat","embeddable":true,"href":"https:\/\/www.headshop.nl\/fr\/wp-json\/wp\/v2\/product_cat?post=35214"},{"taxonomy":"product_tag","embeddable":true,"href":"https:\/\/www.headshop.nl\/fr\/wp-json\/wp\/v2\/product_tag?post=35214"}],"curies":[{"name":"wp","href":"https:\/\/api.w.org\/{rel}","templated":true}]}}