{"id":35193,"date":"2021-08-10T10:24:17","date_gmt":"2021-08-10T10:24:17","guid":{"rendered":"https:\/\/www.headshop.nl\/?post_type=product&#038;p=35193"},"modified":"2025-02-14T09:11:53","modified_gmt":"2025-02-14T09:11:53","slug":"kanna-20x-extract","status":"publish","type":"product","link":"https:\/\/www.headshop.nl\/fr\/kanna-20x-extract\/","title":{"rendered":"Kanna 20x Extract"},"content":{"rendered":"<h2 data-start=\"343\" data-end=\"362\">Qu'est-ce que le Kanna ?<\/h2>\n<p data-start=\"363\" data-end=\"988\">Kanna, scientifiquement connu sous le nom de Sceletium Tortuosum, est un extrait naturel de plante aux multiples usages. Originaire d'Afrique du Sud, il est traditionnellement m\u00e2ch\u00e9 pour ses propri\u00e9t\u00e9s stimulantes et sa capacit\u00e9 \u00e0 am\u00e9liorer l'humeur. Aujourd'hui, le Kanna est disponible sous diff\u00e9rentes formes, y compris des extraits puissants comme la version 20x, qui est environ 20 fois plus puissante que les feuilles s\u00e9ch\u00e9es ordinaires. L'attrait principal du Kanna r\u00e9side dans sa capacit\u00e9 \u00e0 stimuler l'\u00e9nergie, \u00e0 r\u00e9duire l'anxi\u00e9t\u00e9, \u00e0 augmenter la paix int\u00e9rieure et m\u00eame \u00e0 soutenir la sant\u00e9 sexuelle. Cela en fait une option int\u00e9ressante pour ceux qui recherchent un moyen naturel d'am\u00e9liorer leur bien-\u00eatre g\u00e9n\u00e9ral.<\/p>\n<p data-start=\"990\" data-end=\"1490\">En Afrique du Sud, le Kanna est utilis\u00e9 depuis des si\u00e8cles, mais sa popularit\u00e9 s'est accrue \u00e0 l'\u00e9chelle internationale \u00e0 mesure que de plus en plus de personnes d\u00e9couvrent ses bienfaits. L'extrait est particuli\u00e8rement recherch\u00e9 pour sa puissance accrue, offrant un effet plus fort et plus imm\u00e9diat que les m\u00e9thodes traditionnelles. Le Kanna est utilis\u00e9 par de nombreuses personnes pour sa capacit\u00e9 \u00e0 promouvoir la relaxation, \u00e0 augmenter la vigilance et \u00e0 aider les utilisateurs \u00e0 se sentir plus centr\u00e9s. Gr\u00e2ce \u00e0 ses effets puissants, le Kanna continue d'\u00eatre reconnu comme un rem\u00e8de naturel polyvalent et pr\u00e9cieux.<\/p>\n<h2 data-start=\"1492\" data-end=\"1513\">Historique de Kanna<\/h2>\n<p data-start=\"1514\" data-end=\"1987\">L'histoire du Kanna remonte \u00e0 la fin du XIXe si\u00e8cle, lorsqu'il a \u00e9t\u00e9 d\u00e9couvert pour la premi\u00e8re fois par des botanistes n\u00e9erlandais en Afrique du Sud. Les populations indig\u00e8nes de la r\u00e9gion utilisaient depuis longtemps la plante en m\u00e2chant ses feuilles pour ressentir ses effets calmants et am\u00e9liorant l'humeur. Lorsque les botanistes n\u00e9erlandais ont d\u00e9couvert cette pratique, ils ont ramen\u00e9 la plante en Europe pour l'\u00e9tudier plus en d\u00e9tail. Au fil du temps, le Kanna a \u00e9t\u00e9 transform\u00e9 en extraits, dont les effets sont beaucoup plus puissants que la simple consommation de feuilles s\u00e9ch\u00e9es.<\/p>\n<p data-start=\"1989\" data-end=\"2499\">Les compos\u00e9s actifs de la plante ont \u00e9t\u00e9 progressivement isol\u00e9s, ce qui a conduit au d\u00e9veloppement d'extraits concentr\u00e9s, comme la version 20x. Ces formes modernes de Kanna sont beaucoup plus puissantes, ce qui permet aux utilisateurs de ressentir ses effets plus rapidement et plus intens\u00e9ment. Alors que son utilisation \u00e9tait initialement localis\u00e9e en Afrique du Sud, l'int\u00e9r\u00eat mondial pour le Kanna s'est accru au fur et \u00e0 mesure que ses avantages sont devenus plus largement connus. Le Kanna est d\u00e9sormais disponible sous diverses formes dans le monde entier, ce qui permet aux consommateurs d'explorer ses divers effets.<\/p>\n<h2 data-start=\"2501\" data-end=\"2522\">Comment utiliser Kanna<\/h2>\n<p data-start=\"2523\" data-end=\"2930\">Le Kanna peut \u00eatre utilis\u00e9 de diff\u00e9rentes mani\u00e8res, le th\u00e9 \u00e9tant l'une des m\u00e9thodes les plus populaires. L'extrait 20x peut \u00eatre infus\u00e9 dans un th\u00e9, avec un dosage commun d'environ 150 mg pour un effet mod\u00e9r\u00e9. Cette m\u00e9thode permet aux utilisateurs de ressentir une sensation \u00e0 la fois apaisante et \u00e9nergisante qui dure des heures. L'extrait peut \u00e9galement \u00eatre m\u00e2ch\u00e9, comme le faisaient les indig\u00e8nes sud-africains, bien que cette m\u00e9thode mette plus de temps \u00e0 produire des effets.<\/p>\n<p data-start=\"2932\" data-end=\"3384\">La beaut\u00e9 du Kanna r\u00e9side dans sa polyvalence. Comme l'extrait 20x est plus puissant que le Kanna standard, les utilisateurs peuvent commencer par de petites quantit\u00e9s et ajuster le dosage en fonction de leurs pr\u00e9f\u00e9rences. Il est essentiel d'augmenter progressivement la tol\u00e9rance pour \u00e9viter les effets excessifs. Le Kanna est \u00e9galement disponible sous forme de g\u00e9lules ou de poudres, qui peuvent \u00eatre m\u00e9lang\u00e9es \u00e0 d'autres substances pour en renforcer les effets. Le choix de la m\u00e9thode d\u00e9pend des pr\u00e9f\u00e9rences individuelles et des r\u00e9sultats souhait\u00e9s.<\/p>\n<p data-start=\"3386\" data-end=\"3613\">Le Kanna n'induit pas d'hallucinations, ce qui le rend appropri\u00e9 pour ceux qui recherchent un changement d'humeur et d'\u00e9nergie l\u00e9ger mais perceptible. L'exp\u00e9rimentation est encourag\u00e9e, ce qui permet aux utilisateurs de d\u00e9couvrir le dosage et la m\u00e9thode qui conviennent le mieux \u00e0 leurs besoins.<\/p>\n<h2 data-start=\"3615\" data-end=\"3640\">Ingr\u00e9dients de Kanna<\/h2>\n<p data-start=\"3641\" data-end=\"4016\">Le Sceletium Tortuosum, ou Kanna, contient plusieurs compos\u00e9s actifs qui contribuent \u00e0 ses effets th\u00e9rapeutiques et \u00e0 ses effets sur l'humeur. Ces compos\u00e9s comprennent des alcalo\u00efdes tels que la m\u00e9sembrine, la m\u00e9sembr\u00e9none et la tortuosamine. Ces alcalo\u00efdes sont connus pour leur capacit\u00e9 \u00e0 affecter les r\u00e9cepteurs c\u00e9r\u00e9braux de la s\u00e9rotonine et de la dopamine, ce qui a pour effet d'am\u00e9liorer l'humeur, de donner de l'\u00e9nergie et de calmer.<\/p>\n<p data-start=\"4018\" data-end=\"4395\">L'extrait 20x de Kanna est concentr\u00e9, ce qui signifie qu'il contient une concentration plus \u00e9lev\u00e9e de ces compos\u00e9s actifs par rapport aux feuilles s\u00e9ch\u00e9es. L'extrait est donc beaucoup plus puissant, ce qui permet d'obtenir des r\u00e9sultats plus forts et plus rapides. La combinaison sp\u00e9cifique d'alcalo\u00efdes dans le Kanna est responsable de sa capacit\u00e9 unique \u00e0 am\u00e9liorer l'humeur et les niveaux d'\u00e9nergie sans causer d'effets psych\u00e9d\u00e9liques.<\/p>\n<p data-start=\"4397\" data-end=\"4731\">Le Kanna est traditionnellement utilis\u00e9 pour r\u00e9duire l'anxi\u00e9t\u00e9, favoriser la relaxation et promouvoir un sentiment de bien-\u00eatre, mais on pense \u00e9galement qu'il contribue \u00e0 la libido. Le m\u00e9lange complexe de compos\u00e9s de la plante la rend efficace pour une vari\u00e9t\u00e9 d'objectifs, offrant aux utilisateurs un moyen naturel de soutenir la sant\u00e9 mentale, les niveaux d'\u00e9nergie et la fonction sexuelle.<\/p>\n<p data-start=\"4733\" data-end=\"4972\" data-is-last-node=\"\"><strong data-start=\"4733\" data-end=\"4744\">Avertissement<\/strong><br data-start=\"4744\" data-end=\"4747\" \/>Il est conseill\u00e9 de commencer par une petite dose lors de l'utilisation de Kanna, en particulier l'extrait 20x, car sa puissance peut \u00eatre \u00e9crasante pour certains individus. Surveillez toujours la r\u00e9action de votre corps et augmentez progressivement la dose si n\u00e9cessaire.<\/p>","protected":false},"excerpt":{"rendered":"<p>Sceletium Tortuosum, \u00e9galement connu sous le nom de Kanna, est un produit naturel puissant qui offre de nombreux avantages tels qu'une \u00e9nergie accrue, une r\u00e9duction de l'anxi\u00e9t\u00e9, une am\u00e9lioration du calme int\u00e9rieur et m\u00eame une am\u00e9lioration de la libido. Cet extrait 20x est 20 fois plus puissant que le Kanna standard, ce qui en fait une excellente option pour ceux qui recherchent des effets plus puissants.<\/p>","protected":false},"featured_media":81942,"template":"","meta":[],"product_brand":[],"product_cat":[297,391,389,385,818,397,384,625],"product_tag":[],"class_list":{"0":"post-35193","1":"product","2":"type-product","3":"status-publish","4":"has-post-thumbnail","6":"product_cat-all-products","7":"product_cat-extracts","8":"product_cat-herbs","9":"product_cat-kanna","10":"product_cat-mcmystic","11":"product_cat-party","12":"product_cat-smartshop","13":"product_cat-smartshop-top-10","15":"first","16":"instock","17":"taxable","18":"shipping-taxable","19":"purchasable","20":"product-type-variable","21":"has-default-attributes"},"_links":{"self":[{"href":"https:\/\/www.headshop.nl\/fr\/wp-json\/wp\/v2\/product\/35193","targetHints":{"allow":["GET"]}}],"collection":[{"href":"https:\/\/www.headshop.nl\/fr\/wp-json\/wp\/v2\/product"}],"about":[{"href":"https:\/\/www.headshop.nl\/fr\/wp-json\/wp\/v2\/types\/product"}],"wp:featuredmedia":[{"embeddable":true,"href":"https:\/\/www.headshop.nl\/fr\/wp-json\/wp\/v2\/media\/81942"}],"wp:attachment":[{"href":"https:\/\/www.headshop.nl\/fr\/wp-json\/wp\/v2\/media?parent=35193"}],"wp:term":[{"taxonomy":"product_brand","embeddable":true,"href":"https:\/\/www.headshop.nl\/fr\/wp-json\/wp\/v2\/product_brand?post=35193"},{"taxonomy":"product_cat","embeddable":true,"href":"https:\/\/www.headshop.nl\/fr\/wp-json\/wp\/v2\/product_cat?post=35193"},{"taxonomy":"product_tag","embeddable":true,"href":"https:\/\/www.headshop.nl\/fr\/wp-json\/wp\/v2\/product_tag?post=35193"}],"curies":[{"name":"wp","href":"https:\/\/api.w.org\/{rel}","templated":true}]}}