{"id":32368,"date":"2020-02-11T01:15:22","date_gmt":"2020-02-11T01:15:22","guid":{"rendered":"https:\/\/headshop.nl\/?post_type=product&#038;p=32368"},"modified":"2024-09-17T11:02:03","modified_gmt":"2024-09-17T11:02:03","slug":"juicy-jay-watermelon-papers","status":"publish","type":"product","link":"https:\/\/www.headshop.nl\/fr\/juicy-jay-watermelon-papers\/","title":{"rendered":"JUICY JAY, Watermelon Papers"},"content":{"rendered":"","protected":false},"excerpt":{"rendered":"<p>Que vous souhaitiez revivre les souvenirs des pique-niques familiaux dans le parc, ou que vous vouliez simplement vous sentir \u00e0 nouveau comme un enfant, ces feuilles \u00e0 rouler aromatis\u00e9es Juicy Jays Watermelon sont parfaites. Roulez des herbes \u00e0 fumer l\u00e9gales \u00e0 l'int\u00e9rieur de ces feuilles \u00e0 rouler et passez un bon moment.<\/p>","protected":false},"featured_media":32371,"template":"","meta":[],"product_brand":[],"product_cat":[297,446,421],"product_tag":[],"class_list":{"0":"post-32368","1":"product","2":"type-product","3":"status-publish","4":"has-post-thumbnail","6":"product_cat-all-products","7":"product_cat-papers","8":"product_cat-rolling-papers","9":"product_shipping_class-creditcard-on","11":"first","12":"instock","13":"taxable","14":"shipping-taxable","15":"purchasable","16":"product-type-variable","17":"has-default-attributes"},"_links":{"self":[{"href":"https:\/\/www.headshop.nl\/fr\/wp-json\/wp\/v2\/product\/32368","targetHints":{"allow":["GET"]}}],"collection":[{"href":"https:\/\/www.headshop.nl\/fr\/wp-json\/wp\/v2\/product"}],"about":[{"href":"https:\/\/www.headshop.nl\/fr\/wp-json\/wp\/v2\/types\/product"}],"wp:featuredmedia":[{"embeddable":true,"href":"https:\/\/www.headshop.nl\/fr\/wp-json\/wp\/v2\/media\/32371"}],"wp:attachment":[{"href":"https:\/\/www.headshop.nl\/fr\/wp-json\/wp\/v2\/media?parent=32368"}],"wp:term":[{"taxonomy":"product_brand","embeddable":true,"href":"https:\/\/www.headshop.nl\/fr\/wp-json\/wp\/v2\/product_brand?post=32368"},{"taxonomy":"product_cat","embeddable":true,"href":"https:\/\/www.headshop.nl\/fr\/wp-json\/wp\/v2\/product_cat?post=32368"},{"taxonomy":"product_tag","embeddable":true,"href":"https:\/\/www.headshop.nl\/fr\/wp-json\/wp\/v2\/product_tag?post=32368"}],"curies":[{"name":"wp","href":"https:\/\/api.w.org\/{rel}","templated":true}]}}