{"id":32363,"date":"2020-02-11T01:07:11","date_gmt":"2020-02-11T01:07:11","guid":{"rendered":"https:\/\/headshop.nl\/?post_type=product&#038;p=32363"},"modified":"2024-09-17T11:02:03","modified_gmt":"2024-09-17T11:02:03","slug":"juicy-jay-cotton-candy-papers","status":"publish","type":"product","link":"https:\/\/www.headshop.nl\/fr\/juicy-jay-cotton-candy-papers\/","title":{"rendered":"JUICY JAY, Barbe \u00e0 papa Papers"},"content":{"rendered":"","protected":false},"excerpt":{"rendered":"<p>Ayez l'impression d'\u00eatre au cirque en essayant ces feuilles \u00e0 rouler aromatis\u00e9es \u00e0 la barbe \u00e0 papa de Juicy Jay. D\u00e9couvrez le go\u00fbt de la barbe \u00e0 papa, sans le c\u00f4t\u00e9 collant de la vraie barbe \u00e0 papa ! Prenez votre type d'herbe \u00e0 fumer l\u00e9gale pr\u00e9f\u00e9r\u00e9e et roulez une cigarette.<\/p>","protected":false},"featured_media":32366,"template":"","meta":[],"product_brand":[],"product_cat":[297,446,421],"product_tag":[],"class_list":{"0":"post-32363","1":"product","2":"type-product","3":"status-publish","4":"has-post-thumbnail","6":"product_cat-all-products","7":"product_cat-papers","8":"product_cat-rolling-papers","9":"product_shipping_class-creditcard-on","11":"first","12":"instock","13":"taxable","14":"shipping-taxable","15":"purchasable","16":"product-type-variable","17":"has-default-attributes"},"_links":{"self":[{"href":"https:\/\/www.headshop.nl\/fr\/wp-json\/wp\/v2\/product\/32363","targetHints":{"allow":["GET"]}}],"collection":[{"href":"https:\/\/www.headshop.nl\/fr\/wp-json\/wp\/v2\/product"}],"about":[{"href":"https:\/\/www.headshop.nl\/fr\/wp-json\/wp\/v2\/types\/product"}],"wp:featuredmedia":[{"embeddable":true,"href":"https:\/\/www.headshop.nl\/fr\/wp-json\/wp\/v2\/media\/32366"}],"wp:attachment":[{"href":"https:\/\/www.headshop.nl\/fr\/wp-json\/wp\/v2\/media?parent=32363"}],"wp:term":[{"taxonomy":"product_brand","embeddable":true,"href":"https:\/\/www.headshop.nl\/fr\/wp-json\/wp\/v2\/product_brand?post=32363"},{"taxonomy":"product_cat","embeddable":true,"href":"https:\/\/www.headshop.nl\/fr\/wp-json\/wp\/v2\/product_cat?post=32363"},{"taxonomy":"product_tag","embeddable":true,"href":"https:\/\/www.headshop.nl\/fr\/wp-json\/wp\/v2\/product_tag?post=32363"}],"curies":[{"name":"wp","href":"https:\/\/api.w.org\/{rel}","templated":true}]}}