{"id":29887,"date":"2019-12-30T23:59:30","date_gmt":"2019-12-30T23:59:30","guid":{"rendered":"https:\/\/headshop.nl\/?post_type=product&#038;p=29887"},"modified":"2024-09-17T11:02:07","modified_gmt":"2024-09-17T11:02:07","slug":"slx-yellow-gold-grinder-non-stick","status":"publish","type":"product","link":"https:\/\/www.headshop.nl\/fr\/slx-yellow-gold-grinder-non-stick\/","title":{"rendered":"SLX Or jaune Grinder Antiadh\u00e9sif"},"content":{"rendered":"<h2>SLX Or jaune Grinder Antiadh\u00e9sif<\/h2>\n<p>Aluminium de qualit\u00e9 a\u00e9rospatiale Usin\u00e9 en aluminium 7075 T6 pour \u00e9viter les filetages crois\u00e9s, les dents tordues ou cass\u00e9es, ou d'autres dommages. La plupart des moulins \u00e0 herbe sont fabriqu\u00e9s \u00e0 partir d'aluminium de s\u00e9rie 6, moins solide. La s\u00e9rie 7 est plus co\u00fbteuse \u00e0 usiner, mais elle garantit que votre moulin \u00e0 herbe SLX durera toute une vie.<\/p>\n<p><strong>Disponible en format de poche de 50,8 mm et en format domestique de 62 mm.<\/strong><\/p>","protected":false},"excerpt":{"rendered":"<p>Rev\u00eatement antiadh\u00e9sif Ceramic SLX La version 2.0 est recouverte \u00e0 l'int\u00e9rieur et \u00e0 l'ext\u00e9rieur de notre c\u00e9ramique exclusive non-stick. Chaque l\u00e8vre, chaque dent - m\u00eame la chambre \u00e0 pollen. <\/p>\n<p>Il ne colle jamais, n'a pas besoin d'\u00eatre nettoy\u00e9 et est 100% non toxique, ne br\u00fble pas et ne lib\u00e8re pas de produits chimiques nocifs. <strong>Disponible en format de poche de 50,8 mm et en format domestique de 62 mm.<\/strong><\/p>","protected":false},"featured_media":29959,"template":"","meta":[],"product_brand":[],"product_cat":[440,297,420,414,437],"product_tag":[],"class_list":{"0":"post-29887","1":"product","2":"type-product","3":"status-publish","4":"has-post-thumbnail","6":"product_cat-4-part-grinders","7":"product_cat-all-products","8":"product_cat-grinders","9":"product_cat-headshop","10":"product_cat-metal","11":"product_shipping_class-creditcard-on","13":"first","14":"instock","15":"taxable","16":"shipping-taxable","17":"purchasable","18":"product-type-variable","19":"has-default-attributes"},"_links":{"self":[{"href":"https:\/\/www.headshop.nl\/fr\/wp-json\/wp\/v2\/product\/29887","targetHints":{"allow":["GET"]}}],"collection":[{"href":"https:\/\/www.headshop.nl\/fr\/wp-json\/wp\/v2\/product"}],"about":[{"href":"https:\/\/www.headshop.nl\/fr\/wp-json\/wp\/v2\/types\/product"}],"wp:featuredmedia":[{"embeddable":true,"href":"https:\/\/www.headshop.nl\/fr\/wp-json\/wp\/v2\/media\/29959"}],"wp:attachment":[{"href":"https:\/\/www.headshop.nl\/fr\/wp-json\/wp\/v2\/media?parent=29887"}],"wp:term":[{"taxonomy":"product_brand","embeddable":true,"href":"https:\/\/www.headshop.nl\/fr\/wp-json\/wp\/v2\/product_brand?post=29887"},{"taxonomy":"product_cat","embeddable":true,"href":"https:\/\/www.headshop.nl\/fr\/wp-json\/wp\/v2\/product_cat?post=29887"},{"taxonomy":"product_tag","embeddable":true,"href":"https:\/\/www.headshop.nl\/fr\/wp-json\/wp\/v2\/product_tag?post=29887"}],"curies":[{"name":"wp","href":"https:\/\/api.w.org\/{rel}","templated":true}]}}