{"id":29779,"date":"2019-12-30T19:49:13","date_gmt":"2019-12-30T19:49:13","guid":{"rendered":"https:\/\/headshop.nl\/?post_type=product&#038;p=29779"},"modified":"2024-09-17T11:02:16","modified_gmt":"2024-09-17T11:02:16","slug":"psilocibine-grey-grinder","status":"publish","type":"product","link":"https:\/\/www.headshop.nl\/fr\/psilocibine-grey-grinder\/","title":{"rendered":"Psilocibine Gris Grinder"},"content":{"rendered":"<h2>Psilocibine Gris Grinder<\/h2>\n<p>Le broyeur m\u00e9tallique Psilocibine 4-Part est fabriqu\u00e9 en aluminium anodis\u00e9 de haute qualit\u00e9, usin\u00e9 CNC pour cr\u00e9er une chambre de broyage avec des dents en forme de diamant, aiguis\u00e9es comme des lames de rasoir. Cela \u00e9vite que les herbes ne soient \u00e9cras\u00e9es ou compact\u00e9es, m\u00eame lorsqu'elles sont humides, et garantit que seules les herbes finement d\u00e9chiquet\u00e9es tombent dans la chambre de r\u00e9ception situ\u00e9e en dessous.<\/p>\n<p>Sous la chambre de capture initiale se trouve une section suppl\u00e9mentaire, s\u00e9par\u00e9e par un filtre \u00e0 mailles fines, o\u00f9 les cristaux sont collect\u00e9s. Cette section peut \u00eatre retir\u00e9e si vous le souhaitez pour transformer le broyeur en un mod\u00e8le en trois parties, plus fin.<\/p>\n<p>Le couvercle est \u00e9quip\u00e9 d'un aimant puissant qui le maintient en place lors du transport et sa taille \u00e9troite le rend plus facile \u00e0 transporter. Il est grav\u00e9 au laser avec notre logo Psilocibine, ce qui en fait un compl\u00e9ment esth\u00e9tique et fonctionnel \u00e0 la trousse \u00e0 outils de tout fumeur, qui durera des ann\u00e9es.<\/p>","protected":false},"excerpt":{"rendered":"<p>Si vous \u00eates \u00e0 la recherche d'un petit broyeur Psilocibine cool ou si vous pr\u00e9voyez de l'utiliser pour de petites quantit\u00e9s d'herbes, c'est un excellent choix pour un broyeur de 40 mm.<\/p>","protected":false},"featured_media":29780,"template":"","meta":[],"product_brand":[],"product_cat":[440,297,420,414,437],"product_tag":[],"class_list":{"0":"post-29779","1":"product","2":"type-product","3":"status-publish","4":"has-post-thumbnail","6":"product_cat-4-part-grinders","7":"product_cat-all-products","8":"product_cat-grinders","9":"product_cat-headshop","10":"product_cat-metal","11":"product_shipping_class-creditcard-on","13":"first","14":"instock","15":"taxable","16":"shipping-taxable","17":"purchasable","18":"product-type-simple"},"_links":{"self":[{"href":"https:\/\/www.headshop.nl\/fr\/wp-json\/wp\/v2\/product\/29779","targetHints":{"allow":["GET"]}}],"collection":[{"href":"https:\/\/www.headshop.nl\/fr\/wp-json\/wp\/v2\/product"}],"about":[{"href":"https:\/\/www.headshop.nl\/fr\/wp-json\/wp\/v2\/types\/product"}],"wp:featuredmedia":[{"embeddable":true,"href":"https:\/\/www.headshop.nl\/fr\/wp-json\/wp\/v2\/media\/29780"}],"wp:attachment":[{"href":"https:\/\/www.headshop.nl\/fr\/wp-json\/wp\/v2\/media?parent=29779"}],"wp:term":[{"taxonomy":"product_brand","embeddable":true,"href":"https:\/\/www.headshop.nl\/fr\/wp-json\/wp\/v2\/product_brand?post=29779"},{"taxonomy":"product_cat","embeddable":true,"href":"https:\/\/www.headshop.nl\/fr\/wp-json\/wp\/v2\/product_cat?post=29779"},{"taxonomy":"product_tag","embeddable":true,"href":"https:\/\/www.headshop.nl\/fr\/wp-json\/wp\/v2\/product_tag?post=29779"}],"curies":[{"name":"wp","href":"https:\/\/api.w.org\/{rel}","templated":true}]}}