{"id":29690,"date":"2019-12-30T16:07:55","date_gmt":"2019-12-30T16:07:55","guid":{"rendered":"https:\/\/headshop.nl\/?post_type=product&#038;p=29690"},"modified":"2024-09-17T10:49:13","modified_gmt":"2024-09-17T10:49:13","slug":"juicy-jones-grape-cones","status":"publish","type":"product","link":"https:\/\/www.headshop.nl\/fr\/juicy-jones-grape-cones\/","title":{"rendered":"Juicy Jones Raisin Cones"},"content":{"rendered":"<h2>Juicy Jones Raisin<\/h2>\n<p>Dans le tube rigide, vous trouverez 2 c\u00f4nes pr\u00e9-roul\u00e9s au go\u00fbt exquis, imprim\u00e9s d'un motif de raisin, ainsi qu'un tip Dank 7 r\u00e9utilisable. L'emballage permet de s'assurer que le tout reste en parfait \u00e9tat et le couvercle \u00e0 vis permet de conserver la saveur des myrtilles \u00e9clatantes.<\/p>\n<p>Dank 7 Tip signifie qu'ils ont \u00e9t\u00e9 laiss\u00e9s pendant 7 jours entiers pour s'impr\u00e9gner de la saveur individuelle que vous achetez.<\/p>","protected":false},"excerpt":{"rendered":"<p>Juicy Jays Jones Grape Cones sont des c\u00f4nes pr\u00e9-roul\u00e9s savoureux, gr\u00e2ce au syst\u00e8me d'ar\u00f4me triple dip utilis\u00e9 par Juicy Jay's qui vous donne une exp\u00e9rience pleine de saveur.<\/p>","protected":false},"featured_media":29691,"template":"","meta":[],"product_brand":[],"product_cat":[297,483,627,421],"product_tag":[],"class_list":{"0":"post-29690","1":"product","2":"type-product","3":"status-publish","4":"has-post-thumbnail","6":"product_cat-all-products","7":"product_cat-cones","8":"product_cat-headshop-top-10","9":"product_cat-rolling-papers","10":"product_shipping_class-creditcard-on","12":"first","13":"instock","14":"taxable","15":"shipping-taxable","16":"purchasable","17":"product-type-simple"},"_links":{"self":[{"href":"https:\/\/www.headshop.nl\/fr\/wp-json\/wp\/v2\/product\/29690","targetHints":{"allow":["GET"]}}],"collection":[{"href":"https:\/\/www.headshop.nl\/fr\/wp-json\/wp\/v2\/product"}],"about":[{"href":"https:\/\/www.headshop.nl\/fr\/wp-json\/wp\/v2\/types\/product"}],"wp:featuredmedia":[{"embeddable":true,"href":"https:\/\/www.headshop.nl\/fr\/wp-json\/wp\/v2\/media\/29691"}],"wp:attachment":[{"href":"https:\/\/www.headshop.nl\/fr\/wp-json\/wp\/v2\/media?parent=29690"}],"wp:term":[{"taxonomy":"product_brand","embeddable":true,"href":"https:\/\/www.headshop.nl\/fr\/wp-json\/wp\/v2\/product_brand?post=29690"},{"taxonomy":"product_cat","embeddable":true,"href":"https:\/\/www.headshop.nl\/fr\/wp-json\/wp\/v2\/product_cat?post=29690"},{"taxonomy":"product_tag","embeddable":true,"href":"https:\/\/www.headshop.nl\/fr\/wp-json\/wp\/v2\/product_tag?post=29690"}],"curies":[{"name":"wp","href":"https:\/\/api.w.org\/{rel}","templated":true}]}}