{"id":23887,"date":"2019-08-28T08:02:31","date_gmt":"2019-08-28T08:02:31","guid":{"rendered":"https:\/\/headshop.nl\/?post_type=product&#038;p=23887"},"modified":"2024-09-17T10:49:19","modified_gmt":"2024-09-17T10:49:19","slug":"card-grinder-420","status":"publish","type":"product","link":"https:\/\/www.headshop.nl\/fr\/card-grinder-420\/","title":{"rendered":"Carte Grinder 420"},"content":{"rendered":"<p>Moulin de poche facile \u00e0 utiliser, pour moudre vos herbes o\u00f9 que vous soyez, \u00e0 n'importe quel endroit, \u00e0 n'importe quelle heure, n'importe quel jour ! C'est aussi votre licence de broyage. Pour montrer \u00e0 vos amis que vous \u00eates un sp\u00e9cialiste officiel du card grind.<\/p>","protected":false},"excerpt":{"rendered":"<p>Moulin de poche facile \u00e0 utiliser, pour moudre vos herbes o\u00f9 que vous soyez, \u00e0 n'importe quel endroit, \u00e0 n'importe quelle heure, n'importe quel jour ! C'est aussi votre licence de broyage. Pour montrer \u00e0 vos amis que vous \u00eates un sp\u00e9cialiste officiel du card grind.<\/p>","protected":false},"featured_media":23888,"template":"","meta":[],"product_brand":[],"product_cat":[297,345],"product_tag":[],"class_list":{"0":"post-23887","1":"product","2":"type-product","3":"status-publish","4":"has-post-thumbnail","6":"product_cat-all-products","7":"product_cat-card-grinders","8":"product_shipping_class-creditcard-on","10":"first","11":"instock","12":"taxable","13":"shipping-taxable","14":"purchasable","15":"product-type-simple"},"_links":{"self":[{"href":"https:\/\/www.headshop.nl\/fr\/wp-json\/wp\/v2\/product\/23887","targetHints":{"allow":["GET"]}}],"collection":[{"href":"https:\/\/www.headshop.nl\/fr\/wp-json\/wp\/v2\/product"}],"about":[{"href":"https:\/\/www.headshop.nl\/fr\/wp-json\/wp\/v2\/types\/product"}],"wp:featuredmedia":[{"embeddable":true,"href":"https:\/\/www.headshop.nl\/fr\/wp-json\/wp\/v2\/media\/23888"}],"wp:attachment":[{"href":"https:\/\/www.headshop.nl\/fr\/wp-json\/wp\/v2\/media?parent=23887"}],"wp:term":[{"taxonomy":"product_brand","embeddable":true,"href":"https:\/\/www.headshop.nl\/fr\/wp-json\/wp\/v2\/product_brand?post=23887"},{"taxonomy":"product_cat","embeddable":true,"href":"https:\/\/www.headshop.nl\/fr\/wp-json\/wp\/v2\/product_cat?post=23887"},{"taxonomy":"product_tag","embeddable":true,"href":"https:\/\/www.headshop.nl\/fr\/wp-json\/wp\/v2\/product_tag?post=23887"}],"curies":[{"name":"wp","href":"https:\/\/api.w.org\/{rel}","templated":true}]}}