{"id":12425,"date":"2018-02-26T13:09:30","date_gmt":"2018-02-26T13:09:30","guid":{"rendered":"http:\/\/headshop.nl\/?post_type=product&#038;p=12425"},"modified":"2025-12-21T13:26:17","modified_gmt":"2025-12-21T13:26:17","slug":"thorinder-grinder-orange","status":"publish","type":"product","link":"https:\/\/www.headshop.nl\/fr\/thorinder-grinder-orange\/","title":{"rendered":"Thorinder Grinder, Orange"},"content":{"rendered":"<h2>Thorinder Grinder, Orange<\/h2>\n<p><span style=\"color: #000000;\">Livr\u00e9 dans une bo\u00eete isotherme. Outils de nettoyage inclus.<\/span><br \/>\n<span style=\"color: #000000;\"> Disponible en bleu, vert, orange et gris.<\/span><br \/>\n<span style=\"color: #000000;\"> Tailles disponibles : 50 mm et 62 mm.<\/span><\/p>","protected":false},"excerpt":{"rendered":"<p><span style=\"color: #000000;\">Cet appareil Orange Thorinder Grinder est con\u00e7u pour vous accompagner. Cet appareil de pr\u00e9cision en aluminium et en acier inoxydable tr\u00e8s r\u00e9sistants et dont la surface est parfaitement visible offre une grande r\u00e9sistance aux rayures. Le couvercle transparent vous permet de voir \u00e0 quel point vos herbes sont finement moulues.<\/span><\/p>","protected":false},"featured_media":21355,"template":"","meta":[],"product_brand":[],"product_cat":[440,297,420,414,437],"product_tag":[],"class_list":{"0":"post-12425","1":"product","2":"type-product","3":"status-publish","4":"has-post-thumbnail","6":"product_cat-4-part-grinders","7":"product_cat-all-products","8":"product_cat-grinders","9":"product_cat-headshop","10":"product_cat-metal","11":"product_shipping_class-creditcard-on","13":"first","14":"instock","15":"taxable","16":"shipping-taxable","17":"purchasable","18":"product-type-variable","19":"has-default-attributes"},"_links":{"self":[{"href":"https:\/\/www.headshop.nl\/fr\/wp-json\/wp\/v2\/product\/12425","targetHints":{"allow":["GET"]}}],"collection":[{"href":"https:\/\/www.headshop.nl\/fr\/wp-json\/wp\/v2\/product"}],"about":[{"href":"https:\/\/www.headshop.nl\/fr\/wp-json\/wp\/v2\/types\/product"}],"wp:featuredmedia":[{"embeddable":true,"href":"https:\/\/www.headshop.nl\/fr\/wp-json\/wp\/v2\/media\/21355"}],"wp:attachment":[{"href":"https:\/\/www.headshop.nl\/fr\/wp-json\/wp\/v2\/media?parent=12425"}],"wp:term":[{"taxonomy":"product_brand","embeddable":true,"href":"https:\/\/www.headshop.nl\/fr\/wp-json\/wp\/v2\/product_brand?post=12425"},{"taxonomy":"product_cat","embeddable":true,"href":"https:\/\/www.headshop.nl\/fr\/wp-json\/wp\/v2\/product_cat?post=12425"},{"taxonomy":"product_tag","embeddable":true,"href":"https:\/\/www.headshop.nl\/fr\/wp-json\/wp\/v2\/product_tag?post=12425"}],"curies":[{"name":"wp","href":"https:\/\/api.w.org\/{rel}","templated":true}]}}