{"id":11817,"date":"2018-02-19T20:51:05","date_gmt":"2018-02-19T20:51:05","guid":{"rendered":"http:\/\/headshop.nl\/?post_type=product&#038;p=11817"},"modified":"2024-09-17T10:49:27","modified_gmt":"2024-09-17T10:49:27","slug":"triton-t3-shockproof-scale","status":"publish","type":"product","link":"https:\/\/www.headshop.nl\/fr\/triton-t3-shockproof-scale\/","title":{"rendered":"Balance antichoc Triton T3"},"content":{"rendered":"<h2>Balance antichoc Triton T3<\/h2>\n<p><span style=\"color: #000000;\">Cette housse de protection rigide est id\u00e9ale pour garder votre balance en s\u00e9curit\u00e9 lorsque vous ne l'utilisez pas... et elle sert \u00e9galement de plateau de pes\u00e9e. Comme il a des bords, vous pouvez peser toutes sortes d'objets qui tomberaient normalement de la plate-forme.<\/span><\/p>\n<p><span style=\"color: #000000;\">La s\u00e9rie offre de multiples capacit\u00e9s et r\u00e9solutions pour r\u00e9pondre \u00e0 toutes les exigences.<\/span><\/p>\n<p><span style=\"color: #000000;\">Parfait pour les personnes qui font constamment tomber ou abusent de leur balance. Les autres caract\u00e9ristiques standard comprennent un couvercle de protection amovible et un fonctionnement sur piles (avec des piles AAA).<br \/><\/span><\/p>\n<table style=\"height: 223px;\" border=\"1\" width=\"490\" cellspacing=\"0\" cellpadding=\"2\">\n<tbody>\n<tr>\n<td><span style=\"color: #000000;\"><b>\u00a0 Puissance<\/b><\/span><\/td>\n<td>\u00a0<span style=\"color: #000000;\">2 piles AAA (incluses)<\/span><\/td>\n<\/tr>\n<tr>\n<td><b>\u00a0 <span style=\"color: #000000;\">Affichage<\/span><\/b><\/td>\n<td>\u00a0<span style=\"color: #000000;\">LCD r\u00e9tro-\u00e9clair\u00e9<\/span><\/td>\n<\/tr>\n<tr>\n<td><b>\u00a0 <span style=\"color: #000000;\">Fonction de tare<\/span><\/b><\/td>\n<td>\u00a0<span style=\"color: #000000;\">Oui<\/span><\/td>\n<\/tr>\n<tr>\n<td><span style=\"color: #000000;\"><b>\u00a0 Calibrage<br \/><\/b><\/span><\/td>\n<td><span style=\"color: #000000;\">\u00a0Oui<\/span><\/td>\n<\/tr>\n<tr>\n<td><span style=\"color: #000000;\"><b>\u00a0 Fonction de comptage<\/b><\/span><\/td>\n<td><span style=\"color: #000000;\">\u00a0Non<\/span><\/td>\n<\/tr>\n<tr>\n<td><b>\u00a0 <span style=\"color: #000000;\">Taille de la plate-forme<\/span><\/b><\/td>\n<td>\u00a0<span style=\"color: #000000;\">2.25\u2033 x 3.125\u2033<\/span><\/td>\n<\/tr>\n<tr>\n<td><span style=\"color: #000000;\"><b>\u00a0 Taille de l'\u00e9chelle<\/b><\/span><\/td>\n<td>\u00a0<span style=\"color: #000000;\">5.5\u2033 x 3.25\u2033 x 1\u2033<\/span><\/td>\n<\/tr>\n<tr>\n<td><span style=\"color: #000000;\"><b>\u00a0 Modes de pes\u00e9e<\/b><\/span><\/td>\n<td>\u00a0<span style=\"color: #000000;\">6<\/span><\/td>\n<\/tr>\n<\/tbody>\n<\/table>","protected":false},"excerpt":{"rendered":"<div class=\"wpb_wrapper\"><span style=\"color: #000000;\">La balance num\u00e9rique Triton T3 est une balance robuste ! Sa conception unique comprend un bo\u00eetier ext\u00e9rieur en caoutchouc enti\u00e8rement rembourr\u00e9. Tous les composants internes ont \u00e9t\u00e9 renforc\u00e9s et mont\u00e9s pour r\u00e9sister aux chocs. Il en r\u00e9sulte une balance num\u00e9rique de poche plus r\u00e9sistante que n'importe quelle autre au monde.<\/span><\/div>","protected":false},"featured_media":13422,"template":"","meta":[],"product_brand":[],"product_cat":[297,414,627,418],"product_tag":[],"class_list":{"0":"post-11817","1":"product","2":"type-product","3":"status-publish","4":"has-post-thumbnail","6":"product_cat-all-products","7":"product_cat-headshop","8":"product_cat-headshop-top-10","9":"product_cat-scales","10":"product_shipping_class-creditcard-on","12":"first","13":"instock","14":"taxable","15":"shipping-taxable","16":"purchasable","17":"product-type-simple"},"_links":{"self":[{"href":"https:\/\/www.headshop.nl\/fr\/wp-json\/wp\/v2\/product\/11817","targetHints":{"allow":["GET"]}}],"collection":[{"href":"https:\/\/www.headshop.nl\/fr\/wp-json\/wp\/v2\/product"}],"about":[{"href":"https:\/\/www.headshop.nl\/fr\/wp-json\/wp\/v2\/types\/product"}],"wp:featuredmedia":[{"embeddable":true,"href":"https:\/\/www.headshop.nl\/fr\/wp-json\/wp\/v2\/media\/13422"}],"wp:attachment":[{"href":"https:\/\/www.headshop.nl\/fr\/wp-json\/wp\/v2\/media?parent=11817"}],"wp:term":[{"taxonomy":"product_brand","embeddable":true,"href":"https:\/\/www.headshop.nl\/fr\/wp-json\/wp\/v2\/product_brand?post=11817"},{"taxonomy":"product_cat","embeddable":true,"href":"https:\/\/www.headshop.nl\/fr\/wp-json\/wp\/v2\/product_cat?post=11817"},{"taxonomy":"product_tag","embeddable":true,"href":"https:\/\/www.headshop.nl\/fr\/wp-json\/wp\/v2\/product_tag?post=11817"}],"curies":[{"name":"wp","href":"https:\/\/api.w.org\/{rel}","templated":true}]}}