{"id":11797,"date":"2018-02-19T19:17:20","date_gmt":"2018-02-19T19:17:20","guid":{"rendered":"http:\/\/headshop.nl\/?post_type=product&#038;p=11797"},"modified":"2024-09-17T10:49:27","modified_gmt":"2024-09-17T10:49:27","slug":"on-balance-square-ss-100-scale","status":"publish","type":"product","link":"https:\/\/www.headshop.nl\/fr\/on-balance-square-ss-100-scale\/","title":{"rendered":"On Balance, \u00e9chelle SS-100"},"content":{"rendered":"<h2>Sp\u00e9cifications<\/h2>\n<table border=\"1\" width=\"490\" cellspacing=\"0\" cellpadding=\"2\">\n<tbody>\n<tr>\n<td><span style=\"color: #000000;\"><strong>\u00a0 Poids maximal :<br \/>\n<\/strong><\/span><\/td>\n<td><span style=\"color: #000000;\">\u00a0100 grammes<\/span><\/td>\n<\/tr>\n<tr>\n<td><span style=\"color: #000000;\"><strong>\u00a0 Pr\u00e9cision :<br \/>\n<\/strong><\/span><\/td>\n<td><span style=\"color: #000000;\">\u00a00,01 gramme<\/span><\/td>\n<\/tr>\n<tr>\n<td><span style=\"color: #000000;\"><strong>\u00a0 Acier inoxydable :<br \/>\n<\/strong><\/span><\/td>\n<td><span style=\"color: #000000;\">\u00a0Plate-forme<\/span><\/td>\n<\/tr>\n<tr>\n<td><span style=\"color: #000000;\"><b>\u00a0 4 unit\u00e9s :<\/b><\/span><\/td>\n<td><span style=\"color: #000000;\">\u00a0(g, oz, dwt, ozt)<\/span><\/td>\n<\/tr>\n<tr>\n<td><span style=\"color: #000000;\"><strong>\u00a0 Piles incluses<br \/>\n<\/strong><\/span><\/td>\n<td><span style=\"color: #000000;\">\u00a0(2 x CR2032)<\/span><\/td>\n<\/tr>\n<tr>\n<td><span style=\"color: #000000;\"><strong>\u00a0 \u00c9cran LCD :<br \/>\n<\/strong><\/span><\/td>\n<td><span style=\"color: #000000;\">\u00a0Oui<\/span><\/td>\n<\/tr>\n<tr>\n<td><span style=\"color: #000000;\"><strong>\u00a0 R\u00e9tro-\u00e9clairage :<br \/>\n<\/strong><\/span><\/td>\n<td><span style=\"color: #000000;\">\u00a0Oui<\/span><\/td>\n<\/tr>\n<tr>\n<td><span style=\"color: #000000;\"><b>\u00a0 Fonction de tare :<br \/>\n<\/b><\/span><\/td>\n<td><span style=\"color: #000000;\">\u00a0Oui<\/span><\/td>\n<\/tr>\n<tr>\n<td><span style=\"color: #000000;\"><strong>\u00a0 Mise hors tension automatique :<br \/>\n<\/strong><\/span><\/td>\n<td><span style=\"color: #000000;\">\u00a0Oui<\/span><\/td>\n<\/tr>\n<tr>\n<td><span style=\"color: #000000;\"><strong>\u00a0 Couverture du CD :<br \/>\n<\/strong><\/span><\/td>\n<td><span style=\"color: #000000;\">\u00a0Remplacer<\/span><\/td>\n<\/tr>\n<tr>\n<td><span style=\"color: #000000;\"><strong>\u00a0 Garantie<\/strong><\/span><\/td>\n<td><span style=\"color: #000000;\">\u00a01 an<\/span><\/td>\n<\/tr>\n<\/tbody>\n<\/table>","protected":false},"excerpt":{"rendered":"<p><span style=\"color: #000000;\">Ces balances \u00e9l\u00e9gantes et pr\u00e9cises sous forme de CD de ON BALANCE s'int\u00e8grent parfaitement dans tous les int\u00e9rieurs. La balance num\u00e9rique CD On Balance a une capacit\u00e9 maximale de 100 grammes et une pr\u00e9cision de 0,1 gramme. <\/span><\/p>\n<p><span style=\"color: #000000;\">Vous pouvez utiliser la pochette du CD ou celle de votre artiste pr\u00e9f\u00e9r\u00e9.<\/span><\/p>","protected":false},"featured_media":13419,"template":"","meta":[],"product_brand":[],"product_cat":[297,414,418],"product_tag":[],"class_list":{"0":"post-11797","1":"product","2":"type-product","3":"status-publish","4":"has-post-thumbnail","6":"product_cat-all-products","7":"product_cat-headshop","8":"product_cat-scales","9":"product_shipping_class-creditcard-on","11":"first","12":"instock","13":"taxable","14":"shipping-taxable","15":"purchasable","16":"product-type-simple"},"_links":{"self":[{"href":"https:\/\/www.headshop.nl\/fr\/wp-json\/wp\/v2\/product\/11797","targetHints":{"allow":["GET"]}}],"collection":[{"href":"https:\/\/www.headshop.nl\/fr\/wp-json\/wp\/v2\/product"}],"about":[{"href":"https:\/\/www.headshop.nl\/fr\/wp-json\/wp\/v2\/types\/product"}],"wp:featuredmedia":[{"embeddable":true,"href":"https:\/\/www.headshop.nl\/fr\/wp-json\/wp\/v2\/media\/13419"}],"wp:attachment":[{"href":"https:\/\/www.headshop.nl\/fr\/wp-json\/wp\/v2\/media?parent=11797"}],"wp:term":[{"taxonomy":"product_brand","embeddable":true,"href":"https:\/\/www.headshop.nl\/fr\/wp-json\/wp\/v2\/product_brand?post=11797"},{"taxonomy":"product_cat","embeddable":true,"href":"https:\/\/www.headshop.nl\/fr\/wp-json\/wp\/v2\/product_cat?post=11797"},{"taxonomy":"product_tag","embeddable":true,"href":"https:\/\/www.headshop.nl\/fr\/wp-json\/wp\/v2\/product_tag?post=11797"}],"curies":[{"name":"wp","href":"https:\/\/api.w.org\/{rel}","templated":true}]}}