{"id":11761,"date":"2018-02-19T15:38:55","date_gmt":"2018-02-19T15:38:55","guid":{"rendered":"http:\/\/headshop.nl\/?post_type=product&#038;p=11761"},"modified":"2024-09-17T10:49:29","modified_gmt":"2024-09-17T10:49:29","slug":"luggage-scale","status":"publish","type":"product","link":"https:\/\/www.headshop.nl\/fr\/luggage-scale\/","title":{"rendered":"P\u00e8se-bagages"},"content":{"rendered":"<h2>Sp\u00e9cifications<\/h2>\n<table border=\"1\" width=\"490\" cellspacing=\"0\" cellpadding=\"2\">\n<tbody>\n<tr>\n<td><span style=\"color: #000000;\"><b>\u00a0 Capacit\u00e9 max. Capacit\u00e9<\/b><\/span><\/td>\n<td><span style=\"color: #000000;\">\u00a0Jusqu'\u00e0 50 kg<\/span><\/td>\n<\/tr>\n<tr>\n<td><span style=\"color: #000000;\"><b>\u00a0 Pr\u00e9cision<\/b><\/span><\/td>\n<td><span style=\"color: #000000;\">\u00a00,1 kg<\/span><\/td>\n<\/tr>\n<tr>\n<td><span style=\"color: #000000;\"><b>\u00a0 Modes<\/b><\/span><\/td>\n<td><span style=\"color: #000000;\">\u00a0kg\/lb<\/span><\/td>\n<\/tr>\n<tr>\n<td><span style=\"color: #000000;\"><b>\u00a0 Couleur<\/b><\/span><\/td>\n<td><span style=\"color: #000000;\">\u00a0Noir<\/span><\/td>\n<\/tr>\n<tr>\n<td><span style=\"color: #000000;\"><b>\u00a0 LCD<\/b><\/span><\/td>\n<td><span style=\"color: #000000;\">\u00a0Chiffre de 12 mm<\/span><\/td>\n<\/tr>\n<tr>\n<td><span style=\"color: #000000;\"><b>\u00a0 Caract\u00e9ristiques<\/b><\/span><\/td>\n<td><span style=\"color: #000000;\">\u00a01 Min Auto-Off, Bips de lecture, Bracelet flexible<\/span><\/td>\n<\/tr>\n<tr>\n<td><span style=\"color: #000000;\"><b>\u00a0 Puissance<\/b><\/span><\/td>\n<td><span style=\"color: #000000;\">\u00a01 x pile CR2032 (incluse)<\/span><\/td>\n<\/tr>\n<tr>\n<td><span style=\"color: #000000;\"><b>\u00a0 Garantie<\/b><\/span><\/td>\n<td><span style=\"color: #000000;\">\u00a03 ans<\/span><\/td>\n<\/tr>\n<\/tbody>\n<\/table>","protected":false},"excerpt":{"rendered":"<p>Ce p\u00e8se-bagages de poche permet de peser les valises et autres objets entre 0 et 50 kg, avec une pr\u00e9cision de 0,1 kg. Toujours pratique \u00e0 emporter en voyage !<\/p>","protected":false},"featured_media":13411,"template":"","meta":[],"product_brand":[],"product_cat":[297,414,418],"product_tag":[],"class_list":{"0":"post-11761","1":"product","2":"type-product","3":"status-publish","4":"has-post-thumbnail","6":"product_cat-all-products","7":"product_cat-headshop","8":"product_cat-scales","9":"product_shipping_class-creditcard-on","11":"first","12":"instock","13":"taxable","14":"shipping-taxable","15":"purchasable","16":"product-type-simple"},"_links":{"self":[{"href":"https:\/\/www.headshop.nl\/fr\/wp-json\/wp\/v2\/product\/11761","targetHints":{"allow":["GET"]}}],"collection":[{"href":"https:\/\/www.headshop.nl\/fr\/wp-json\/wp\/v2\/product"}],"about":[{"href":"https:\/\/www.headshop.nl\/fr\/wp-json\/wp\/v2\/types\/product"}],"wp:featuredmedia":[{"embeddable":true,"href":"https:\/\/www.headshop.nl\/fr\/wp-json\/wp\/v2\/media\/13411"}],"wp:attachment":[{"href":"https:\/\/www.headshop.nl\/fr\/wp-json\/wp\/v2\/media?parent=11761"}],"wp:term":[{"taxonomy":"product_brand","embeddable":true,"href":"https:\/\/www.headshop.nl\/fr\/wp-json\/wp\/v2\/product_brand?post=11761"},{"taxonomy":"product_cat","embeddable":true,"href":"https:\/\/www.headshop.nl\/fr\/wp-json\/wp\/v2\/product_cat?post=11761"},{"taxonomy":"product_tag","embeddable":true,"href":"https:\/\/www.headshop.nl\/fr\/wp-json\/wp\/v2\/product_tag?post=11761"}],"curies":[{"name":"wp","href":"https:\/\/api.w.org\/{rel}","templated":true}]}}