{"id":85313,"date":"2025-07-15T08:01:32","date_gmt":"2025-07-15T08:01:32","guid":{"rendered":"https:\/\/www.headshop.nl\/?page_id=85313"},"modified":"2026-03-25T10:29:35","modified_gmt":"2026-03-25T10:29:35","slug":"discount","status":"publish","type":"page","link":"https:\/\/www.headshop.nl\/fr\/discount\/","title":{"rendered":"Remise"},"content":{"rendered":"<div id=\"text-206329336\" class=\"text\">\n\t\t\n\n<h1>Derni\u00e8res r\u00e9ductions<\/h1>\n\t\t\n<style>\n#text-206329336 {\n  text-align: center;\n}\n<\/style>\n\t<\/div>\n\t\n<p style=\"text-align: center;\">Profitez de grandes \u00e9conomies sur vos produits The Headshop pr\u00e9f\u00e9r\u00e9s avec nos derniers codes de r\u00e9duction. Nous mettons r\u00e9guli\u00e8rement \u00e0 jour cette page pour vous proposer les offres les plus r\u00e9centes, alors revenez souvent. Profitez de votre r\u00e9duction pendant qu'elle dure. Bon shopping et profitez de vos \u00e9conomies !<\/p>\n<div class=\"is-divider divider clearfix\" style=\"max-width:100%;height:1px;\"><\/div>\n\n<div class=\"row\"  id=\"row-2125982594\">\n\n\n\t<div id=\"col-683686059\" class=\"col medium-6 small-12 large-6\"  >\n\t\t\t\t<div class=\"col-inner\"  >\n\t\t\t\n\t\t\t\n\n\n  <div class=\"banner has-hover\" id=\"banner-1254045386\">\n          <div class=\"banner-inner fill\">\n        <div class=\"banner-bg fill\" >\n            <img loading=\"lazy\" decoding=\"async\" width=\"2560\" height=\"732\" src=\"https:\/\/www.headshop.nl\/wp-content\/uploads\/2026\/03\/Bunnys-Best-Shroomdeals_Wide_Steve_V4-scaled.png\" class=\"bg attachment-original size-original\" alt=\"\">                                    \n                    <\/div>\n\t\t\n        <div class=\"banner-layers container\">\n            <a class=\"fill\" href=\"https:\/\/www.headshop.nl\/fr\/shroomshop\/\"><div class=\"fill banner-link\"><\/div><\/a>            \n\n\n        <\/div>\n      <\/div>\n\n            \n<style>\n#banner-1254045386 {\n  padding-top: 146px;\n}\n<\/style>\n  <\/div>\n\n\n<div class=\"is-divider divider clearfix\" style=\"height:0px;\"><\/div>\n\n<h2>Bunny&#8217;s Best Shroomdeals<\/h2>\n<p class=\"p1\">Spring is here! Enjoy 25% off the entire shroomshop* and discover or stock up on your favorite products. Don\u2019t miss this seasonal deal! This promotion is active until the 20th of April.<\/p>\n<p><em>* Non cumulable avec d'autres promotions.\u00a0<\/em><\/p>\n<div class=\"row\"  id=\"row-1027314370\">\n\n\n\t<div id=\"col-629328278\" class=\"col medium-6 small-6 large-6\"  >\n\t\t\t\t<div class=\"col-inner\"  >\n\t\t\t\n\t\t\t\n\n<a href=\"https:\/\/www.headshop.nl\/fr\/shroomshop\/\" class=\"button primary\" >\n\t\t<span>Aller \u00e0 la r\u00e9duction<\/span>\n\t<\/a>\n\n\n\n\t\t<\/div>\n\t\t\t\t\t<\/div>\n\n\t\n\n\t<div id=\"col-472263463\" class=\"col medium-6 small-6 large-6\"  >\n\t\t\t\t<div class=\"col-inner text-right\"  >\n\t\t\t\n\t\t\t\n\n<a href=\"https:\/\/www.headshop.nl\/fr\/shroomshop\/\" class=\"button success\" >\n\t\t<span>Actif<\/span>\n\t<i class=\"icon-checkmark\" aria-hidden=\"true\"><\/i><\/a>\n\n\n\n\t\t<\/div>\n\t\t\t\t\t<\/div>\n\n\t\n\n<\/div>\n<div class=\"is-divider divider clearfix\" style=\"max-width:100%;height:1px;\"><\/div>\n\n\n\t\t<\/div>\n\t\t\t\t\t<\/div>\n\n\t\n\n\t<div id=\"col-950765457\" class=\"col medium-6 small-12 large-6\"  >\n\t\t\t\t<div class=\"col-inner\"  >\n\t\t\t\n\t\t\t\n\n\n  <div class=\"banner has-hover\" id=\"banner-994771836\">\n          <div class=\"banner-inner fill\">\n        <div class=\"banner-bg fill\" >\n            <img loading=\"lazy\" decoding=\"async\" width=\"1610\" height=\"460\" src=\"https:\/\/www.headshop.nl\/wp-content\/uploads\/2025\/07\/Bulkactie_wide_v2.jpg\" class=\"bg attachment-original size-original\" alt=\"\">                                    \n                    <\/div>\n\t\t\n        <div class=\"banner-layers container\">\n            <a class=\"fill\" href=\"https:\/\/www.headshop.nl\/fr\/shroomshop\/magic-mushroom-grow-kits\/\"><div class=\"fill banner-link\"><\/div><\/a>            \n\n\n        <\/div>\n      <\/div>\n\n            \n<style>\n#banner-994771836 {\n  padding-top: 146px;\n}\n<\/style>\n  <\/div>\n\n\n<div class=\"is-divider divider clearfix\" style=\"height:0px;\"><\/div>\n\n<h2><strong>Kit de culture de champignons magiques - remise en vrac<\/strong><\/h2>\n<p>Pour les bricoleurs et les amoureux de la nature. Vivez une exp\u00e9rience magique avec nos truffes de haute qualit\u00e9. C'est simple : plus vous achetez, plus vous \u00e9conomisez*.<\/p>\n<p><em>* Non cumulable avec d'autres promotions.\u00a0<\/em><\/p>\n<div class=\"row\"  id=\"row-1115503982\">\n\n\n\t<div id=\"col-1009405256\" class=\"col medium-6 small-6 large-6\"  >\n\t\t\t\t<div class=\"col-inner\"  >\n\t\t\t\n\t\t\t\n\n<a href=\"https:\/\/www.headshop.nl\/fr\/shroomshop\/magic-mushroom-grow-kits\/\" class=\"button primary\" >\n\t\t<span>Aller \u00e0 la r\u00e9duction<\/span>\n\t<\/a>\n\n\n\n\t\t<\/div>\n\t\t\t\t\t<\/div>\n\n\t\n\n\t<div id=\"col-1407081266\" class=\"col medium-6 small-6 large-6\"  >\n\t\t\t\t<div class=\"col-inner text-right\"  >\n\t\t\t\n\t\t\t\n\n<a href=\"https:\/\/www.headshop.nl\/fr\/shroomshop\/\" class=\"button success\" >\n\t\t<span>Actif<\/span>\n\t<i class=\"icon-checkmark\" aria-hidden=\"true\"><\/i><\/a>\n\n\n\n\t\t<\/div>\n\t\t\t\t\t<\/div>\n\n\t\n\n<\/div>\n<div class=\"is-divider divider clearfix\" style=\"max-width:100%;height:1px;\"><\/div>\n\n\n\t\t<\/div>\n\t\t\t\t\t<\/div>\n\n\t\n\n<\/div>\n<div class=\"row\"  id=\"row-1698661154\">\n\n\n\t<div id=\"col-1605028783\" class=\"col medium-6 small-12 large-6\"  >\n\t\t\t\t<div class=\"col-inner\"  >\n\t\t\t\n\t\t\t\n\n\n  <div class=\"banner has-hover\" id=\"banner-1243327869\">\n          <div class=\"banner-inner fill\">\n        <div class=\"banner-bg fill\" >\n            <img loading=\"lazy\" decoding=\"async\" width=\"1610\" height=\"460\" src=\"https:\/\/www.headshop.nl\/wp-content\/uploads\/2025\/07\/Bulkactie_wide_v3.jpg\" class=\"bg attachment-original size-original\" alt=\"\">                                    \n                    <\/div>\n\t\t\n        <div class=\"banner-layers container\">\n            <a class=\"fill\" href=\"https:\/\/www.headshop.nl\/fr\/shroomshop\/magic-truffles\/\"><div class=\"fill banner-link\"><\/div><\/a>            \n\n\n        <\/div>\n      <\/div>\n\n            \n<style>\n#banner-1243327869 {\n  padding-top: 146px;\n}\n<\/style>\n  <\/div>\n\n\n<div class=\"is-divider divider clearfix\" style=\"height:0px;\"><\/div>\n\n<h2><strong>Truffes magiques \u00e0 prix r\u00e9duit<\/strong><\/h2>\n<p>Pour les aventuriers et les explorateurs. Vivez une exp\u00e9rience magique avec nos truffes de haute qualit\u00e9. C'est simple : plus vous achetez, plus vous \u00e9conomisez*.\u00a0<\/p>\n<p><em>* Non cumulable avec d'autres promotions.<\/em><\/p>\n<div class=\"row\"  id=\"row-2064409149\">\n\n\n\t<div id=\"col-1880624157\" class=\"col medium-6 small-6 large-6\"  >\n\t\t\t\t<div class=\"col-inner\"  >\n\t\t\t\n\t\t\t\n\n<a href=\"https:\/\/www.headshop.nl\/fr\/shroomshop\/magic-truffles\/\" class=\"button primary\" >\n\t\t<span>Aller \u00e0 la r\u00e9duction<\/span>\n\t<\/a>\n\n\n\n\t\t<\/div>\n\t\t\t\t\t<\/div>\n\n\t\n\n\t<div id=\"col-13727748\" class=\"col medium-6 small-6 large-6\"  >\n\t\t\t\t<div class=\"col-inner text-right\"  >\n\t\t\t\n\t\t\t\n\n<a href=\"https:\/\/www.headshop.nl\/fr\/shroomshop\/\" class=\"button success\" >\n\t\t<span>Actif<\/span>\n\t<i class=\"icon-checkmark\" aria-hidden=\"true\"><\/i><\/a>\n\n\n\n\t\t<\/div>\n\t\t\t\t\t<\/div>\n\n\t\n\n<\/div>\n<div class=\"is-divider divider clearfix\" style=\"max-width:100%;height:1px;\"><\/div>\n\n\n\t\t<\/div>\n\t\t\t\t\t<\/div>\n\n\t\n\n\t<div id=\"col-1837086275\" class=\"col medium-6 small-12 large-6\"  >\n\t\t\t\t<div class=\"col-inner\"  >\n\t\t\t\n\t\t\t\n\n\n  <div class=\"banner has-hover\" id=\"banner-1726414707\">\n          <div class=\"banner-inner fill\">\n        <div class=\"banner-bg fill\" >\n            <img loading=\"lazy\" decoding=\"async\" width=\"1610\" height=\"460\" src=\"https:\/\/www.headshop.nl\/wp-content\/uploads\/2025\/07\/Bulkactie_wide_v1.jpg\" class=\"bg attachment-original size-original\" alt=\"\">                                    \n                    <\/div>\n\t\t\n        <div class=\"banner-layers container\">\n            <a class=\"fill\" href=\"https:\/\/www.headshop.nl\/fr\/shroomshop\/magic-mushroom-spore-prints\/\"><div class=\"fill banner-link\"><\/div><\/a>            \n\n\n        <\/div>\n      <\/div>\n\n            \n<style>\n#banner-1726414707 {\n  padding-top: 146px;\n}\n<\/style>\n  <\/div>\n\n\n<div class=\"is-divider divider clearfix\" style=\"height:0px;\"><\/div>\n\n<h2><strong>Spores de champignons magiques bulk discount<\/strong><\/h2>\n<p>Pour les connaisseurs et les collectionneurs exp\u00e9riment\u00e9s. Vivez une exp\u00e9rience magique avec nos truffes de haute qualit\u00e9. C'est simple : plus vous achetez, plus vous \u00e9conomisez*.\u00a0<\/p>\n<p><em>* Non cumulable avec d'autres promotions.<\/em><\/p>\n<div class=\"row\"  id=\"row-1648828226\">\n\n\n\t<div id=\"col-1057752870\" class=\"col medium-6 small-6 large-6\"  >\n\t\t\t\t<div class=\"col-inner\"  >\n\t\t\t\n\t\t\t\n\n<a href=\"https:\/\/www.headshop.nl\/fr\/shroomshop\/magic-mushroom-spore-syringes\/\" class=\"button primary\" >\n\t\t<span>Aller \u00e0 la r\u00e9duction<\/span>\n\t<\/a>\n\n\n\n\t\t<\/div>\n\t\t\t\t\t<\/div>\n\n\t\n\n\t<div id=\"col-881140068\" class=\"col medium-6 small-6 large-6\"  >\n\t\t\t\t<div class=\"col-inner text-right\"  >\n\t\t\t\n\t\t\t\n\n<a href=\"https:\/\/www.headshop.nl\/fr\/shroomshop\/\" class=\"button success\" >\n\t\t<span>Actif<\/span>\n\t<i class=\"icon-checkmark\" aria-hidden=\"true\"><\/i><\/a>\n\n\n\n\t\t<\/div>\n\t\t\t\t\t<\/div>\n\n\t\n\n<\/div>\n<div class=\"is-divider divider clearfix\" style=\"max-width:100%;height:1px;\"><\/div>\n\n\n\t\t<\/div>\n\t\t\t\t\t<\/div>\n\n\t\n\n<\/div>\n\n\t<div id=\"text-3427788520\" class=\"text\">\n\t\t\n\n<h3><strong>Conditions d'utilisation<\/strong><\/h3>\n\t\t\n<style>\n#text-3427788520 {\n  font-size: 1.55rem;\n  line-height: 0.75;\n}\n<\/style>\n\t<\/div>\n\t\n<p>Nous savons que tout le monde aime les bonnes affaires et c'est pourquoi nous nous sommes donn\u00e9 pour mission de vous proposer des codes de r\u00e9duction Tatanka. Pour s'assurer que tout le monde comprenne les r\u00e9ductions de Tatanks, vous trouverez les termes et conditions des r\u00e9ductions ci-dessous.\u00a0<\/p>\n<p>Toutes les offres sont soumises \u00e0 disponibilit\u00e9 et peuvent \u00eatre modifi\u00e9es pendant la p\u00e9riode promotionnelle sp\u00e9cifi\u00e9e. Les commandes doivent \u00eatre pass\u00e9es pendant que l'offre est active et disponible. Les offres en cours ne peuvent \u00eatre \u00e9chang\u00e9es contre d'autres produits ou de l'argent. Les articles promotionnels sont destin\u00e9s uniquement \u00e0 un usage promotionnel. Les remises en gros sont uniquement applicables en ligne. Pendant les grandes promotions, les remises globales sont temporairement d\u00e9sactiv\u00e9es. Nous nous effor\u00e7ons de fournir des informations exactes \u00e0 tout moment, mais nous ne sommes pas responsables des erreurs ou omissions. Nous nous r\u00e9servons le droit de modifier les d\u00e9tails, les descriptions et la disponibilit\u00e9 des offres et des produits.<\/p>","protected":false},"excerpt":{"rendered":"","protected":false},"author":3768,"featured_media":0,"parent":0,"menu_order":0,"comment_status":"closed","ping_status":"closed","template":"","meta":{"footnotes":""},"class_list":["post-85313","page","type-page","status-publish","hentry"],"_links":{"self":[{"href":"https:\/\/www.headshop.nl\/fr\/wp-json\/wp\/v2\/pages\/85313","targetHints":{"allow":["GET"]}}],"collection":[{"href":"https:\/\/www.headshop.nl\/fr\/wp-json\/wp\/v2\/pages"}],"about":[{"href":"https:\/\/www.headshop.nl\/fr\/wp-json\/wp\/v2\/types\/page"}],"author":[{"embeddable":true,"href":"https:\/\/www.headshop.nl\/fr\/wp-json\/wp\/v2\/users\/3768"}],"replies":[{"embeddable":true,"href":"https:\/\/www.headshop.nl\/fr\/wp-json\/wp\/v2\/comments?post=85313"}],"version-history":[{"count":63,"href":"https:\/\/www.headshop.nl\/fr\/wp-json\/wp\/v2\/pages\/85313\/revisions"}],"predecessor-version":[{"id":90742,"href":"https:\/\/www.headshop.nl\/fr\/wp-json\/wp\/v2\/pages\/85313\/revisions\/90742"}],"wp:attachment":[{"href":"https:\/\/www.headshop.nl\/fr\/wp-json\/wp\/v2\/media?parent=85313"}],"curies":[{"name":"wp","href":"https:\/\/api.w.org\/{rel}","templated":true}]}}