{"id":80568,"date":"2024-07-22T08:54:10","date_gmt":"2024-07-22T08:54:10","guid":{"rendered":"https:\/\/www.headshop.nl\/?page_id=80568"},"modified":"2024-07-22T13:15:40","modified_gmt":"2024-07-22T13:15:40","slug":"shipping-insurance","status":"publish","type":"page","link":"https:\/\/www.headshop.nl\/fr\/shipping-insurance\/","title":{"rendered":"Assurance pour l'exp\u00e9dition"},"content":{"rendered":"<figure class=\"wp-block-image size-large\"><img loading=\"lazy\" decoding=\"async\" width=\"800\" height=\"518\" src=\"https:\/\/www.headshop.nl\/wp-content\/uploads\/2024\/07\/Shipping-Insurance-800x518.jpg\" alt=\"\" class=\"wp-image-80582\" srcset=\"https:\/\/www.headshop.nl\/wp-content\/uploads\/2024\/07\/Shipping-Insurance-800x518.jpg 800w, https:\/\/www.headshop.nl\/wp-content\/uploads\/2024\/07\/Shipping-Insurance-600x388.jpg 600w, https:\/\/www.headshop.nl\/wp-content\/uploads\/2024\/07\/Shipping-Insurance-380x246.jpg 380w, https:\/\/www.headshop.nl\/wp-content\/uploads\/2024\/07\/Shipping-Insurance-768x497.jpg 768w, https:\/\/www.headshop.nl\/wp-content\/uploads\/2024\/07\/Shipping-Insurance-1536x994.jpg 1536w, https:\/\/www.headshop.nl\/wp-content\/uploads\/2024\/07\/Shipping-Insurance-18x12.jpg 18w, https:\/\/www.headshop.nl\/wp-content\/uploads\/2024\/07\/Shipping-Insurance-420x272.jpg 420w, https:\/\/www.headshop.nl\/wp-content\/uploads\/2024\/07\/Shipping-Insurance-64x41.jpg 64w, https:\/\/www.headshop.nl\/wp-content\/uploads\/2024\/07\/Shipping-Insurance.jpg 1766w\" sizes=\"auto, (max-width: 800px) 100vw, 800px\" \/><\/figure>\n\n\n\n<h1 class=\"wp-block-heading has-text-align-left has-x-large-font-size\">Assurance pour l'exp\u00e9dition<\/h1>\n\n\n\n<h2 class=\"wp-block-heading\">Recevez votre colis facilement et en toute s\u00e9curit\u00e9<\/h2>\n\n\n\n<p>Au moment de passer \u00e0 la caisse, vous pouvez d\u00e9sormais opter pour notre assurance transport. Cette assurance offre une protection contre le vol, la perte et les probl\u00e8mes douaniers. Commencez \u00e0 faire vos achats en toute s\u00e9r\u00e9nit\u00e9 et optez pour l'assurance exp\u00e9dition pour seulement 9,95 \u20ac.<\/p>\n\n\n\n<h2 class=\"wp-block-heading\">Comment activer l'assurance exp\u00e9dition ?<\/h2>\n\n\n\n<p>1. S\u00e9lectionnez l'option Assurance exp\u00e9dition au moment de passer \u00e0 la caisse.<br>2. Recevez votre colis en toute tranquillit\u00e9 !<\/p>\n\n\n\n<h2 class=\"wp-block-heading\">Comment fonctionne l'assurance exp\u00e9dition ?<\/h2>\n\n\n\n<p>Si votre colis n'a pas \u00e9t\u00e9 livr\u00e9 apr\u00e8s 3 semaines, envoyez-nous un courriel. Nous vous renverrons la commande dans un d\u00e9lai de 1 \u00e0 2 jours ouvrables. Dans les rares cas o\u00f9 cela se reproduit, nous vous rembourserons l'int\u00e9gralit\u00e9 du montant de l'achat. L'assurance exp\u00e9dition n'est disponible que pour les commandes inf\u00e9rieures \u00e0 500 euros.<\/p>\n\n\n\n<div class=\"wp-block-group is-nowrap is-layout-flex wp-container-core-group-is-layout-9123dee2 wp-block-group-is-layout-flex\">\n<figure class=\"wp-block-image size-full is-resized\"><img decoding=\"async\" src=\"https:\/\/www.tatanka.nl\/wp-content\/uploads\/2024\/04\/Eo_circle_green_checkmark.svg_.webp\" alt=\"\" class=\"wp-image-120528\" style=\"width:27px;height:auto\"><\/figure>\n\n\n\n<p>Votre colis est toujours en s\u00e9curit\u00e9<\/p>\n<\/div>\n\n\n\n<div class=\"wp-block-group is-nowrap is-layout-flex wp-container-core-group-is-layout-ad2f72ca wp-block-group-is-layout-flex\">\n<figure class=\"wp-block-image size-full is-resized\"><img decoding=\"async\" src=\"https:\/\/www.tatanka.nl\/wp-content\/uploads\/2024\/04\/Eo_circle_green_checkmark.svg_.webp\" alt=\"\" class=\"wp-image-120528\" style=\"width:27px;height:auto\"><\/figure>\n\n\n\n<p>Couverture compl\u00e8te pour seulement \u20ac9,95<\/p>\n<\/div>\n\n\n\n<div class=\"wp-block-group is-nowrap is-layout-flex wp-container-core-group-is-layout-ad2f72ca wp-block-group-is-layout-flex\">\n<figure class=\"wp-block-image size-full is-resized\"><img decoding=\"async\" src=\"https:\/\/www.tatanka.nl\/wp-content\/uploads\/2024\/04\/Eo_circle_green_checkmark.svg_.webp\" alt=\"\" class=\"wp-image-120528\" style=\"width:27px;height:auto\"><\/figure>\n\n\n\n<p>Vous n'\u00eates pas arriv\u00e9 ? Nous vous r\u00e9exp\u00e9dierons ou vous rembourserons int\u00e9gralement.<\/p>\n<\/div>\n\n\n\n<div class=\"wp-block-group is-nowrap is-layout-flex wp-container-core-group-is-layout-ad2f72ca wp-block-group-is-layout-flex\">\n<figure class=\"wp-block-image size-full is-resized\"><img decoding=\"async\" src=\"https:\/\/www.tatanka.nl\/wp-content\/uploads\/2024\/04\/Eo_circle_green_checkmark.svg_.webp\" alt=\"\" class=\"wp-image-120528\" style=\"width:27px;height:auto\"><\/figure>\n\n\n\n<p>Des probl\u00e8mes ? Une solution imm\u00e9diate et adapt\u00e9e<\/p>\n<\/div>\n\n\n\n<p>Choisissez notre assurance d'exp\u00e9dition \u00e0 la caisse d\u00e8s aujourd'hui et achetez en toute confiance, en sachant que vos achats sont enti\u00e8rement prot\u00e9g\u00e9s.<\/p>\n\n\n\n<h2 class=\"wp-block-heading\">Qu'est-ce qui n'est pas couvert par l'assurance exp\u00e9dition ?<\/h2>\n\n\n\n<p>Les livraisons qui ne sont pas effectu\u00e9es \u00e0 l'adresse du domicile ou au point de service et les adresses incorrectement remplies. Pendant les p\u00e9riodes d'affluence extr\u00eame, comme le Black Friday et d'autres \u00e9v\u00e9nements, la p\u00e9riode d'assurance exp\u00e9dition peut \u00eatre prolong\u00e9e de 3 \u00e0 5 semaines.<\/p>\n\n\n\n<h2 class=\"wp-block-heading\">Vous avez des questions sur l'assurance exp\u00e9dition ?<\/h2>\n\n\n\n<p>Indiquez toujours votre num\u00e9ro de commande lorsque vous nous contactez. Notre \u00e9quipe est pr\u00eate \u00e0 vous aider ! <\/p>\n\n\n\n<div class=\"wp-block-buttons is-layout-flex wp-block-buttons-is-layout-flex\">\n<div class=\"wp-block-button\"><a class=\"wp-block-button__link wp-element-button\" href=\"mailto:info@tatanka.nl?subject=Insured%20Shipping%3A&amp;body=Hey%20Tatanka%2C%0A%0AUnfortunately%20i'm%20having%20a%20problem%20with%20my%20order.%0A%0AYou%20can%20find%20my%20order%20number%20below.%0A%0AOrder%20number%3A%0AMy%20shipping%20problems:%20is%3A\">Contact<\/a><\/div>\n<\/div>","protected":false},"excerpt":{"rendered":"<p>Assurance exp\u00e9dition Recevez votre colis facilement et en toute s\u00e9curit\u00e9 Lors du paiement, vous pouvez d\u00e9sormais opter pour notre assurance exp\u00e9dition. Cette assurance vous prot\u00e8ge contre le vol, la perte et les probl\u00e8mes douaniers. Commencez \u00e0 faire vos achats en toute s\u00e9r\u00e9nit\u00e9 et optez pour l'assurance exp\u00e9dition pour seulement 9,95 \u20ac. Comment activer l'assurance exp\u00e9dition ? 1. S\u00e9lectionnez l'assurance exp\u00e9dition au moment du paiement. 2. Recevez votre colis en toute tranquillit\u00e9 ! Comment...<\/p>","protected":false},"author":807,"featured_media":0,"parent":0,"menu_order":0,"comment_status":"closed","ping_status":"closed","template":"","meta":{"footnotes":""},"class_list":["post-80568","page","type-page","status-publish","hentry"],"_links":{"self":[{"href":"https:\/\/www.headshop.nl\/fr\/wp-json\/wp\/v2\/pages\/80568","targetHints":{"allow":["GET"]}}],"collection":[{"href":"https:\/\/www.headshop.nl\/fr\/wp-json\/wp\/v2\/pages"}],"about":[{"href":"https:\/\/www.headshop.nl\/fr\/wp-json\/wp\/v2\/types\/page"}],"author":[{"embeddable":true,"href":"https:\/\/www.headshop.nl\/fr\/wp-json\/wp\/v2\/users\/807"}],"replies":[{"embeddable":true,"href":"https:\/\/www.headshop.nl\/fr\/wp-json\/wp\/v2\/comments?post=80568"}],"version-history":[{"count":0,"href":"https:\/\/www.headshop.nl\/fr\/wp-json\/wp\/v2\/pages\/80568\/revisions"}],"wp:attachment":[{"href":"https:\/\/www.headshop.nl\/fr\/wp-json\/wp\/v2\/media?parent=80568"}],"curies":[{"name":"wp","href":"https:\/\/api.w.org\/{rel}","templated":true}]}}