{"id":46270,"date":"2022-07-11T07:43:35","date_gmt":"2022-07-11T07:43:35","guid":{"rendered":"https:\/\/www.headshop.nl\/?page_id=46270"},"modified":"2022-07-11T07:50:38","modified_gmt":"2022-07-11T07:50:38","slug":"affiliate-program","status":"publish","type":"page","link":"https:\/\/www.headshop.nl\/fr\/affiliate-program\/","title":{"rendered":"Headshop Programme d'affiliation"},"content":{"rendered":"<div id=\"gap-76775718\" class=\"gap-element clearfix\" style=\"display:block; height:auto;\">\n\t\t\n<style>\n#gap-76775718 {\n  padding-top: 30px;\n}\n<\/style>\n\t<\/div>\n\t\n\n<div class=\"container section-title-container\" ><h1 class=\"section-title section-title-normal\"><b aria-hidden=\"true\"><\/b><span class=\"section-title-main\" style=\"font-size:149%;\">The Headshop Programme d'affiliation<\/span><b aria-hidden=\"true\"><\/b><\/h1><\/div>\n\n<div class=\"row\"  id=\"row-770738422\">\n\n\n\t<div id=\"col-2029147240\" class=\"col medium-8 small-12 large-8\"  >\n\t\t\t\t<div class=\"col-inner\"  >\n\t\t\t\n\t\t\t\n\n<h2>Gagner de l'argent en promouvant nos produits<\/h2>\n<p>Vous avez un site web ou une cha\u00eene de m\u00e9dias et vous souhaitez gagner de l'argent en faisant la promotion de nos produits ? Dans ce cas, nous vous invitons \u00e0 vous inscrire au programme d'affiliation Headshop.<\/p>\n<p>Notre programme d'affiliation fonctionne en collaboration avec Daisycon. Inscrivez-vous maintenant en tant qu'\u00e9diteur et gagnez des commissions \u00e9lev\u00e9es par produit vendu.<\/p>\n\n<a href=\"https:\/\/www.daisycon.com\/nl\/campagnes\/17220-headshop\/\" target=\"_blank\" class=\"button primary\" rel=\"noopener\">\n\t\t<span>S'inscrire ici<\/span>\n\t<\/a>\n\n\n<h3>Pourquoi devenir un affili\u00e9 de The Headshop ?<\/h3>\n<ul>\n<li>Haut-commissariat sur base CPS<\/li>\n<li>Validation rapide des ventes hebdomadaires. (minimum 30 jours)<\/li>\n<li>Des prix B2C comp\u00e9titifs<\/li>\n<li>Nombreuses banni\u00e8res promotionnelles disponibles<\/li>\n<li>Banni\u00e8res personnalis\u00e9es possibles sur demande<\/li>\n<li>Une \u00e9quipe d'assistance active pour vous et le client<\/li>\n<li>Alimentation en produits sur demande<\/li>\n<\/ul>\n<a href=\"https:\/\/www.daisycon.com\/nl\/campagnes\/17220-headshop\/\" target=\"_blank\" class=\"button primary\" rel=\"noopener\">\n\t\t<span>S'inscrire ici<\/span>\n\t<\/a>\n\n\n<p>Si vous avez des questions sur nous ou sur le programme d'affiliation, n'h\u00e9sitez pas \u00e0 nous les poser ! Nous serons heureux de vous aider \u00e0 mettre en place une collaboration fructueuse.<\/p>\n\n\t\t<\/div>\n\t\t\t\t\t<\/div>\n\n\t\n\n\t<div id=\"col-436963981\" class=\"col medium-4 small-12 large-4 small-col-first\"  >\n\t\t\t\t<div class=\"col-inner\"  >\n\t\t\t\n\t\t\t\n\n\t<div class=\"img has-hover hide-for-small x md-x lg-x y md-y lg-y\" id=\"image_2038710346\">\n\t\t\t\t\t\t\t\t<div class=\"img-inner dark\" >\n\t\t\t<img loading=\"lazy\" decoding=\"async\" width=\"1500\" height=\"768\" src=\"https:\/\/www.headshop.nl\/wp-content\/uploads\/2019\/08\/Logo-The-Headshop-DEF.png\" class=\"attachment-original size-original\" alt=\"Logo The Headshop\" srcset=\"https:\/\/www.headshop.nl\/wp-content\/uploads\/2019\/08\/Logo-The-Headshop-DEF.png 1500w, https:\/\/www.headshop.nl\/wp-content\/uploads\/2019\/08\/Logo-The-Headshop-DEF-420x215.png 420w, https:\/\/www.headshop.nl\/wp-content\/uploads\/2019\/08\/Logo-The-Headshop-DEF-64x33.png 64w, https:\/\/www.headshop.nl\/wp-content\/uploads\/2019\/08\/Logo-The-Headshop-DEF-380x195.png 380w, https:\/\/www.headshop.nl\/wp-content\/uploads\/2019\/08\/Logo-The-Headshop-DEF-600x307.png 600w, https:\/\/www.headshop.nl\/wp-content\/uploads\/2019\/08\/Logo-The-Headshop-DEF-768x393.png 768w, https:\/\/www.headshop.nl\/wp-content\/uploads\/2019\/08\/Logo-The-Headshop-DEF-800x410.png 800w\" sizes=\"auto, (max-width: 1500px) 100vw, 1500px\" \/>\t\t\t\t\t\t\n\t\t\t\t\t<\/div>\n\t\t\t\t\t\t\t\t\n<style>\n#image_2038710346 {\n  width: 100%;\n}\n<\/style>\n\t<\/div>\n\t\n\n\t<div id=\"gap-2027441737\" class=\"gap-element clearfix\" style=\"display:block; height:auto;\">\n\t\t\n<style>\n#gap-2027441737 {\n  padding-top: 10px;\n}\n<\/style>\n\t<\/div>\n\t\n\n\n\t\t<\/div>\n\t\t\t\t\t<\/div>\n\n\t\n\n<\/div>","protected":false},"excerpt":{"rendered":"","protected":false},"author":865,"featured_media":0,"parent":0,"menu_order":0,"comment_status":"closed","ping_status":"closed","template":"page-blank.php","meta":{"footnotes":""},"class_list":["post-46270","page","type-page","status-publish","hentry"],"_links":{"self":[{"href":"https:\/\/www.headshop.nl\/fr\/wp-json\/wp\/v2\/pages\/46270","targetHints":{"allow":["GET"]}}],"collection":[{"href":"https:\/\/www.headshop.nl\/fr\/wp-json\/wp\/v2\/pages"}],"about":[{"href":"https:\/\/www.headshop.nl\/fr\/wp-json\/wp\/v2\/types\/page"}],"author":[{"embeddable":true,"href":"https:\/\/www.headshop.nl\/fr\/wp-json\/wp\/v2\/users\/865"}],"replies":[{"embeddable":true,"href":"https:\/\/www.headshop.nl\/fr\/wp-json\/wp\/v2\/comments?post=46270"}],"version-history":[{"count":0,"href":"https:\/\/www.headshop.nl\/fr\/wp-json\/wp\/v2\/pages\/46270\/revisions"}],"wp:attachment":[{"href":"https:\/\/www.headshop.nl\/fr\/wp-json\/wp\/v2\/media?parent=46270"}],"curies":[{"name":"wp","href":"https:\/\/api.w.org\/{rel}","templated":true}]}}