{"id":40560,"date":"2022-01-05T10:51:23","date_gmt":"2022-01-05T10:51:23","guid":{"rendered":"https:\/\/www.headshop.nl\/growkit-instructies\/"},"modified":"2023-08-22T09:40:57","modified_gmt":"2023-08-22T09:40:57","slug":"growkit-instructions","status":"publish","type":"page","link":"https:\/\/www.headshop.nl\/fr\/growkit-instructions\/","title":{"rendered":"Instructions pour le kit de culture"},"content":{"rendered":"<div class=\"container section-title-container\" ><h1 class=\"section-title section-title-normal\"><b aria-hidden=\"true\"><\/b><span class=\"section-title-main\" >Instructions pour le kit de culture<\/span><b aria-hidden=\"true\"><\/b><\/h1><\/div>\n\n<p>Bienvenue sur la page d'instructions du kit de culture The Headshop. Vous trouverez ci-dessous les derni\u00e8res instructions relatives au kit de culture. Veillez \u00e0 les suivre attentivement. Chaque \u00e9tape est importante et aura un effet sur les r\u00e9sultats de votre culture. <span style=\"text-decoration: underline;\"><a href=\"https:\/\/www.headshop.nl\/fr\/shroomshop\/magic-mushroom-grow-kits\/\">Kit de culture de champignons<\/a><\/span>. Remarque : vous trouverez ci-dessous les instructions de notre kit de culture. Il en existe deux sortes diff\u00e9rentes.<\/p>\n<div class=\"row\"  id=\"row-533109661\">\n\n\n\t<div id=\"col-1358309953\" class=\"col medium-6 small-12 large-6\"  >\n\t\t\t\t<div class=\"col-inner\"  >\n\t\t\t\n\t\t\t\n\n<h3><strong>Instructions g\u00e9n\u00e9rales pour le kit de culture<\/strong><\/h3>\n<p>Ces instructions s'appliquent \u00e0 tous les kits de culture&nbsp;<strong>sauf<\/strong> le Hawaiian Copelandia Cyanescens.<\/p>\n<a href=\"#growkit1\" class=\"button primary\" >\n\t\t<span>Cliquez ici<\/span>\n\t<\/a>\n\n\n\n\t\t<\/div>\n\t\t\t\t\t<\/div>\n\n\t\n\n\t<div id=\"col-1874896456\" class=\"col medium-6 small-12 large-6\"  >\n\t\t\t\t<div class=\"col-inner\"  >\n\t\t\t\n\t\t\t\n\n<h3><b>Hawaiian Copelandia Cyanesens instructions<\/b><\/h3>\n<p>Ceux-ci ne s'appliquent qu'au kit de culture Hawaiian Copelandia et n\u00e9cessitent une attention particuli\u00e8re.<\/p>\n<a href=\"#growkit2\" class=\"button primary\" >\n\t\t<span>Cliquez ici<\/span>\n\t<\/a>\n\n\n\n\t\t<\/div>\n\t\t\t\t\t<\/div>\n\n\t\n\n<\/div>\n<p>Suivre des instructions pr\u00e9cises et prendre soin de votre kit de culture de champignons magiques est la partie la plus importante de la culture de vos propres champignons magiques. En bref : soyez st\u00e9rile, utilisez de l'eau propre et suivez les instructions que vous trouverez ci-dessous.Les champignons font partie de la nature et poussent donc tous diff\u00e9remment. Les champignons font partie de la nature et poussent donc tous diff\u00e9remment. Peu importe le nombre de fois que vous avez install\u00e9 un kit de culture, chaque fois peut \u00eatre diff\u00e9rent. Suivez toujours attentivement les instructions. Vous obtiendrez ainsi la meilleure r\u00e9colte possible. Bonne culture de champignons !<\/p>\n\t<div id=\"gap-1995213277\" class=\"gap-element clearfix\" style=\"display:block; height:auto;\">\n\t\t\n<style>\n#gap-1995213277 {\n  padding-top: 30px;\n}\n<\/style>\n\t<\/div>\n\t\n\n<span class=\"scroll-to\" data-label=\"Scroll to: #growkit1\" data-bullet=\"true\" data-link=\"#growkit1\" data-title=\"General grow kit instructions\"><a name=\"growkit1\"><\/a><\/span>\n\n<div class=\"container section-title-container\" ><h2 class=\"section-title section-title-normal\"><b aria-hidden=\"true\"><\/b><span class=\"section-title-main\" >Instructions g\u00e9n\u00e9rales pour le kit de culture<\/span><b aria-hidden=\"true\"><\/b><\/h2><\/div>\n\n\n  \n    <div class=\"row  lightbox-multi-gallery large-columns-2 medium-columns- small-columns-\" >\n  <div class=\"gallery-col col\" >\n          <div class=\"col-inner\">\n            <a class=\"\" href=\"https:\/\/www.headshop.nl\/wp-content\/uploads\/2023\/08\/GrowKit-instructies-ENG_STAP-4-tm-7-564x800.jpg\" title=\"Magic mushrrom paddo grow kit instructions front the Headshop Amsterdam\">            <div class=\"box has-hover gallery-box box-none\">\n              <div class=\"box-image\" >\n                <img loading=\"lazy\" decoding=\"async\" width=\"423\" height=\"600\" src=\"https:\/\/www.headshop.nl\/wp-content\/uploads\/2023\/08\/GrowKit-instructies-ENG_STAP-4-tm-7-423x600.jpg\" class=\"attachment-medium size-medium\" alt=\"Magic mushrrom paddo grow kit instructions front the Headshop Amsterdam\" ids=\"75413,75415\" style=\"none\" columns=\"2\" srcset=\"https:\/\/www.headshop.nl\/wp-content\/uploads\/2023\/08\/GrowKit-instructies-ENG_STAP-4-tm-7-423x600.jpg 423w, https:\/\/www.headshop.nl\/wp-content\/uploads\/2023\/08\/GrowKit-instructies-ENG_STAP-4-tm-7-564x800.jpg 564w, https:\/\/www.headshop.nl\/wp-content\/uploads\/2023\/08\/GrowKit-instructies-ENG_STAP-4-tm-7-268x380.jpg 268w, https:\/\/www.headshop.nl\/wp-content\/uploads\/2023\/08\/GrowKit-instructies-ENG_STAP-4-tm-7-768x1090.jpg 768w, https:\/\/www.headshop.nl\/wp-content\/uploads\/2023\/08\/GrowKit-instructies-ENG_STAP-4-tm-7-420x596.jpg 420w, https:\/\/www.headshop.nl\/wp-content\/uploads\/2023\/08\/GrowKit-instructies-ENG_STAP-4-tm-7-64x91.jpg 64w, https:\/\/www.headshop.nl\/wp-content\/uploads\/2023\/08\/GrowKit-instructies-ENG_STAP-4-tm-7.jpg 874w\" sizes=\"auto, (max-width: 423px) 100vw, 423px\" \/>                                                              <\/div>\n              <div class=\"box-text text-left\" >\n                 <p>Magic mushrrom paddo grow kit instructions front the Headshop Amsterdam<\/p>\n              <\/div>\n            <\/div>\n            <\/a>          <\/div>\n         <\/div><div class=\"gallery-col col\" >\n          <div class=\"col-inner\">\n            <a class=\"\" href=\"https:\/\/www.headshop.nl\/wp-content\/uploads\/2023\/08\/GrowKit-instructies-ENG_STAP-4-tm-72-564x800.jpg\" title=\"La magie mushrrom paddo grow kit instructions de retour le Headshop Amsterdam\">            <div class=\"box has-hover gallery-box box-none\">\n              <div class=\"box-image\" >\n                <img loading=\"lazy\" decoding=\"async\" width=\"423\" height=\"600\" src=\"https:\/\/www.headshop.nl\/wp-content\/uploads\/2023\/08\/GrowKit-instructies-ENG_STAP-4-tm-72-423x600.jpg\" class=\"attachment-medium size-medium\" alt=\"La magie mushrrom paddo grow kit instructions de retour le Headshop Amsterdam\" ids=\"75413,75415\" style=\"none\" columns=\"2\" srcset=\"https:\/\/www.headshop.nl\/wp-content\/uploads\/2023\/08\/GrowKit-instructies-ENG_STAP-4-tm-72-423x600.jpg 423w, https:\/\/www.headshop.nl\/wp-content\/uploads\/2023\/08\/GrowKit-instructies-ENG_STAP-4-tm-72-564x800.jpg 564w, https:\/\/www.headshop.nl\/wp-content\/uploads\/2023\/08\/GrowKit-instructies-ENG_STAP-4-tm-72-268x380.jpg 268w, https:\/\/www.headshop.nl\/wp-content\/uploads\/2023\/08\/GrowKit-instructies-ENG_STAP-4-tm-72-768x1090.jpg 768w, https:\/\/www.headshop.nl\/wp-content\/uploads\/2023\/08\/GrowKit-instructies-ENG_STAP-4-tm-72-420x596.jpg 420w, https:\/\/www.headshop.nl\/wp-content\/uploads\/2023\/08\/GrowKit-instructies-ENG_STAP-4-tm-72-64x91.jpg 64w, https:\/\/www.headshop.nl\/wp-content\/uploads\/2023\/08\/GrowKit-instructies-ENG_STAP-4-tm-72.jpg 874w\" sizes=\"auto, (max-width: 423px) 100vw, 423px\" \/>                                                              <\/div>\n              <div class=\"box-text text-left\" >\n                 <p>La magie mushrrom paddo grow kit instructions de retour le Headshop Amsterdam<\/p>\n              <\/div>\n            <\/div>\n            <\/a>          <\/div>\n         <\/div><\/div>\n\n<div class=\"row\"  id=\"row-732761753\">\n\n\n\t<div id=\"col-1160309911\" class=\"col medium-6 small-12 large-6\"  >\n\t\t\t\t<div class=\"col-inner\"  >\n\t\t\t\n\t\t\t\n\n<p><strong>\u00c9tape 1<\/strong><\/p>\n<p>Lavez-vous soigneusement les mains et nettoyez l'ext\u00e9rieur de la trousse de culture avec un chiffon sec. Retirez le couvercle et gardez-le pour l'\u00e9tape 2.<\/p>\n<p><strong>\u00c9tape 2<\/strong><\/p>\n<p>Remplissez le bac de culture jusqu'au bord avec de l'eau ti\u00e8de (20\u00b0C), remettez le couvercle sur le bac de culture et laissez-le tremper pendant 5 minutes. Important : ne jamais laisser tremper le kit de culture pendant plus d'une heure.<\/p>\n<p><strong>\u00c9tape 3<\/strong><\/p>\n<p>Retirez le couvercle de la trousse de culture et videz bien l'eau. Laissez la bo\u00eete de culture s'\u00e9goutter pendant 10 secondes.<\/p>\n<p><strong>\u00c9tape 4<\/strong><\/p>\n<p>Placez le kit de culture dans le sac de culture et remplissez le sac d'une tasse (200-250ml) d'eau ti\u00e8de (20\u00b0C). Pliez ensuite le haut du sac et fermez-le avec 2 trombones.<\/p>\n\n\t\t<\/div>\n\t\t\t\t\t<\/div>\n\n\t\n\n\t<div id=\"col-1672370670\" class=\"col medium-6 small-12 large-6\"  >\n\t\t\t\t<div class=\"col-inner\"  >\n\t\t\t\n\t\t\t\n\n<p><strong>\u00c9tape 5<\/strong><\/p>\n<p>Placer le bac de culture dans un endroit o\u00f9 la temp\u00e9rature moyenne de la pi\u00e8ce est de 20-25\u00b0C. Veillez \u00e0 ce que la chambre de culture ne soit pas expos\u00e9e \u00e0 la lumi\u00e8re directe du soleil, ni sous une lampe, ni \u00e0 proximit\u00e9 d'un radiateur ou d'une source de chaleur. Important : le sac doit rester ferm\u00e9 jusqu'\u00e0 ce que les premi\u00e8res t\u00eates d'\u00e9pingle se forment. Jusqu'\u00e0 ce moment, la teneur en CO2 et l'humidit\u00e9 \u00e0 l'int\u00e9rieur du sac doivent \u00eatre aussi \u00e9lev\u00e9es que possible.<\/p>\n<p><strong>\u00c9tape 6<\/strong><\/p>\n<p>Lorsque les premi\u00e8res t\u00eates d'\u00e9pingle* sont visibles, faites entrer quotidiennement de l'air frais dans le sac de culture (pendant quelques minutes) et humidifiez le kit de culture \u00e0 l'aide d'un flacon pulv\u00e9risateur. *Les t\u00eates d'\u00e9pingle sont les premi\u00e8res formes visibles de minuscules chapeaux de champignons. Cela peut prendre 10 \u00e0 20 jours pour que les premi\u00e8res t\u00eates d'\u00e9pingle soient visibles.<\/p>\n<p><strong>\u00c9tape 7<\/strong><\/p>\n<p>Les champignons peuvent \u00eatre r\u00e9colt\u00e9s juste avant que les membranes situ\u00e9es \u00e0 la base du chapeau ne s'ouvrent. Pendant la cueillette, saisissez d\u00e9licatement le pied et tournez-le de gauche \u00e0 droite. Lorsque le champignon se d\u00e9tache, tirez-le avec le plus de pr\u00e9cautions possible. <strong>Important :<\/strong> le champignon doit \u00eatre compl\u00e8tement enlev\u00e9 pour laisser la place \u00e0 un nouveau champignon.<\/p>\n<p><strong>\u00c9tape 8<\/strong><\/p>\n<p><strong>F\u00e9licitations<\/strong>La r\u00e9colte est termin\u00e9e. Il est maintenant possible de cultiver une nouvelle pouss\u00e9e de champignons en r\u00e9p\u00e9tant les \u00e9tapes 4 \u00e0 7.<\/p>\n\n\t\t<\/div>\n\t\t\t\t\t<\/div>\n\n\t\n\n<\/div>\n<div class=\"row\"  id=\"row-1490409534\">\n\n\n\t<div id=\"col-1670374874\" class=\"col medium-6 small-12 large-6\"  >\n\t\t\t\t<div class=\"col-inner text-left\"  >\n\t\t\t\n\t<div class=\"is-border\"\n\t\tstyle=\"border-color:rgb(0, 0, 0);border-width:1px 1px 1px 1;margin:0px -10px 0px -10px;\">\n\t<\/div>\n\t\t\t\n\n<div class=\"row\"  id=\"row-1875612678\">\n\n\n\t<div id=\"col-1049305287\" class=\"col small-12 large-12\"  >\n\t\t\t\t<div class=\"col-inner\"  >\n\t\t\t\n\t\t\t\n\n\t<div id=\"text-3443964790\" class=\"text\">\n\t\t\n\n<table>\n<tbody>\n<tr>\n<td style=\"width: 332.25px;\">\n<h3><strong>Conseil 1<\/strong><\/h3>\n<p>Veillez \u00e0 ce que votre kit de culture soit toujours humide. Il est \u00e9galement important que le kit de culture ne se dess\u00e8che pas entre les \u00e9tapes 5 et 6. Dans ce cas, vous pouvez ouvrir le sac et humidifier \u00e0 nouveau le kit de culture.<\/p>\n<\/td>\n<td style=\"width: 204.75px;\"><img loading=\"lazy\" decoding=\"async\" class=\"alignnone wp-image-24750 size-full\" src=\"http:\/\/www.headshop.nl\/wp-content\/uploads\/2022\/05\/Stap-1.jpg\" alt=\"\" width=\"300\" height=\"300\"><\/td>\n<\/tr>\n<\/tbody>\n<\/table>\n\t\t\n<style>\n#text-3443964790 {\n  font-size: 1.15rem;\n}\n@media (min-width:550px) {\n  #text-3443964790 {\n    font-size: 1rem;\n  }\n}\n<\/style>\n\t<\/div>\n\t\n\n\t\t<\/div>\n\t\t\t\t\t<\/div>\n\n\t\n\n<\/div>\n\n\t\t<\/div>\n\t\t\t\t\n<style>\n#col-1670374874 > .col-inner {\n  padding: 0px 0px 0px 0px;\n  margin: 0px 0px 25px 0px;\n}\n<\/style>\n\t<\/div>\n\n\t\n\n\t<div id=\"col-116813058\" class=\"col medium-6 small-12 large-6\"  >\n\t\t\t\t<div class=\"col-inner text-left\"  >\n\t\t\t\n\t<div class=\"is-border\"\n\t\tstyle=\"border-color:rgb(0, 0, 0);border-width:1px 1px 1px 1;margin:0px -10px 0px -10px;\">\n\t<\/div>\n\t\t\t\n\n<div class=\"row\"  id=\"row-1611744468\">\n\n\n\t<div id=\"col-695510505\" class=\"col small-12 large-12\"  >\n\t\t\t\t<div class=\"col-inner\"  >\n\t\t\t\n\t\t\t\n\n\t<div id=\"text-63422306\" class=\"text\">\n\t\t\n\n<table>\n<tbody>\n<tr>\n<td style=\"width: 332.25px;\">\n<h3><strong>Conseil 2<\/strong><\/h3>\n<p>Manipulez votre kit de culture avec soin, cela augmentera les chances d'obtenir un meilleur rendement lors de la prochaine pouss\u00e9e.<\/p>\n<\/td>\n<td style=\"width: 204.75px;\"><img loading=\"lazy\" decoding=\"async\" class=\"alignnone size-full wp-image-43156\" src=\"http:\/\/www.headshop.nl\/wp-content\/uploads\/2022\/05\/Stap-2.jpg\" alt=\"\" width=\"300\" height=\"300\" data-wp-editing=\"1\" srcset=\"https:\/\/www.headshop.nl\/wp-content\/uploads\/2022\/05\/Stap-2.jpg 300w, https:\/\/www.headshop.nl\/wp-content\/uploads\/2022\/05\/Stap-2-100x100.jpg 100w, https:\/\/www.headshop.nl\/wp-content\/uploads\/2022\/05\/Stap-2-64x64.jpg 64w\" sizes=\"auto, (max-width: 300px) 100vw, 300px\" \/><\/td>\n<\/tr>\n<\/tbody>\n<\/table>\n\t\t\n<style>\n#text-63422306 {\n  font-size: 1rem;\n}\n<\/style>\n\t<\/div>\n\t\n\n\t\t<\/div>\n\t\t\t\t\t<\/div>\n\n\t\n\n<\/div>\n\n\t\t<\/div>\n\t\t\t\t\n<style>\n#col-116813058 > .col-inner {\n  padding: 0px 0px 0px 0px;\n  margin: 0px 0px 25px 0px;\n}\n<\/style>\n\t<\/div>\n\n\t\n\n\t<div id=\"col-1125262197\" class=\"col medium-6 small-12 large-6\"  >\n\t\t\t\t<div class=\"col-inner text-left\"  >\n\t\t\t\n\t<div class=\"is-border\"\n\t\tstyle=\"border-color:rgb(0, 0, 0);border-width:1px 1px 1px 1;margin:0px -10px 0px -10px;\">\n\t<\/div>\n\t\t\t\n\n<div class=\"row\"  id=\"row-818790855\">\n\n\n\t<div id=\"col-256977804\" class=\"col small-12 large-12\"  >\n\t\t\t\t<div class=\"col-inner\"  >\n\t\t\t\n\t\t\t\n\n\t<div id=\"text-2611648327\" class=\"text\">\n\t\t\n\n<table>\n<tbody>\n<tr>\n<td style=\"width: 332.25px;\">\n<h3><strong>Conseil 3<\/strong><\/h3>\n<p>Vous ne savez pas quand cueillir vos champignons ? Mieux vaut une cueillette pr\u00e9coce qu'une cueillette trop tardive.<\/p>\n<\/td>\n<td style=\"width: 204.75px;\"><img loading=\"lazy\" decoding=\"async\" class=\"alignnone size-full wp-image-43158\" src=\"http:\/\/www.headshop.nl\/wp-content\/uploads\/2022\/05\/Stap-3.jpg\" alt=\"\" width=\"300\" height=\"300\" srcset=\"https:\/\/www.headshop.nl\/wp-content\/uploads\/2022\/05\/Stap-3.jpg 300w, https:\/\/www.headshop.nl\/wp-content\/uploads\/2022\/05\/Stap-3-100x100.jpg 100w, https:\/\/www.headshop.nl\/wp-content\/uploads\/2022\/05\/Stap-3-64x64.jpg 64w\" sizes=\"auto, (max-width: 300px) 100vw, 300px\" \/><\/td>\n<\/tr>\n<\/tbody>\n<\/table>\n\t\t\n<style>\n#text-2611648327 {\n  font-size: 1rem;\n}\n<\/style>\n\t<\/div>\n\t\n\n\t\t<\/div>\n\t\t\t\t\t<\/div>\n\n\t\n\n<\/div>\n\n\t\t<\/div>\n\t\t\t\t\n<style>\n#col-1125262197 > .col-inner {\n  padding: 0px 0px 0px 0px;\n  margin: 0px 0px 25px 0px;\n}\n<\/style>\n\t<\/div>\n\n\t\n\n\t<div id=\"col-450808746\" class=\"col medium-6 small-12 large-6\"  >\n\t\t\t\t<div class=\"col-inner text-left\"  >\n\t\t\t\n\t<div class=\"is-border\"\n\t\tstyle=\"border-color:rgb(0, 0, 0);border-width:1px 1px 1px 1;margin:0px -10px 0px -10px;\">\n\t<\/div>\n\t\t\t\n\n<div class=\"row\"  id=\"row-404893722\">\n\n\n\t<div id=\"col-649633927\" class=\"col small-12 large-12\"  >\n\t\t\t\t<div class=\"col-inner\"  >\n\t\t\t\n\t\t\t\n\n\t<div id=\"text-3250165838\" class=\"text\">\n\t\t\n\n<table>\n<tbody>\n<tr>\n<td style=\"width: 332.25px;\">\n<h3><strong>Conseil 4<\/strong><\/h3>\n<p>Une temp\u00e9rature trop basse peut entra\u00eener le non-fonctionnement du kit de culture. Veillez \u00e0 ce que la temp\u00e9rature ne descende jamais en dessous de 20 degr\u00e9s. Veillez \u00e0 ce que la temp\u00e9rature ne soit pas abaiss\u00e9e la nuit.<\/p>\n<\/td>\n<td style=\"width: 204.75px;\"><img loading=\"lazy\" decoding=\"async\" class=\"alignnone size-full wp-image-43160\" src=\"http:\/\/www.headshop.nl\/wp-content\/uploads\/2022\/05\/Stap-4.jpg\" alt=\"\" width=\"300\" height=\"300\" srcset=\"https:\/\/www.headshop.nl\/wp-content\/uploads\/2022\/05\/Stap-4.jpg 300w, https:\/\/www.headshop.nl\/wp-content\/uploads\/2022\/05\/Stap-4-100x100.jpg 100w, https:\/\/www.headshop.nl\/wp-content\/uploads\/2022\/05\/Stap-4-64x64.jpg 64w\" sizes=\"auto, (max-width: 300px) 100vw, 300px\" \/><\/td>\n<\/tr>\n<\/tbody>\n<\/table>\n\t\t\n<style>\n#text-3250165838 {\n  font-size: 1rem;\n}\n<\/style>\n\t<\/div>\n\t\n\n\t\t<\/div>\n\t\t\t\t\t<\/div>\n\n\t\n\n<\/div>\n\n\t\t<\/div>\n\t\t\t\t\n<style>\n#col-450808746 > .col-inner {\n  padding: 0px 0px 0px 0px;\n  margin: 0px 0px 25px 0px;\n}\n<\/style>\n\t<\/div>\n\n\t\n\n<\/div>\n<span class=\"scroll-to\" data-label=\"Scroll to: #growkit2\" data-bullet=\"true\" data-link=\"#growkit2\" data-title=\"Hawaiian Copelandia Cyanesens instructions\"><a name=\"growkit2\"><\/a><\/span>\n\n<div class=\"container section-title-container\" ><h2 class=\"section-title section-title-normal\"><b aria-hidden=\"true\"><\/b><span class=\"section-title-main\" >Hawaiian Copelandia Cyanesens instructions<\/span><b aria-hidden=\"true\"><\/b><\/h2><\/div>\n\n<p>Vous trouverez ci-dessous les instructions pour le kit de culture Hawaiian Copelandia. Ce kit de culture n\u00e9cessite une attention particuli\u00e8re, lisez attentivement les instructions.<\/p>\n\n  \n    <div class=\"row  lightbox-multi-gallery large-columns-2 medium-columns- small-columns-\" >\n  <div class=\"gallery-col col\" >\n          <div class=\"col-inner\">\n            <a class=\"\" href=\"https:\/\/www.headshop.nl\/wp-content\/uploads\/2022\/08\/Hawaiian-GrowKit-instructies-ENG-Front-564x800.jpg\" title=\"\">            <div class=\"box has-hover gallery-box box-none\">\n              <div class=\"box-image\" >\n                <img loading=\"lazy\" decoding=\"async\" width=\"423\" height=\"600\" src=\"https:\/\/www.headshop.nl\/wp-content\/uploads\/2022\/08\/Hawaiian-GrowKit-instructies-ENG-Front-423x600.jpg\" class=\"attachment-medium size-medium\" alt=\"Hawaiian-GrowKit instructions-ENG-Front\" ids=\"47067,47065\" style=\"none\" columns=\"2\" srcset=\"https:\/\/www.headshop.nl\/wp-content\/uploads\/2022\/08\/Hawaiian-GrowKit-instructies-ENG-Front-423x600.jpg 423w, https:\/\/www.headshop.nl\/wp-content\/uploads\/2022\/08\/Hawaiian-GrowKit-instructies-ENG-Front-564x800.jpg 564w, https:\/\/www.headshop.nl\/wp-content\/uploads\/2022\/08\/Hawaiian-GrowKit-instructies-ENG-Front-268x380.jpg 268w, https:\/\/www.headshop.nl\/wp-content\/uploads\/2022\/08\/Hawaiian-GrowKit-instructies-ENG-Front-768x1090.jpg 768w, https:\/\/www.headshop.nl\/wp-content\/uploads\/2022\/08\/Hawaiian-GrowKit-instructies-ENG-Front-420x596.jpg 420w, https:\/\/www.headshop.nl\/wp-content\/uploads\/2022\/08\/Hawaiian-GrowKit-instructies-ENG-Front-64x91.jpg 64w, https:\/\/www.headshop.nl\/wp-content\/uploads\/2022\/08\/Hawaiian-GrowKit-instructies-ENG-Front.jpg 874w\" sizes=\"auto, (max-width: 423px) 100vw, 423px\" \/>                                                              <\/div>\n              <div class=\"box-text text-left\" >\n                 <p><\/p>\n              <\/div>\n            <\/div>\n            <\/a>          <\/div>\n         <\/div><div class=\"gallery-col col\" >\n          <div class=\"col-inner\">\n            <a class=\"\" href=\"https:\/\/www.headshop.nl\/wp-content\/uploads\/2022\/08\/Hawaiian-GrowKit-instructies-ENG-Back-564x800.jpg\" title=\"\">            <div class=\"box has-hover gallery-box box-none\">\n              <div class=\"box-image\" >\n                <img loading=\"lazy\" decoding=\"async\" width=\"423\" height=\"600\" src=\"https:\/\/www.headshop.nl\/wp-content\/uploads\/2022\/08\/Hawaiian-GrowKit-instructies-ENG-Back-423x600.jpg\" class=\"attachment-medium size-medium\" alt=\"Hawaiian-GrowKit instructions-ENG-Back\" ids=\"47067,47065\" style=\"none\" columns=\"2\" srcset=\"https:\/\/www.headshop.nl\/wp-content\/uploads\/2022\/08\/Hawaiian-GrowKit-instructies-ENG-Back-423x600.jpg 423w, https:\/\/www.headshop.nl\/wp-content\/uploads\/2022\/08\/Hawaiian-GrowKit-instructies-ENG-Back-564x800.jpg 564w, https:\/\/www.headshop.nl\/wp-content\/uploads\/2022\/08\/Hawaiian-GrowKit-instructies-ENG-Back-268x380.jpg 268w, https:\/\/www.headshop.nl\/wp-content\/uploads\/2022\/08\/Hawaiian-GrowKit-instructies-ENG-Back-768x1090.jpg 768w, https:\/\/www.headshop.nl\/wp-content\/uploads\/2022\/08\/Hawaiian-GrowKit-instructies-ENG-Back-420x596.jpg 420w, https:\/\/www.headshop.nl\/wp-content\/uploads\/2022\/08\/Hawaiian-GrowKit-instructies-ENG-Back-64x91.jpg 64w, https:\/\/www.headshop.nl\/wp-content\/uploads\/2022\/08\/Hawaiian-GrowKit-instructies-ENG-Back.jpg 874w\" sizes=\"auto, (max-width: 423px) 100vw, 423px\" \/>                                                              <\/div>\n              <div class=\"box-text text-left\" >\n                 <p><\/p>\n              <\/div>\n            <\/div>\n            <\/a>          <\/div>\n         <\/div><\/div>\n\n<div class=\"row\"  id=\"row-253241\">\n\n\n\t<div id=\"col-1902502867\" class=\"col medium-6 small-12 large-6\"  >\n\t\t\t\t<div class=\"col-inner\"  >\n\t\t\t\n\t\t\t\n\n<p><strong>\u00c9tape 1<\/strong><\/p>\n<p>Ouvrez la bo\u00eete et sortez le contenu : le kit de culture, le sac de culture, deux plateaux de terre noire et un trombone.<\/p>\n<p><strong>\u00c9tape 2<\/strong><\/p>\n<p>Lavez-vous soigneusement les mains avec du savon et retirez le couvercle du kit de culture. R\u00e9partissez la terre noire uniform\u00e9ment sur le kit de culture.<\/p>\n<p><strong>\u00c9tape 3<\/strong><\/p>\n<p>Vaporisez la couche sup\u00e9rieure du kit avec de l'eau et assurez-vous qu'elle est humide. Vaporisez \u00e9galement l'int\u00e9rieur du sac. Assurez-vous qu'il y a suffisamment d'oxyg\u00e8ne dans le sac et mettez-le dans le kit de culture. Fermez le sac avec le trombone.<\/p>\n<p><strong>\u00c9tape 4<\/strong><\/p>\n<p>Veillez \u00e0 vaporiser le kit de culture tous les jours et \u00e0 lui donner de l'oxyg\u00e8ne frais. Vous pouvez presser le sac pour vous assurer que l'oxyg\u00e8ne se rafra\u00eechit. Il est important de maintenir la couche sup\u00e9rieure du kit humide.<\/p>\n\n\t\t<\/div>\n\t\t\t\t\t<\/div>\n\n\t\n\n\t<div id=\"col-1550192245\" class=\"col medium-6 small-12 large-6\"  >\n\t\t\t\t<div class=\"col-inner\"  >\n\t\t\t\n\t\t\t\n\n<p><strong>\u00c9tape 5<\/strong><\/p>\n<p>Apr\u00e8s 6 \u00e0 11 jours, les premiers champignons se forment. A ce moment-l\u00e0, vous pouvez sortir bri\u00e8vement le kit du sac. Vaporisez l'int\u00e9rieur du sac et remettez le kit de culture dans le sac. (Les champignons Hawaiian n'aiment pas le contact direct avec l'eau).<\/p>\n<p><strong>\u00c9tape 6<\/strong><\/p>\n<p>Environ 5 \u00e0 7 jours apr\u00e8s le d\u00e9but de la croissance des champignons, ils sont pr\u00eats \u00e0 \u00eatre cueillis. Commencez \u00e0 les cueillir juste avant que les chapeaux ne commencent \u00e0 s'ouvrir. Essayez de le faire juste avant que les premi\u00e8res spores noires ne tombent, mais ne vous inqui\u00e9tez pas si c'est d\u00e9j\u00e0 le cas. Lavez-vous les mains et retirez soigneusement les champignons du kit.<\/p>\n<p><strong>\u00c9tape 7<\/strong><\/p>\n<p>Une fois la r\u00e9colte termin\u00e9e, vous pouvez r\u00e9p\u00e9ter l'ensemble du processus \u00e0 partir de l'\u00e9tape 3 (brumisation) et le cycle se r\u00e9p\u00e8tera. La chose la plus importante est de garder le kit de culture humide et de s'assurer qu'il re\u00e7oit de l'air frais tous les jours. Gardez \u00e0 l'esprit que le Copelandia Hawaiian est un produit beaucoup plus d\u00e9licat que les autres kits de culture de champignons.<\/p>\n\n\t\t<\/div>\n\t\t\t\t\t<\/div>\n\n\t\n\n<\/div>","protected":false},"excerpt":{"rendered":"","protected":false},"author":807,"featured_media":0,"parent":0,"menu_order":0,"comment_status":"closed","ping_status":"closed","template":"","meta":{"footnotes":""},"class_list":["post-40560","page","type-page","status-publish","hentry"],"_links":{"self":[{"href":"https:\/\/www.headshop.nl\/fr\/wp-json\/wp\/v2\/pages\/40560","targetHints":{"allow":["GET"]}}],"collection":[{"href":"https:\/\/www.headshop.nl\/fr\/wp-json\/wp\/v2\/pages"}],"about":[{"href":"https:\/\/www.headshop.nl\/fr\/wp-json\/wp\/v2\/types\/page"}],"author":[{"embeddable":true,"href":"https:\/\/www.headshop.nl\/fr\/wp-json\/wp\/v2\/users\/807"}],"replies":[{"embeddable":true,"href":"https:\/\/www.headshop.nl\/fr\/wp-json\/wp\/v2\/comments?post=40560"}],"version-history":[{"count":0,"href":"https:\/\/www.headshop.nl\/fr\/wp-json\/wp\/v2\/pages\/40560\/revisions"}],"wp:attachment":[{"href":"https:\/\/www.headshop.nl\/fr\/wp-json\/wp\/v2\/media?parent=40560"}],"curies":[{"name":"wp","href":"https:\/\/api.w.org\/{rel}","templated":true}]}}